{"id":10,"date":"2021-02-04T09:21:00","date_gmt":"2021-02-04T08:21:00","guid":{"rendered":"http:\/\/bpf.flaw.uniba.sk\/?page_id=10"},"modified":"2026-02-06T11:13:42","modified_gmt":"2026-02-06T10:13:42","slug":"kontakt","status":"publish","type":"page","link":"https:\/\/bpf.flaw.uniba.sk\/en\/kontakt\/","title":{"rendered":"Contact"},"content":{"rendered":"<div class=\"wp-block-group\"><div class=\"wp-block-group__inner-container is-layout-flow wp-block-group-is-layout-flow\">\n<div class=\"wp-block-columns are-vertically-aligned-center is-layout-flex wp-container-core-columns-is-layout-9d6595d7 wp-block-columns-is-layout-flex\">\n<div class=\"wp-block-column is-vertically-aligned-center is-layout-flow wp-block-column-is-layout-flow\">\n<p>Organization Committee:<\/p>\n\n\n\n<ul class=\"wp-block-list\">\n<li>JUDr. Luk\u00e1\u0161 Turay, PhD. \u2013 Vice-Dean<\/li>\n\n\n\n<li>Mgr. Michaela Kahounov\u00e1<\/li>\n\n\n\n<li>Mgr. Ingrid Kmetzov\u00e1<\/li>\n\n\n\n<li>Mgr. Katar\u00edna H\u00f6rmannov\u00e1<\/li>\n<\/ul>\n\n\n\n<p class=\"has-primary-color has-text-color\">Contact email:&nbsp;<a href=\"mailto:bpf@flaw.uniba.sk\" rel=\"nofollow\">bpf@flaw.uniba.sk<\/a><\/p>\n<\/div>\n\n\n\n<div class=\"wp-block-column is-vertically-aligned-center is-layout-flow wp-block-column-is-layout-flow\"><p><iframe src=\"https:\/\/www.google.com\/maps\/embed?pb=!1m18!1m12!1m3!1d2662.394886571411!2d17.11377591616048!3d48.14119177922368!2m3!1f0!2f0!3f0!3m2!1i1024!2i768!4f13.1!3m3!1m2!1s0x476c8941e963f17d%3A0x8249392f27848682!2sUniverzita%20Komensk%C3%A9ho!5e0!3m2!1ssk!2ssk!4v1612442850691!5m2!1ssk!2ssk\" style=\"border:0;\" allowfullscreen=\"\" aria-hidden=\"false\" tabindex=\"0\" width=\"600\" height=\"450\" frameborder=\"0\"><\/iframe><\/p>\n<\/div>\n<\/div>\n<\/div><\/div>\n\n\n\n<hr class=\"wp-block-separator has-text-color has-primary-color has-css-opacity has-primary-background-color has-background is-style-default\"\/>\n\n\n\n<p class=\"has-text-align-center\"><strong>Scientific committee:<\/strong><\/p>\n\n\n\n<p class=\"has-text-align-center\">prof. JUDr. Eduard Burda, PhD.<\/p>\n\n\n\n<p class=\"has-text-align-center\">doc. JUDr. Boris Balog, PhD.<\/p>\n\n\n\n<p class=\"has-text-align-center\">doc. Mgr. Liudmyla Golovko, PhD.<\/p>\n\n\n\n<p class=\"has-text-align-center\">prof. JUDr. Mgr. Martina Gajdo\u0161ov\u00e1, PhD.<\/p>\n\n\n\n<p class=\"has-text-align-center\">doc. JUDr. Rudolf Kasinec, PhD.<\/p>\n\n\n\n<p class=\"has-text-align-center\">prof. JUDr. Mat\u00fa\u0161 Nemec, PhD.<\/p>\n\n\n\n<p class=\"has-text-align-center\">prof. doc. JUDr. Mgr. Vojtech Vlad\u00e1r, PhD.<\/p>\n\n\n\n<p class=\"has-text-align-center\">prof. Mgr. et Mgr. Ondrej Podolec, PhD.<\/p>\n\n\n\n<p class=\"has-text-align-center\">doc. JUDr. Jozef Andra\u0161ko, PhD.<\/p>\n\n\n\n<p class=\"has-text-align-center\">doc. JUDr. So\u0148a Sop\u00fachov\u00e1, PhD.<\/p>\n\n\n\n<p class=\"has-text-align-center\">prof. Mgr. J\u00e1n \u0160krob\u00e1k, PhD.<\/p>\n\n\n\n<p class=\"has-text-align-center\">JUDr. Maro\u0161 Pavlovi\u010d, PhD., LL.M.<\/p>\n\n\n\n<p class=\"has-text-align-center\">prof. JUDr. M\u00e1ria Srebalov\u00e1, PhD.<\/p>\n\n\n\n<p class=\"has-text-align-center\">JUDr. Mat\u00fa\u0161 Michalovi\u010d, PhD.<\/p>\n\n\n\n<p class=\"has-text-align-center\">prof. JUDr. Mari\u00e1n Vrabko, CSc.<\/p>\n\n\n\n<p class=\"has-text-align-center\">doc. Ing. Erika&nbsp;Neubauerov\u00e1, PhD.<\/p>\n\n\n\n<p class=\"has-text-align-center\">doc. JUDr. Peter Luk\u00e1\u010dka, PhD.<\/p>\n\n\n\n<p class=\"has-text-align-center\">doc. JUDr. Jana Dura\u010dinsk\u00e1, PhD.<\/p>\n\n\n\n<p class=\"has-text-align-center\">JUDr. Katar\u00edna Pramukov\u00e1<\/p>\n\n\n\n<p class=\"has-text-align-center\">prof. JUDr. Juraj Hamu\u013e\u00e1k, PhD.<\/p>\n\n\n\n<p class=\"has-text-align-center\">doc. JUDr. Lenka Freel, PhD.<\/p>\n\n\n\n<p class=\"has-text-align-center\">prof. JUDr. Marek \u0160tev\u010dek, DrSc.<\/p>\n\n\n\n<p class=\"has-text-align-center\">prof. JUDr. Svetlana Ficov\u00e1, CSc.<\/p>\n\n\n\n<p class=\"has-text-align-center\">doc. Mgr. Lenka Dufalov\u00e1, PhD.<\/p>\n\n\n\n<p class=\"has-text-align-center\">doc. JUDr. Martin Kri\u017ean, PhD.<\/p>\n\n\n\n<p class=\"has-text-align-center\">prof. JUDr. Ing. Ondrej Bla\u017eo, PhD.<\/p>\n\n\n\n<p class=\"has-text-align-center\">doc. JUDr. Hana Kov\u00e1\u010dikov\u00e1, PhD.<\/p>\n\n\n\n<p class=\"has-text-align-center\">doc. JUDr. M\u00e1ria T. Patakyov\u00e1, PhD.<\/p>\n\n\n\n<p class=\"has-text-align-center\">prof. JUDr. Jozef \u010cent\u00e9\u0161, DrSc.<\/p>\n\n\n\n<p class=\"has-text-align-center\">Dr. h. c. prof. JUDr. Lucia Kurilovsk\u00e1, PhD.<\/p>\n\n\n\n<p class=\"has-text-align-center\">doc. JUDr. Radovan Bla\u017eek, PhD.<\/p>\n\n\n\n<p class=\"has-text-align-center\">JUDr. Luk\u00e1\u0161 Turay, PhD.<\/p>\n\n\n\n<p class=\"has-text-align-center\">prof. JUDr. Tom\u00e1\u0161 Str\u00e9my, PhD.<\/p>\n\n\n\n<p class=\"has-text-align-center\">JUDr. Jakub \u013dorko, PhD.<\/p>\n\n\n\n<p class=\"has-text-align-center\">JUDr. Mgr. Iva Dud\u00e1\u0161ov\u00e1, PhD.<\/p>\n\n\n\n<p class=\"has-text-align-center\">Mgr. Sylvia Mi\u010d\u00edkov\u00e1, PhD.<\/p>","protected":false},"excerpt":{"rendered":"<p>Organiza\u010dn\u00fd t\u00edm konferencie: Kontaktn\u00fd e-mail:&nbsp;bpf@flaw.uniba.sk Vedeck\u00fd v\u00fdbor: prof. JUDr. Eduard Burda, PhD. doc. JUDr. Boris Balog, PhD. doc. Mgr. Liudmyla Golovko, PhD. prof. JUDr. Mgr. Martina Gajdo\u0161ov\u00e1, PhD. doc. JUDr. Rudolf Kasinec, PhD. prof. JUDr. Mat\u00fa\u0161 Nemec, PhD. prof. doc. JUDr. Mgr. Vojtech Vlad\u00e1r, PhD. prof. Mgr. et Mgr. Ondrej Podolec, PhD. doc. JUDr. Jozef [&hellip;]<\/p>\n","protected":false},"author":2,"featured_media":0,"parent":0,"menu_order":0,"comment_status":"closed","ping_status":"closed","template":"templates\/template-full-width.php","meta":{"ngg_post_thumbnail":0,"footnotes":""},"class_list":["post-10","page","type-page","status-publish","hentry"],"yoast_head":"<!-- This site is optimized with the Yoast SEO plugin v27.2 - https:\/\/yoast.com\/product\/yoast-seo-wordpress\/ -->\n<title>Kontakt - BPF<\/title>\n<meta name=\"robots\" content=\"index, follow, max-snippet:-1, max-image-preview:large, max-video-preview:-1\" \/>\n<link rel=\"canonical\" href=\"https:\/\/bpf.flaw.uniba.sk\/en\/kontakt\/\" \/>\n<meta property=\"og:locale\" content=\"en_US\" \/>\n<meta property=\"og:type\" content=\"article\" \/>\n<meta property=\"og:title\" content=\"Kontakt - BPF\" \/>\n<meta property=\"og:description\" content=\"Organiza\u010dn\u00fd t\u00edm konferencie: Kontaktn\u00fd e-mail:&nbsp;bpf@flaw.uniba.sk Vedeck\u00fd v\u00fdbor: prof. JUDr. Eduard Burda, PhD. doc. JUDr. Boris Balog, PhD. doc. Mgr. Liudmyla Golovko, PhD. prof. JUDr. Mgr. Martina Gajdo\u0161ov\u00e1, PhD. doc. JUDr. Rudolf Kasinec, PhD. prof. JUDr. Mat\u00fa\u0161 Nemec, PhD. prof. doc. JUDr. Mgr. Vojtech Vlad\u00e1r, PhD. prof. Mgr. et Mgr. Ondrej Podolec, PhD. doc. JUDr. Jozef [&hellip;]\" \/>\n<meta property=\"og:url\" content=\"https:\/\/bpf.flaw.uniba.sk\/en\/kontakt\/\" \/>\n<meta property=\"og:site_name\" content=\"BPF\" \/>\n<meta property=\"article:modified_time\" content=\"2026-02-06T10:13:42+00:00\" \/>\n<meta name=\"twitter:card\" content=\"summary_large_image\" \/>\n<meta name=\"twitter:label1\" content=\"Est. reading time\" \/>\n\t<meta name=\"twitter:data1\" content=\"2 minutes\" \/>\n<script type=\"application\/ld+json\" class=\"yoast-schema-graph\">{\"@context\":\"https:\/\/schema.org\",\"@graph\":[{\"@type\":\"WebPage\",\"@id\":\"https:\/\/bpf.flaw.uniba.sk\/kontakt\/\",\"url\":\"https:\/\/bpf.flaw.uniba.sk\/kontakt\/\",\"name\":\"Kontakt - BPF\",\"isPartOf\":{\"@id\":\"https:\/\/bpf.flaw.uniba.sk\/#website\"},\"datePublished\":\"2021-02-04T08:21:00+00:00\",\"dateModified\":\"2026-02-06T10:13:42+00:00\",\"breadcrumb\":{\"@id\":\"https:\/\/bpf.flaw.uniba.sk\/kontakt\/#breadcrumb\"},\"inLanguage\":\"en-US\",\"potentialAction\":[{\"@type\":\"ReadAction\",\"target\":[\"https:\/\/bpf.flaw.uniba.sk\/kontakt\/\"]}]},{\"@type\":\"BreadcrumbList\",\"@id\":\"https:\/\/bpf.flaw.uniba.sk\/kontakt\/#breadcrumb\",\"itemListElement\":[{\"@type\":\"ListItem\",\"position\":1,\"name\":\"Home\",\"item\":\"https:\/\/bpf.flaw.uniba.sk\/\"},{\"@type\":\"ListItem\",\"position\":2,\"name\":\"Kontakt\"}]},{\"@type\":\"WebSite\",\"@id\":\"https:\/\/bpf.flaw.uniba.sk\/#website\",\"url\":\"https:\/\/bpf.flaw.uniba.sk\/\",\"name\":\"BPF\",\"description\":\"\",\"publisher\":{\"@id\":\"https:\/\/bpf.flaw.uniba.sk\/#organization\"},\"potentialAction\":[{\"@type\":\"SearchAction\",\"target\":{\"@type\":\"EntryPoint\",\"urlTemplate\":\"https:\/\/bpf.flaw.uniba.sk\/?s={search_term_string}\"},\"query-input\":{\"@type\":\"PropertyValueSpecification\",\"valueRequired\":true,\"valueName\":\"search_term_string\"}}],\"inLanguage\":\"en-US\"},{\"@type\":\"Organization\",\"@id\":\"https:\/\/bpf.flaw.uniba.sk\/#organization\",\"name\":\"BPF\",\"url\":\"https:\/\/bpf.flaw.uniba.sk\/\",\"logo\":{\"@type\":\"ImageObject\",\"inLanguage\":\"en-US\",\"@id\":\"https:\/\/bpf.flaw.uniba.sk\/#\/schema\/logo\/image\/\",\"url\":\"https:\/\/bpf.flaw.uniba.sk\/wp-content\/uploads\/2026\/02\/sj-bpf-biele-scaled.png\",\"contentUrl\":\"https:\/\/bpf.flaw.uniba.sk\/wp-content\/uploads\/2026\/02\/sj-bpf-biele-scaled.png\",\"width\":2560,\"height\":863,\"caption\":\"BPF\"},\"image\":{\"@id\":\"https:\/\/bpf.flaw.uniba.sk\/#\/schema\/logo\/image\/\"}}]}<\/script>\n<!-- \/ Yoast SEO plugin. -->","yoast_head_json":{"title":"Kontakt - BPF","robots":{"index":"index","follow":"follow","max-snippet":"max-snippet:-1","max-image-preview":"max-image-preview:large","max-video-preview":"max-video-preview:-1"},"canonical":"https:\/\/bpf.flaw.uniba.sk\/en\/kontakt\/","og_locale":"en_US","og_type":"article","og_title":"Kontakt - BPF","og_description":"Organiza\u010dn\u00fd t\u00edm konferencie: Kontaktn\u00fd e-mail:&nbsp;bpf@flaw.uniba.sk Vedeck\u00fd v\u00fdbor: prof. JUDr. Eduard Burda, PhD. doc. JUDr. Boris Balog, PhD. doc. Mgr. Liudmyla Golovko, PhD. prof. JUDr. Mgr. Martina Gajdo\u0161ov\u00e1, PhD. doc. JUDr. Rudolf Kasinec, PhD. prof. JUDr. Mat\u00fa\u0161 Nemec, PhD. prof. doc. JUDr. Mgr. Vojtech Vlad\u00e1r, PhD. prof. Mgr. et Mgr. Ondrej Podolec, PhD. doc. JUDr. Jozef [&hellip;]","og_url":"https:\/\/bpf.flaw.uniba.sk\/en\/kontakt\/","og_site_name":"BPF","article_modified_time":"2026-02-06T10:13:42+00:00","twitter_card":"summary_large_image","twitter_misc":{"Est. reading time":"2 minutes"},"schema":{"@context":"https:\/\/schema.org","@graph":[{"@type":"WebPage","@id":"https:\/\/bpf.flaw.uniba.sk\/kontakt\/","url":"https:\/\/bpf.flaw.uniba.sk\/kontakt\/","name":"Kontakt - BPF","isPartOf":{"@id":"https:\/\/bpf.flaw.uniba.sk\/#website"},"datePublished":"2021-02-04T08:21:00+00:00","dateModified":"2026-02-06T10:13:42+00:00","breadcrumb":{"@id":"https:\/\/bpf.flaw.uniba.sk\/kontakt\/#breadcrumb"},"inLanguage":"en-US","potentialAction":[{"@type":"ReadAction","target":["https:\/\/bpf.flaw.uniba.sk\/kontakt\/"]}]},{"@type":"BreadcrumbList","@id":"https:\/\/bpf.flaw.uniba.sk\/kontakt\/#breadcrumb","itemListElement":[{"@type":"ListItem","position":1,"name":"Home","item":"https:\/\/bpf.flaw.uniba.sk\/"},{"@type":"ListItem","position":2,"name":"Kontakt"}]},{"@type":"WebSite","@id":"https:\/\/bpf.flaw.uniba.sk\/#website","url":"https:\/\/bpf.flaw.uniba.sk\/","name":"BLF","description":"","publisher":{"@id":"https:\/\/bpf.flaw.uniba.sk\/#organization"},"potentialAction":[{"@type":"SearchAction","target":{"@type":"EntryPoint","urlTemplate":"https:\/\/bpf.flaw.uniba.sk\/?s={search_term_string}"},"query-input":{"@type":"PropertyValueSpecification","valueRequired":true,"valueName":"search_term_string"}}],"inLanguage":"en-US"},{"@type":"Organization","@id":"https:\/\/bpf.flaw.uniba.sk\/#organization","name":"BLF","url":"https:\/\/bpf.flaw.uniba.sk\/","logo":{"@type":"ImageObject","inLanguage":"en-US","@id":"https:\/\/bpf.flaw.uniba.sk\/#\/schema\/logo\/image\/","url":"https:\/\/bpf.flaw.uniba.sk\/wp-content\/uploads\/2026\/02\/sj-bpf-biele-scaled.png","contentUrl":"https:\/\/bpf.flaw.uniba.sk\/wp-content\/uploads\/2026\/02\/sj-bpf-biele-scaled.png","width":2560,"height":863,"caption":"BPF"},"image":{"@id":"https:\/\/bpf.flaw.uniba.sk\/#\/schema\/logo\/image\/"}}]}},"_links":{"self":[{"href":"https:\/\/bpf.flaw.uniba.sk\/en\/wp-json\/wp\/v2\/pages\/10","targetHints":{"allow":["GET"]}}],"collection":[{"href":"https:\/\/bpf.flaw.uniba.sk\/en\/wp-json\/wp\/v2\/pages"}],"about":[{"href":"https:\/\/bpf.flaw.uniba.sk\/en\/wp-json\/wp\/v2\/types\/page"}],"author":[{"embeddable":true,"href":"https:\/\/bpf.flaw.uniba.sk\/en\/wp-json\/wp\/v2\/users\/2"}],"replies":[{"embeddable":true,"href":"https:\/\/bpf.flaw.uniba.sk\/en\/wp-json\/wp\/v2\/comments?post=10"}],"version-history":[{"count":48,"href":"https:\/\/bpf.flaw.uniba.sk\/en\/wp-json\/wp\/v2\/pages\/10\/revisions"}],"predecessor-version":[{"id":2639,"href":"https:\/\/bpf.flaw.uniba.sk\/en\/wp-json\/wp\/v2\/pages\/10\/revisions\/2639"}],"wp:attachment":[{"href":"https:\/\/bpf.flaw.uniba.sk\/en\/wp-json\/wp\/v2\/media?parent=10"}],"curies":[{"name":"wp","href":"https:\/\/api.w.org\/{rel}","templated":true}]}}