{"id":11,"date":"2021-02-04T09:21:00","date_gmt":"2021-02-04T08:21:00","guid":{"rendered":"http:\/\/bpf.flaw.uniba.sk\/?page_id=11"},"modified":"2026-02-17T09:08:24","modified_gmt":"2026-02-17T08:08:24","slug":"sekcia-kriminologie","status":"publish","type":"page","link":"https:\/\/bpf.flaw.uniba.sk\/en\/sekcia-kriminologie\/","title":{"rendered":"Section of Criminology"},"content":{"rendered":"<h2 class=\"wp-block-heading alignwide has-text-align-center\">Criminology in the 21st century: Dynamics of Crime, Sociopathological Phenomena and Societal Responses<\/h2>\n\n\n\n<p>The section focuses on current criminological issues related to the dynamics of crime and socially pathological phenomena in the conditions of modern 21st-century society. Attention is directed towards developmental trends in crime, the emergence of new forms of unlawful behaviour, as well as social, economic, technological, and cultural factors influencing their origin and spread.<br>The section provides a platform for presenting theoretical, empirical, and interdisciplinary approaches to the study of crime, including issues of crime prevention, criminal policy, responses of public authorities, as well as broader societal reactions to socially pathological phenomena. The discussion is open to contributions reflecting both traditional and emerging criminological phenomena, including issues of juvenile delinquency, economic and organised crime, cybercrime, extremism, and victimology.<br>The aim of the section is to promote professional discussion, the exchange of scientific knowledge, and the presentation of current research findings that contribute to a deeper understanding of crime and to the development of effective preventive and repressive mechanisms in contemporary society.<\/p>\n\n\n\n<p><strong>Guarantors of the section:<\/strong><\/p>\n\n\n\n<p>JUDr. Luk\u00e1\u0161 Turay, PhD.<\/p>\n\n\n\n<p>prof. JUDr. Tom\u00e1\u0161 Str\u00e9my, PhD.<\/p>\n\n\n\n<p>JUDr. Jakub \u013dorko, PhD.<\/p>","protected":false},"excerpt":{"rendered":"<p>Kriminol\u00f3gia v 21. storo\u010d\u00ed: dynamika kriminality, soci\u00e1lnopatologick\u00fdch javov a reakcie spolo\u010dnosti Sekcia je zameran\u00e1 na aktu\u00e1lne kriminologick\u00e9 ot\u00e1zky s\u00favisiace s dynamikou kriminality a soci\u00e1lnopatologick\u00fdch javov v podmienkach modernej spolo\u010dnosti 21. storo\u010dia. Pozornos\u0165 sa s\u00fastre\u010fuje na v\u00fdvojov\u00e9 trendy kriminality, vznik nov\u00fdch foriem protipr\u00e1vneho spr\u00e1vania, ako aj na spolo\u010densk\u00e9, ekonomick\u00e9, technologick\u00e9 a kult\u00farne faktory ovplyv\u0148uj\u00face ich vznik [&hellip;]<\/p>\n","protected":false},"author":2,"featured_media":0,"parent":0,"menu_order":0,"comment_status":"closed","ping_status":"closed","template":"","meta":{"ngg_post_thumbnail":0,"footnotes":""},"class_list":["post-11","page","type-page","status-publish","hentry"],"yoast_head":"<!-- This site is optimized with the Yoast SEO plugin v27.2 - https:\/\/yoast.com\/product\/yoast-seo-wordpress\/ -->\n<title>Sekcia kriminol\u00f3gie - BPF<\/title>\n<meta name=\"robots\" content=\"index, follow, max-snippet:-1, max-image-preview:large, max-video-preview:-1\" \/>\n<link rel=\"canonical\" href=\"https:\/\/bpf.flaw.uniba.sk\/en\/sekcia-kriminologie\/\" \/>\n<meta property=\"og:locale\" content=\"en_US\" \/>\n<meta property=\"og:type\" content=\"article\" \/>\n<meta property=\"og:title\" content=\"Sekcia kriminol\u00f3gie - BPF\" \/>\n<meta property=\"og:description\" content=\"Kriminol\u00f3gia v 21. storo\u010d\u00ed: dynamika kriminality, soci\u00e1lnopatologick\u00fdch javov a reakcie spolo\u010dnosti Sekcia je zameran\u00e1 na aktu\u00e1lne kriminologick\u00e9 ot\u00e1zky s\u00favisiace s dynamikou kriminality a soci\u00e1lnopatologick\u00fdch javov v podmienkach modernej spolo\u010dnosti 21. storo\u010dia. Pozornos\u0165 sa s\u00fastre\u010fuje na v\u00fdvojov\u00e9 trendy kriminality, vznik nov\u00fdch foriem protipr\u00e1vneho spr\u00e1vania, ako aj na spolo\u010densk\u00e9, ekonomick\u00e9, technologick\u00e9 a kult\u00farne faktory ovplyv\u0148uj\u00face ich vznik [&hellip;]\" \/>\n<meta property=\"og:url\" content=\"https:\/\/bpf.flaw.uniba.sk\/en\/sekcia-kriminologie\/\" \/>\n<meta property=\"og:site_name\" content=\"BPF\" \/>\n<meta property=\"article:modified_time\" content=\"2026-02-17T08:08:24+00:00\" \/>\n<meta name=\"twitter:card\" content=\"summary_large_image\" \/>\n<meta name=\"twitter:label1\" content=\"Est. reading time\" \/>\n\t<meta name=\"twitter:data1\" content=\"1 minute\" \/>\n<script type=\"application\/ld+json\" class=\"yoast-schema-graph\">{\"@context\":\"https:\/\/schema.org\",\"@graph\":[{\"@type\":\"WebPage\",\"@id\":\"https:\/\/bpf.flaw.uniba.sk\/sekcia-kriminologie\/\",\"url\":\"https:\/\/bpf.flaw.uniba.sk\/sekcia-kriminologie\/\",\"name\":\"Sekcia kriminol\u00f3gie - BPF\",\"isPartOf\":{\"@id\":\"https:\/\/bpf.flaw.uniba.sk\/#website\"},\"datePublished\":\"2021-02-04T08:21:00+00:00\",\"dateModified\":\"2026-02-17T08:08:24+00:00\",\"breadcrumb\":{\"@id\":\"https:\/\/bpf.flaw.uniba.sk\/sekcia-kriminologie\/#breadcrumb\"},\"inLanguage\":\"en-US\",\"potentialAction\":[{\"@type\":\"ReadAction\",\"target\":[\"https:\/\/bpf.flaw.uniba.sk\/sekcia-kriminologie\/\"]}]},{\"@type\":\"BreadcrumbList\",\"@id\":\"https:\/\/bpf.flaw.uniba.sk\/sekcia-kriminologie\/#breadcrumb\",\"itemListElement\":[{\"@type\":\"ListItem\",\"position\":1,\"name\":\"Home\",\"item\":\"https:\/\/bpf.flaw.uniba.sk\/\"},{\"@type\":\"ListItem\",\"position\":2,\"name\":\"Sekcia kriminol\u00f3gie\"}]},{\"@type\":\"WebSite\",\"@id\":\"https:\/\/bpf.flaw.uniba.sk\/#website\",\"url\":\"https:\/\/bpf.flaw.uniba.sk\/\",\"name\":\"BPF\",\"description\":\"\",\"publisher\":{\"@id\":\"https:\/\/bpf.flaw.uniba.sk\/#organization\"},\"potentialAction\":[{\"@type\":\"SearchAction\",\"target\":{\"@type\":\"EntryPoint\",\"urlTemplate\":\"https:\/\/bpf.flaw.uniba.sk\/?s={search_term_string}\"},\"query-input\":{\"@type\":\"PropertyValueSpecification\",\"valueRequired\":true,\"valueName\":\"search_term_string\"}}],\"inLanguage\":\"en-US\"},{\"@type\":\"Organization\",\"@id\":\"https:\/\/bpf.flaw.uniba.sk\/#organization\",\"name\":\"BPF\",\"url\":\"https:\/\/bpf.flaw.uniba.sk\/\",\"logo\":{\"@type\":\"ImageObject\",\"inLanguage\":\"en-US\",\"@id\":\"https:\/\/bpf.flaw.uniba.sk\/#\/schema\/logo\/image\/\",\"url\":\"https:\/\/bpf.flaw.uniba.sk\/wp-content\/uploads\/2026\/02\/sj-bpf-biele-scaled.png\",\"contentUrl\":\"https:\/\/bpf.flaw.uniba.sk\/wp-content\/uploads\/2026\/02\/sj-bpf-biele-scaled.png\",\"width\":2560,\"height\":863,\"caption\":\"BPF\"},\"image\":{\"@id\":\"https:\/\/bpf.flaw.uniba.sk\/#\/schema\/logo\/image\/\"}}]}<\/script>\n<!-- \/ Yoast SEO plugin. -->","yoast_head_json":{"title":"Sekcia kriminol\u00f3gie - BPF","robots":{"index":"index","follow":"follow","max-snippet":"max-snippet:-1","max-image-preview":"max-image-preview:large","max-video-preview":"max-video-preview:-1"},"canonical":"https:\/\/bpf.flaw.uniba.sk\/en\/sekcia-kriminologie\/","og_locale":"en_US","og_type":"article","og_title":"Sekcia kriminol\u00f3gie - BPF","og_description":"Kriminol\u00f3gia v 21. storo\u010d\u00ed: dynamika kriminality, soci\u00e1lnopatologick\u00fdch javov a reakcie spolo\u010dnosti Sekcia je zameran\u00e1 na aktu\u00e1lne kriminologick\u00e9 ot\u00e1zky s\u00favisiace s dynamikou kriminality a soci\u00e1lnopatologick\u00fdch javov v podmienkach modernej spolo\u010dnosti 21. storo\u010dia. Pozornos\u0165 sa s\u00fastre\u010fuje na v\u00fdvojov\u00e9 trendy kriminality, vznik nov\u00fdch foriem protipr\u00e1vneho spr\u00e1vania, ako aj na spolo\u010densk\u00e9, ekonomick\u00e9, technologick\u00e9 a kult\u00farne faktory ovplyv\u0148uj\u00face ich vznik [&hellip;]","og_url":"https:\/\/bpf.flaw.uniba.sk\/en\/sekcia-kriminologie\/","og_site_name":"BPF","article_modified_time":"2026-02-17T08:08:24+00:00","twitter_card":"summary_large_image","twitter_misc":{"Est. reading time":"1 minute"},"schema":{"@context":"https:\/\/schema.org","@graph":[{"@type":"WebPage","@id":"https:\/\/bpf.flaw.uniba.sk\/sekcia-kriminologie\/","url":"https:\/\/bpf.flaw.uniba.sk\/sekcia-kriminologie\/","name":"Sekcia kriminol\u00f3gie - BPF","isPartOf":{"@id":"https:\/\/bpf.flaw.uniba.sk\/#website"},"datePublished":"2021-02-04T08:21:00+00:00","dateModified":"2026-02-17T08:08:24+00:00","breadcrumb":{"@id":"https:\/\/bpf.flaw.uniba.sk\/sekcia-kriminologie\/#breadcrumb"},"inLanguage":"en-US","potentialAction":[{"@type":"ReadAction","target":["https:\/\/bpf.flaw.uniba.sk\/sekcia-kriminologie\/"]}]},{"@type":"BreadcrumbList","@id":"https:\/\/bpf.flaw.uniba.sk\/sekcia-kriminologie\/#breadcrumb","itemListElement":[{"@type":"ListItem","position":1,"name":"Home","item":"https:\/\/bpf.flaw.uniba.sk\/"},{"@type":"ListItem","position":2,"name":"Sekcia kriminol\u00f3gie"}]},{"@type":"WebSite","@id":"https:\/\/bpf.flaw.uniba.sk\/#website","url":"https:\/\/bpf.flaw.uniba.sk\/","name":"BLF","description":"","publisher":{"@id":"https:\/\/bpf.flaw.uniba.sk\/#organization"},"potentialAction":[{"@type":"SearchAction","target":{"@type":"EntryPoint","urlTemplate":"https:\/\/bpf.flaw.uniba.sk\/?s={search_term_string}"},"query-input":{"@type":"PropertyValueSpecification","valueRequired":true,"valueName":"search_term_string"}}],"inLanguage":"en-US"},{"@type":"Organization","@id":"https:\/\/bpf.flaw.uniba.sk\/#organization","name":"BLF","url":"https:\/\/bpf.flaw.uniba.sk\/","logo":{"@type":"ImageObject","inLanguage":"en-US","@id":"https:\/\/bpf.flaw.uniba.sk\/#\/schema\/logo\/image\/","url":"https:\/\/bpf.flaw.uniba.sk\/wp-content\/uploads\/2026\/02\/sj-bpf-biele-scaled.png","contentUrl":"https:\/\/bpf.flaw.uniba.sk\/wp-content\/uploads\/2026\/02\/sj-bpf-biele-scaled.png","width":2560,"height":863,"caption":"BPF"},"image":{"@id":"https:\/\/bpf.flaw.uniba.sk\/#\/schema\/logo\/image\/"}}]}},"_links":{"self":[{"href":"https:\/\/bpf.flaw.uniba.sk\/en\/wp-json\/wp\/v2\/pages\/11","targetHints":{"allow":["GET"]}}],"collection":[{"href":"https:\/\/bpf.flaw.uniba.sk\/en\/wp-json\/wp\/v2\/pages"}],"about":[{"href":"https:\/\/bpf.flaw.uniba.sk\/en\/wp-json\/wp\/v2\/types\/page"}],"author":[{"embeddable":true,"href":"https:\/\/bpf.flaw.uniba.sk\/en\/wp-json\/wp\/v2\/users\/2"}],"replies":[{"embeddable":true,"href":"https:\/\/bpf.flaw.uniba.sk\/en\/wp-json\/wp\/v2\/comments?post=11"}],"version-history":[{"count":2,"href":"https:\/\/bpf.flaw.uniba.sk\/en\/wp-json\/wp\/v2\/pages\/11\/revisions"}],"predecessor-version":[{"id":2791,"href":"https:\/\/bpf.flaw.uniba.sk\/en\/wp-json\/wp\/v2\/pages\/11\/revisions\/2791"}],"wp:attachment":[{"href":"https:\/\/bpf.flaw.uniba.sk\/en\/wp-json\/wp\/v2\/media?parent=11"}],"curies":[{"name":"wp","href":"https:\/\/api.w.org\/{rel}","templated":true}]}}