{"id":320,"date":"2021-03-17T12:57:39","date_gmt":"2021-03-17T11:57:39","guid":{"rendered":"https:\/\/bpf.flaw.uniba.sk\/?page_id=320"},"modified":"2026-02-17T09:01:36","modified_gmt":"2026-02-17T08:01:36","slug":"sekcia-trestneho-prava-kriminologie-kriminality","status":"publish","type":"page","link":"https:\/\/bpf.flaw.uniba.sk\/en\/sekcia-trestneho-prava-kriminologie-kriminality\/","title":{"rendered":"Section of Criminal Law, Criminology and Criminalistics"},"content":{"rendered":"<h2 class=\"wp-block-heading alignwide has-text-align-center\">Intersections and Differencies of Criminal and Administrative Sanction Mechanism \u2013 Direction Towards Individualism or Cooperation?<\/h2>\n\n\n\n<p class=\"has-drop-cap\">Criminal and administrative law exist as two separate law fields. However, their overlap in the area of sanctioning is obvious, while the existence of separate mechanisms in the area of substantive and procedural law creates a problematic legal environment in particular cases, when it is uncertain how to apply the elements of substantive liability and the procedural aspects in cases on the border between administrative and criminal law. The aim of the section is to find the answers how to set up and coordinate the mutual functioning of these separate mechanisms in order to create a mutually complementary environment in which legal certainty will dominate.<\/p>\n\n\n\n<p><strong>Guarantors of the section:<\/strong><\/p>\n\n\n\n<p>prof. JUDr. Jozef \u010cent\u00e9\u0161, DrSc.<\/p>\n\n\n\n<p>Dr. h. c. prof. JUDr. Lucia Kurilovsk\u00e1, PhD.<\/p>\n\n\n\n<p>doc. JUDr. Radovan Bla\u017eek, PhD.<\/p>\n\n\n\n<p><\/p>\n\n\n\n<p><\/p>","protected":false},"excerpt":{"rendered":"<p>Prieniky a disonancie trestn\u00e9ho a spr\u00e1vneho sankcionovania \u2013 smer k individualizmu \u010di spolupr\u00e1ci? Trestn\u00e9 i spr\u00e1vne pr\u00e1vo existuj\u00fa ako dve samostatn\u00e9 odvetvia. Ich presah v oblasti sankcionovania je v\u0161ak zrejm\u00fd, pri\u010dom pr\u00e1ve existencia separ\u00e1tnych mechanizmov v oblasti hmotn\u00e9ho i procesn\u00e9ho pr\u00e1va vytv\u00e1ra miestami problematick\u00e9 pr\u00e1vne prostredie, v r\u00e1mci ktor\u00e9ho je neist\u00e9, ako aplikova\u0165 prvky hmotnorp\u00e1vnej [&hellip;]<\/p>\n","protected":false},"author":2,"featured_media":0,"parent":0,"menu_order":0,"comment_status":"closed","ping_status":"closed","template":"","meta":{"ngg_post_thumbnail":0,"footnotes":""},"class_list":["post-320","page","type-page","status-publish","hentry"],"yoast_head":"<!-- This site is optimized with the Yoast SEO plugin v27.2 - https:\/\/yoast.com\/product\/yoast-seo-wordpress\/ -->\n<title>Sekcia trestn\u00e9ho pr\u00e1va, kriminol\u00f3gie a kriminalistiky - BPF<\/title>\n<meta name=\"robots\" content=\"index, follow, max-snippet:-1, max-image-preview:large, max-video-preview:-1\" \/>\n<link rel=\"canonical\" href=\"https:\/\/bpf.flaw.uniba.sk\/en\/sekcia-trestneho-prava-kriminologie-kriminality\/\" \/>\n<meta property=\"og:locale\" content=\"en_US\" \/>\n<meta property=\"og:type\" content=\"article\" \/>\n<meta property=\"og:title\" content=\"Sekcia trestn\u00e9ho pr\u00e1va, kriminol\u00f3gie a kriminalistiky - BPF\" \/>\n<meta property=\"og:description\" content=\"Prieniky a disonancie trestn\u00e9ho a spr\u00e1vneho sankcionovania \u2013 smer k individualizmu \u010di spolupr\u00e1ci? Trestn\u00e9 i spr\u00e1vne pr\u00e1vo existuj\u00fa ako dve samostatn\u00e9 odvetvia. Ich presah v oblasti sankcionovania je v\u0161ak zrejm\u00fd, pri\u010dom pr\u00e1ve existencia separ\u00e1tnych mechanizmov v oblasti hmotn\u00e9ho i procesn\u00e9ho pr\u00e1va vytv\u00e1ra miestami problematick\u00e9 pr\u00e1vne prostredie, v r\u00e1mci ktor\u00e9ho je neist\u00e9, ako aplikova\u0165 prvky hmotnorp\u00e1vnej [&hellip;]\" \/>\n<meta property=\"og:url\" content=\"https:\/\/bpf.flaw.uniba.sk\/en\/sekcia-trestneho-prava-kriminologie-kriminality\/\" \/>\n<meta property=\"og:site_name\" content=\"BPF\" \/>\n<meta property=\"article:modified_time\" content=\"2026-02-17T08:01:36+00:00\" \/>\n<meta name=\"twitter:card\" content=\"summary_large_image\" \/>\n<meta name=\"twitter:label1\" content=\"Est. reading time\" \/>\n\t<meta name=\"twitter:data1\" content=\"1 minute\" \/>\n<script type=\"application\/ld+json\" class=\"yoast-schema-graph\">{\"@context\":\"https:\/\/schema.org\",\"@graph\":[{\"@type\":\"WebPage\",\"@id\":\"https:\/\/bpf.flaw.uniba.sk\/sekcia-trestneho-prava-kriminologie-kriminality\/\",\"url\":\"https:\/\/bpf.flaw.uniba.sk\/sekcia-trestneho-prava-kriminologie-kriminality\/\",\"name\":\"Sekcia trestn\u00e9ho pr\u00e1va, kriminol\u00f3gie a kriminalistiky - BPF\",\"isPartOf\":{\"@id\":\"https:\/\/bpf.flaw.uniba.sk\/#website\"},\"datePublished\":\"2021-03-17T11:57:39+00:00\",\"dateModified\":\"2026-02-17T08:01:36+00:00\",\"breadcrumb\":{\"@id\":\"https:\/\/bpf.flaw.uniba.sk\/sekcia-trestneho-prava-kriminologie-kriminality\/#breadcrumb\"},\"inLanguage\":\"en-US\",\"potentialAction\":[{\"@type\":\"ReadAction\",\"target\":[\"https:\/\/bpf.flaw.uniba.sk\/sekcia-trestneho-prava-kriminologie-kriminality\/\"]}]},{\"@type\":\"BreadcrumbList\",\"@id\":\"https:\/\/bpf.flaw.uniba.sk\/sekcia-trestneho-prava-kriminologie-kriminality\/#breadcrumb\",\"itemListElement\":[{\"@type\":\"ListItem\",\"position\":1,\"name\":\"Home\",\"item\":\"https:\/\/bpf.flaw.uniba.sk\/\"},{\"@type\":\"ListItem\",\"position\":2,\"name\":\"Sekcia trestn\u00e9ho pr\u00e1va, kriminol\u00f3gie a kriminalistiky\"}]},{\"@type\":\"WebSite\",\"@id\":\"https:\/\/bpf.flaw.uniba.sk\/#website\",\"url\":\"https:\/\/bpf.flaw.uniba.sk\/\",\"name\":\"BPF\",\"description\":\"\",\"publisher\":{\"@id\":\"https:\/\/bpf.flaw.uniba.sk\/#organization\"},\"potentialAction\":[{\"@type\":\"SearchAction\",\"target\":{\"@type\":\"EntryPoint\",\"urlTemplate\":\"https:\/\/bpf.flaw.uniba.sk\/?s={search_term_string}\"},\"query-input\":{\"@type\":\"PropertyValueSpecification\",\"valueRequired\":true,\"valueName\":\"search_term_string\"}}],\"inLanguage\":\"en-US\"},{\"@type\":\"Organization\",\"@id\":\"https:\/\/bpf.flaw.uniba.sk\/#organization\",\"name\":\"BPF\",\"url\":\"https:\/\/bpf.flaw.uniba.sk\/\",\"logo\":{\"@type\":\"ImageObject\",\"inLanguage\":\"en-US\",\"@id\":\"https:\/\/bpf.flaw.uniba.sk\/#\/schema\/logo\/image\/\",\"url\":\"https:\/\/bpf.flaw.uniba.sk\/wp-content\/uploads\/2026\/02\/sj-bpf-biele-scaled.png\",\"contentUrl\":\"https:\/\/bpf.flaw.uniba.sk\/wp-content\/uploads\/2026\/02\/sj-bpf-biele-scaled.png\",\"width\":2560,\"height\":863,\"caption\":\"BPF\"},\"image\":{\"@id\":\"https:\/\/bpf.flaw.uniba.sk\/#\/schema\/logo\/image\/\"}}]}<\/script>\n<!-- \/ Yoast SEO plugin. -->","yoast_head_json":{"title":"Sekcia trestn\u00e9ho pr\u00e1va, kriminol\u00f3gie a kriminalistiky - BPF","robots":{"index":"index","follow":"follow","max-snippet":"max-snippet:-1","max-image-preview":"max-image-preview:large","max-video-preview":"max-video-preview:-1"},"canonical":"https:\/\/bpf.flaw.uniba.sk\/en\/sekcia-trestneho-prava-kriminologie-kriminality\/","og_locale":"en_US","og_type":"article","og_title":"Sekcia trestn\u00e9ho pr\u00e1va, kriminol\u00f3gie a kriminalistiky - BPF","og_description":"Prieniky a disonancie trestn\u00e9ho a spr\u00e1vneho sankcionovania \u2013 smer k individualizmu \u010di spolupr\u00e1ci? Trestn\u00e9 i spr\u00e1vne pr\u00e1vo existuj\u00fa ako dve samostatn\u00e9 odvetvia. Ich presah v oblasti sankcionovania je v\u0161ak zrejm\u00fd, pri\u010dom pr\u00e1ve existencia separ\u00e1tnych mechanizmov v oblasti hmotn\u00e9ho i procesn\u00e9ho pr\u00e1va vytv\u00e1ra miestami problematick\u00e9 pr\u00e1vne prostredie, v r\u00e1mci ktor\u00e9ho je neist\u00e9, ako aplikova\u0165 prvky hmotnorp\u00e1vnej [&hellip;]","og_url":"https:\/\/bpf.flaw.uniba.sk\/en\/sekcia-trestneho-prava-kriminologie-kriminality\/","og_site_name":"BPF","article_modified_time":"2026-02-17T08:01:36+00:00","twitter_card":"summary_large_image","twitter_misc":{"Est. reading time":"1 minute"},"schema":{"@context":"https:\/\/schema.org","@graph":[{"@type":"WebPage","@id":"https:\/\/bpf.flaw.uniba.sk\/sekcia-trestneho-prava-kriminologie-kriminality\/","url":"https:\/\/bpf.flaw.uniba.sk\/sekcia-trestneho-prava-kriminologie-kriminality\/","name":"Sekcia trestn\u00e9ho pr\u00e1va, kriminol\u00f3gie a kriminalistiky - BPF","isPartOf":{"@id":"https:\/\/bpf.flaw.uniba.sk\/#website"},"datePublished":"2021-03-17T11:57:39+00:00","dateModified":"2026-02-17T08:01:36+00:00","breadcrumb":{"@id":"https:\/\/bpf.flaw.uniba.sk\/sekcia-trestneho-prava-kriminologie-kriminality\/#breadcrumb"},"inLanguage":"en-US","potentialAction":[{"@type":"ReadAction","target":["https:\/\/bpf.flaw.uniba.sk\/sekcia-trestneho-prava-kriminologie-kriminality\/"]}]},{"@type":"BreadcrumbList","@id":"https:\/\/bpf.flaw.uniba.sk\/sekcia-trestneho-prava-kriminologie-kriminality\/#breadcrumb","itemListElement":[{"@type":"ListItem","position":1,"name":"Home","item":"https:\/\/bpf.flaw.uniba.sk\/"},{"@type":"ListItem","position":2,"name":"Sekcia trestn\u00e9ho pr\u00e1va, kriminol\u00f3gie a kriminalistiky"}]},{"@type":"WebSite","@id":"https:\/\/bpf.flaw.uniba.sk\/#website","url":"https:\/\/bpf.flaw.uniba.sk\/","name":"BLF","description":"","publisher":{"@id":"https:\/\/bpf.flaw.uniba.sk\/#organization"},"potentialAction":[{"@type":"SearchAction","target":{"@type":"EntryPoint","urlTemplate":"https:\/\/bpf.flaw.uniba.sk\/?s={search_term_string}"},"query-input":{"@type":"PropertyValueSpecification","valueRequired":true,"valueName":"search_term_string"}}],"inLanguage":"en-US"},{"@type":"Organization","@id":"https:\/\/bpf.flaw.uniba.sk\/#organization","name":"BLF","url":"https:\/\/bpf.flaw.uniba.sk\/","logo":{"@type":"ImageObject","inLanguage":"en-US","@id":"https:\/\/bpf.flaw.uniba.sk\/#\/schema\/logo\/image\/","url":"https:\/\/bpf.flaw.uniba.sk\/wp-content\/uploads\/2026\/02\/sj-bpf-biele-scaled.png","contentUrl":"https:\/\/bpf.flaw.uniba.sk\/wp-content\/uploads\/2026\/02\/sj-bpf-biele-scaled.png","width":2560,"height":863,"caption":"BPF"},"image":{"@id":"https:\/\/bpf.flaw.uniba.sk\/#\/schema\/logo\/image\/"}}]}},"_links":{"self":[{"href":"https:\/\/bpf.flaw.uniba.sk\/en\/wp-json\/wp\/v2\/pages\/320","targetHints":{"allow":["GET"]}}],"collection":[{"href":"https:\/\/bpf.flaw.uniba.sk\/en\/wp-json\/wp\/v2\/pages"}],"about":[{"href":"https:\/\/bpf.flaw.uniba.sk\/en\/wp-json\/wp\/v2\/types\/page"}],"author":[{"embeddable":true,"href":"https:\/\/bpf.flaw.uniba.sk\/en\/wp-json\/wp\/v2\/users\/2"}],"replies":[{"embeddable":true,"href":"https:\/\/bpf.flaw.uniba.sk\/en\/wp-json\/wp\/v2\/comments?post=320"}],"version-history":[{"count":16,"href":"https:\/\/bpf.flaw.uniba.sk\/en\/wp-json\/wp\/v2\/pages\/320\/revisions"}],"predecessor-version":[{"id":2781,"href":"https:\/\/bpf.flaw.uniba.sk\/en\/wp-json\/wp\/v2\/pages\/320\/revisions\/2781"}],"wp:attachment":[{"href":"https:\/\/bpf.flaw.uniba.sk\/en\/wp-json\/wp\/v2\/media?parent=320"}],"curies":[{"name":"wp","href":"https:\/\/api.w.org\/{rel}","templated":true}]}}