{"id":335,"date":"2021-03-17T13:09:48","date_gmt":"2021-03-17T12:09:48","guid":{"rendered":"https:\/\/bpf.flaw.uniba.sk\/?page_id=335"},"modified":"2026-02-17T08:55:00","modified_gmt":"2026-02-17T07:55:00","slug":"seckia-rimskeho-kanonickeho-a-cirkevneho-prava","status":"publish","type":"page","link":"https:\/\/bpf.flaw.uniba.sk\/en\/seckia-rimskeho-kanonickeho-a-cirkevneho-prava\/","title":{"rendered":"Section of Roman, Ecclesiastical and Canon Law and Legal History and Comparative Law"},"content":{"rendered":"<h2 class=\"wp-block-heading alignwide has-text-align-center\">Man and Nature in the Force Lines of Legal Development<\/h2>\n\n\n\n<p>The section \"Man and Nature in the Force Lines of Legal Development\" examines how the relationship between humans and nature has been shaped throughout the history of law, particularly within Roman-law and canon-law traditions. It focuses on how ancient Roman concepts of ownership, common goods, and natural law influenced European legal development. The section also reflects on canonical norms and theological-legal ideas about the stewardship of creation, which significantly contributed to the ethical dimension of legal regulation. The aim of the section is to show that understanding today\u2019s ecological challenges requires profound knowledge of historical legal contexts.<\/p>\n\n\n\n<p><strong>Guarantors of the section:<\/strong><\/p>\n\n\n\n<p>prof. JUDr. Mat\u00fa\u0161 Nemec, PhD.<\/p>\n\n\n\n<p>prof. doc. JUDr. Mgr. Vojtech Vlad\u00e1r, PhD.<\/p>\n\n\n\n<p>prof. Mgr. et Mgr. Ondrej Podolec, PhD.<\/p>","protected":false},"excerpt":{"rendered":"<p>\u010clovek a pr\u00edroda v silo\u010diarach v\u00fdvoja pr\u00e1va Sekcia &#8222;\u010clovek a pr\u00edroda v silo\u010diarach v\u00fdvoja pr\u00e1va&#8220; sk\u00fama, ako sa vz\u0165ah \u010dloveka k pr\u00edrode formoval v dejin\u00e1ch pr\u00e1va, najm\u00e4 v r\u00e1mci r\u00edmskopr\u00e1vnych a k\u00e1nonickopr\u00e1vnych trad\u00edci\u00ed. Pozornos\u0165 sa upriamuje na to, ako staror\u00edmske koncepcie vlastn\u00edctva, spolo\u010dn\u00fdch statkov a prirodzen\u00e9ho pr\u00e1va ovplyvnili eur\u00f3psky pr\u00e1vny v\u00fdvoj. Sekcia reflektuje aj k\u00e1nonick\u00e9 [&hellip;]<\/p>\n","protected":false},"author":2,"featured_media":0,"parent":0,"menu_order":0,"comment_status":"closed","ping_status":"closed","template":"","meta":{"ngg_post_thumbnail":0,"footnotes":""},"class_list":["post-335","page","type-page","status-publish","hentry"],"yoast_head":"<!-- This site is optimized with the Yoast SEO plugin v27.2 - https:\/\/yoast.com\/product\/yoast-seo-wordpress\/ -->\n<title>Sekcia r\u00edmskeho, cirkevn\u00e9ho a k\u00e1nonick\u00e9ho pr\u00e1va a pr\u00e1vnych dej\u00edn a pr\u00e1vnej komparatistiky - BPF<\/title>\n<meta name=\"robots\" content=\"index, follow, max-snippet:-1, max-image-preview:large, max-video-preview:-1\" \/>\n<link rel=\"canonical\" href=\"https:\/\/bpf.flaw.uniba.sk\/en\/seckia-rimskeho-kanonickeho-a-cirkevneho-prava\/\" \/>\n<meta property=\"og:locale\" content=\"en_US\" \/>\n<meta property=\"og:type\" content=\"article\" \/>\n<meta property=\"og:title\" content=\"Sekcia r\u00edmskeho, cirkevn\u00e9ho a k\u00e1nonick\u00e9ho pr\u00e1va a pr\u00e1vnych dej\u00edn a pr\u00e1vnej komparatistiky - BPF\" \/>\n<meta property=\"og:description\" content=\"\u010clovek a pr\u00edroda v silo\u010diarach v\u00fdvoja pr\u00e1va Sekcia &#8222;\u010clovek a pr\u00edroda v silo\u010diarach v\u00fdvoja pr\u00e1va&#8220; sk\u00fama, ako sa vz\u0165ah \u010dloveka k pr\u00edrode formoval v dejin\u00e1ch pr\u00e1va, najm\u00e4 v r\u00e1mci r\u00edmskopr\u00e1vnych a k\u00e1nonickopr\u00e1vnych trad\u00edci\u00ed. Pozornos\u0165 sa upriamuje na to, ako staror\u00edmske koncepcie vlastn\u00edctva, spolo\u010dn\u00fdch statkov a prirodzen\u00e9ho pr\u00e1va ovplyvnili eur\u00f3psky pr\u00e1vny v\u00fdvoj. Sekcia reflektuje aj k\u00e1nonick\u00e9 [&hellip;]\" \/>\n<meta property=\"og:url\" content=\"https:\/\/bpf.flaw.uniba.sk\/en\/seckia-rimskeho-kanonickeho-a-cirkevneho-prava\/\" \/>\n<meta property=\"og:site_name\" content=\"BPF\" \/>\n<meta property=\"article:modified_time\" content=\"2026-02-17T07:55:00+00:00\" \/>\n<meta name=\"twitter:card\" content=\"summary_large_image\" \/>\n<meta name=\"twitter:label1\" content=\"Est. reading time\" \/>\n\t<meta name=\"twitter:data1\" content=\"1 minute\" \/>\n<script type=\"application\/ld+json\" class=\"yoast-schema-graph\">{\"@context\":\"https:\/\/schema.org\",\"@graph\":[{\"@type\":\"WebPage\",\"@id\":\"https:\/\/bpf.flaw.uniba.sk\/seckia-rimskeho-kanonickeho-a-cirkevneho-prava\/\",\"url\":\"https:\/\/bpf.flaw.uniba.sk\/seckia-rimskeho-kanonickeho-a-cirkevneho-prava\/\",\"name\":\"Sekcia r\u00edmskeho, cirkevn\u00e9ho a k\u00e1nonick\u00e9ho pr\u00e1va a pr\u00e1vnych dej\u00edn a pr\u00e1vnej komparatistiky - BPF\",\"isPartOf\":{\"@id\":\"https:\/\/bpf.flaw.uniba.sk\/#website\"},\"datePublished\":\"2021-03-17T12:09:48+00:00\",\"dateModified\":\"2026-02-17T07:55:00+00:00\",\"breadcrumb\":{\"@id\":\"https:\/\/bpf.flaw.uniba.sk\/seckia-rimskeho-kanonickeho-a-cirkevneho-prava\/#breadcrumb\"},\"inLanguage\":\"en-US\",\"potentialAction\":[{\"@type\":\"ReadAction\",\"target\":[\"https:\/\/bpf.flaw.uniba.sk\/seckia-rimskeho-kanonickeho-a-cirkevneho-prava\/\"]}]},{\"@type\":\"BreadcrumbList\",\"@id\":\"https:\/\/bpf.flaw.uniba.sk\/seckia-rimskeho-kanonickeho-a-cirkevneho-prava\/#breadcrumb\",\"itemListElement\":[{\"@type\":\"ListItem\",\"position\":1,\"name\":\"Home\",\"item\":\"https:\/\/bpf.flaw.uniba.sk\/\"},{\"@type\":\"ListItem\",\"position\":2,\"name\":\"Sekcia r\u00edmskeho, cirkevn\u00e9ho a k\u00e1nonick\u00e9ho pr\u00e1va a pr\u00e1vnych dej\u00edn a pr\u00e1vnej komparatistiky\"}]},{\"@type\":\"WebSite\",\"@id\":\"https:\/\/bpf.flaw.uniba.sk\/#website\",\"url\":\"https:\/\/bpf.flaw.uniba.sk\/\",\"name\":\"BPF\",\"description\":\"\",\"publisher\":{\"@id\":\"https:\/\/bpf.flaw.uniba.sk\/#organization\"},\"potentialAction\":[{\"@type\":\"SearchAction\",\"target\":{\"@type\":\"EntryPoint\",\"urlTemplate\":\"https:\/\/bpf.flaw.uniba.sk\/?s={search_term_string}\"},\"query-input\":{\"@type\":\"PropertyValueSpecification\",\"valueRequired\":true,\"valueName\":\"search_term_string\"}}],\"inLanguage\":\"en-US\"},{\"@type\":\"Organization\",\"@id\":\"https:\/\/bpf.flaw.uniba.sk\/#organization\",\"name\":\"BPF\",\"url\":\"https:\/\/bpf.flaw.uniba.sk\/\",\"logo\":{\"@type\":\"ImageObject\",\"inLanguage\":\"en-US\",\"@id\":\"https:\/\/bpf.flaw.uniba.sk\/#\/schema\/logo\/image\/\",\"url\":\"https:\/\/bpf.flaw.uniba.sk\/wp-content\/uploads\/2026\/02\/sj-bpf-biele-scaled.png\",\"contentUrl\":\"https:\/\/bpf.flaw.uniba.sk\/wp-content\/uploads\/2026\/02\/sj-bpf-biele-scaled.png\",\"width\":2560,\"height\":863,\"caption\":\"BPF\"},\"image\":{\"@id\":\"https:\/\/bpf.flaw.uniba.sk\/#\/schema\/logo\/image\/\"}}]}<\/script>\n<!-- \/ Yoast SEO plugin. -->","yoast_head_json":{"title":"Sekcia r\u00edmskeho, cirkevn\u00e9ho a k\u00e1nonick\u00e9ho pr\u00e1va a pr\u00e1vnych dej\u00edn a pr\u00e1vnej komparatistiky - BPF","robots":{"index":"index","follow":"follow","max-snippet":"max-snippet:-1","max-image-preview":"max-image-preview:large","max-video-preview":"max-video-preview:-1"},"canonical":"https:\/\/bpf.flaw.uniba.sk\/en\/seckia-rimskeho-kanonickeho-a-cirkevneho-prava\/","og_locale":"en_US","og_type":"article","og_title":"Sekcia r\u00edmskeho, cirkevn\u00e9ho a k\u00e1nonick\u00e9ho pr\u00e1va a pr\u00e1vnych dej\u00edn a pr\u00e1vnej komparatistiky - BPF","og_description":"\u010clovek a pr\u00edroda v silo\u010diarach v\u00fdvoja pr\u00e1va Sekcia &#8222;\u010clovek a pr\u00edroda v silo\u010diarach v\u00fdvoja pr\u00e1va&#8220; sk\u00fama, ako sa vz\u0165ah \u010dloveka k pr\u00edrode formoval v dejin\u00e1ch pr\u00e1va, najm\u00e4 v r\u00e1mci r\u00edmskopr\u00e1vnych a k\u00e1nonickopr\u00e1vnych trad\u00edci\u00ed. Pozornos\u0165 sa upriamuje na to, ako staror\u00edmske koncepcie vlastn\u00edctva, spolo\u010dn\u00fdch statkov a prirodzen\u00e9ho pr\u00e1va ovplyvnili eur\u00f3psky pr\u00e1vny v\u00fdvoj. Sekcia reflektuje aj k\u00e1nonick\u00e9 [&hellip;]","og_url":"https:\/\/bpf.flaw.uniba.sk\/en\/seckia-rimskeho-kanonickeho-a-cirkevneho-prava\/","og_site_name":"BPF","article_modified_time":"2026-02-17T07:55:00+00:00","twitter_card":"summary_large_image","twitter_misc":{"Est. reading time":"1 minute"},"schema":{"@context":"https:\/\/schema.org","@graph":[{"@type":"WebPage","@id":"https:\/\/bpf.flaw.uniba.sk\/seckia-rimskeho-kanonickeho-a-cirkevneho-prava\/","url":"https:\/\/bpf.flaw.uniba.sk\/seckia-rimskeho-kanonickeho-a-cirkevneho-prava\/","name":"Sekcia r\u00edmskeho, cirkevn\u00e9ho a k\u00e1nonick\u00e9ho pr\u00e1va a pr\u00e1vnych dej\u00edn a pr\u00e1vnej komparatistiky - BPF","isPartOf":{"@id":"https:\/\/bpf.flaw.uniba.sk\/#website"},"datePublished":"2021-03-17T12:09:48+00:00","dateModified":"2026-02-17T07:55:00+00:00","breadcrumb":{"@id":"https:\/\/bpf.flaw.uniba.sk\/seckia-rimskeho-kanonickeho-a-cirkevneho-prava\/#breadcrumb"},"inLanguage":"en-US","potentialAction":[{"@type":"ReadAction","target":["https:\/\/bpf.flaw.uniba.sk\/seckia-rimskeho-kanonickeho-a-cirkevneho-prava\/"]}]},{"@type":"BreadcrumbList","@id":"https:\/\/bpf.flaw.uniba.sk\/seckia-rimskeho-kanonickeho-a-cirkevneho-prava\/#breadcrumb","itemListElement":[{"@type":"ListItem","position":1,"name":"Home","item":"https:\/\/bpf.flaw.uniba.sk\/"},{"@type":"ListItem","position":2,"name":"Sekcia r\u00edmskeho, cirkevn\u00e9ho a k\u00e1nonick\u00e9ho pr\u00e1va a pr\u00e1vnych dej\u00edn a pr\u00e1vnej komparatistiky"}]},{"@type":"WebSite","@id":"https:\/\/bpf.flaw.uniba.sk\/#website","url":"https:\/\/bpf.flaw.uniba.sk\/","name":"BLF","description":"","publisher":{"@id":"https:\/\/bpf.flaw.uniba.sk\/#organization"},"potentialAction":[{"@type":"SearchAction","target":{"@type":"EntryPoint","urlTemplate":"https:\/\/bpf.flaw.uniba.sk\/?s={search_term_string}"},"query-input":{"@type":"PropertyValueSpecification","valueRequired":true,"valueName":"search_term_string"}}],"inLanguage":"en-US"},{"@type":"Organization","@id":"https:\/\/bpf.flaw.uniba.sk\/#organization","name":"BLF","url":"https:\/\/bpf.flaw.uniba.sk\/","logo":{"@type":"ImageObject","inLanguage":"en-US","@id":"https:\/\/bpf.flaw.uniba.sk\/#\/schema\/logo\/image\/","url":"https:\/\/bpf.flaw.uniba.sk\/wp-content\/uploads\/2026\/02\/sj-bpf-biele-scaled.png","contentUrl":"https:\/\/bpf.flaw.uniba.sk\/wp-content\/uploads\/2026\/02\/sj-bpf-biele-scaled.png","width":2560,"height":863,"caption":"BPF"},"image":{"@id":"https:\/\/bpf.flaw.uniba.sk\/#\/schema\/logo\/image\/"}}]}},"_links":{"self":[{"href":"https:\/\/bpf.flaw.uniba.sk\/en\/wp-json\/wp\/v2\/pages\/335","targetHints":{"allow":["GET"]}}],"collection":[{"href":"https:\/\/bpf.flaw.uniba.sk\/en\/wp-json\/wp\/v2\/pages"}],"about":[{"href":"https:\/\/bpf.flaw.uniba.sk\/en\/wp-json\/wp\/v2\/types\/page"}],"author":[{"embeddable":true,"href":"https:\/\/bpf.flaw.uniba.sk\/en\/wp-json\/wp\/v2\/users\/2"}],"replies":[{"embeddable":true,"href":"https:\/\/bpf.flaw.uniba.sk\/en\/wp-json\/wp\/v2\/comments?post=335"}],"version-history":[{"count":12,"href":"https:\/\/bpf.flaw.uniba.sk\/en\/wp-json\/wp\/v2\/pages\/335\/revisions"}],"predecessor-version":[{"id":2767,"href":"https:\/\/bpf.flaw.uniba.sk\/en\/wp-json\/wp\/v2\/pages\/335\/revisions\/2767"}],"wp:attachment":[{"href":"https:\/\/bpf.flaw.uniba.sk\/en\/wp-json\/wp\/v2\/media?parent=335"}],"curies":[{"name":"wp","href":"https:\/\/api.w.org\/{rel}","templated":true}]}}