{"id":354,"date":"2021-03-17T13:15:42","date_gmt":"2021-03-17T12:15:42","guid":{"rendered":"https:\/\/bpf.flaw.uniba.sk\/?page_id=354"},"modified":"2026-02-11T15:11:54","modified_gmt":"2026-02-11T14:11:54","slug":"sekcia-medzinarodneho-prava-sukromneho","status":"publish","type":"page","link":"https:\/\/bpf.flaw.uniba.sk\/en\/sekcia-medzinarodneho-prava-sukromneho\/","title":{"rendered":"Section of Private International Law"},"content":{"rendered":"<h2 class=\"wp-block-heading alignwide has-text-align-center\">Conflict of Laws Under Pressure: When Neutrality Meets EU Values<\/h2>\n\n\n\n<p><\/p>\n\n\n\n<p class=\"has-drop-cap\">Private international law has long existed as a perfect model of legal neutrality \u2013 technical, value-sterile, almost mathematical rules that only decide \u201cwhich law shall apply\u201d. In recent years, however, the European Union has been increasingly breaking this simple rule. Conflict of law rules, rules of international jurisdiction and mechanisms for the recognition and enforcement of foreign decisions in the European context are ceasing to act as neutral arbitrators and are starting to openly serve to promote the material values \u200b\u200bof the Union: the protection of fundamental rights, equality and non-discrimination, the principles of the rule of law or the inviolability of the economic integration of the internal market. The section focuses on these turning points \u2013 on situations in which the traditionally \u201cblind\u201d conflict of law is turning into an instrument of the EU\u2019s active value policy and where neutrality is definitively yielding to European priorities.<\/p>\n\n\n\n<p><\/p>","protected":false},"excerpt":{"rendered":"<p>Kol\u00edzne pr\u00e1vo pod tlakom: ke\u010f sa neutralita stret\u00e1va s hodnotami E\u00da Medzin\u00e1rodn\u00e9 pr\u00e1vo s\u00fakromn\u00e9 existovalo po dlh\u00fd \u010das ako dokonal\u00fd vzor pr\u00e1vnickej neutrality \u2013 technick\u00e9, hodnotovo steriln\u00e9, takmer matematick\u00e9 pravidl\u00e1, ktor\u00e9 len rozhodn\u00fa \u201ektor\u00e9 pr\u00e1vo sa pou\u017eije\u201c. V posledn\u00fdch rokoch v\u0161ak Eur\u00f3pska \u00fania toto jednoduch\u00e9 pravidlo \u010doraz r\u00e1znej\u0161ie rozb\u00edja. Kol\u00edzne normy, pravidl\u00e1 medzin\u00e1rodnej pr\u00e1vomoci aj [&hellip;]<\/p>\n","protected":false},"author":2,"featured_media":0,"parent":0,"menu_order":0,"comment_status":"closed","ping_status":"closed","template":"","meta":{"ngg_post_thumbnail":0,"footnotes":""},"class_list":["post-354","page","type-page","status-publish","hentry"],"yoast_head":"<!-- This site is optimized with the Yoast SEO plugin v27.2 - https:\/\/yoast.com\/product\/yoast-seo-wordpress\/ -->\n<title>Sekcia medzin\u00e1rodn\u00e9ho pr\u00e1va s\u00fakromn\u00e9ho - BPF<\/title>\n<meta name=\"robots\" content=\"index, follow, max-snippet:-1, max-image-preview:large, max-video-preview:-1\" \/>\n<link rel=\"canonical\" href=\"https:\/\/bpf.flaw.uniba.sk\/en\/sekcia-medzinarodneho-prava-sukromneho\/\" \/>\n<meta property=\"og:locale\" content=\"en_US\" \/>\n<meta property=\"og:type\" content=\"article\" \/>\n<meta property=\"og:title\" content=\"Sekcia medzin\u00e1rodn\u00e9ho pr\u00e1va s\u00fakromn\u00e9ho - BPF\" \/>\n<meta property=\"og:description\" content=\"Kol\u00edzne pr\u00e1vo pod tlakom: ke\u010f sa neutralita stret\u00e1va s hodnotami E\u00da Medzin\u00e1rodn\u00e9 pr\u00e1vo s\u00fakromn\u00e9 existovalo po dlh\u00fd \u010das ako dokonal\u00fd vzor pr\u00e1vnickej neutrality \u2013 technick\u00e9, hodnotovo steriln\u00e9, takmer matematick\u00e9 pravidl\u00e1, ktor\u00e9 len rozhodn\u00fa \u201ektor\u00e9 pr\u00e1vo sa pou\u017eije\u201c. V posledn\u00fdch rokoch v\u0161ak Eur\u00f3pska \u00fania toto jednoduch\u00e9 pravidlo \u010doraz r\u00e1znej\u0161ie rozb\u00edja. Kol\u00edzne normy, pravidl\u00e1 medzin\u00e1rodnej pr\u00e1vomoci aj [&hellip;]\" \/>\n<meta property=\"og:url\" content=\"https:\/\/bpf.flaw.uniba.sk\/en\/sekcia-medzinarodneho-prava-sukromneho\/\" \/>\n<meta property=\"og:site_name\" content=\"BPF\" \/>\n<meta property=\"article:modified_time\" content=\"2026-02-11T14:11:54+00:00\" \/>\n<meta name=\"twitter:card\" content=\"summary_large_image\" \/>\n<meta name=\"twitter:label1\" content=\"Est. reading time\" \/>\n\t<meta name=\"twitter:data1\" content=\"1 minute\" \/>\n<script type=\"application\/ld+json\" class=\"yoast-schema-graph\">{\"@context\":\"https:\/\/schema.org\",\"@graph\":[{\"@type\":\"WebPage\",\"@id\":\"https:\/\/bpf.flaw.uniba.sk\/sekcia-medzinarodneho-prava-sukromneho\/\",\"url\":\"https:\/\/bpf.flaw.uniba.sk\/sekcia-medzinarodneho-prava-sukromneho\/\",\"name\":\"Sekcia medzin\u00e1rodn\u00e9ho pr\u00e1va s\u00fakromn\u00e9ho - BPF\",\"isPartOf\":{\"@id\":\"https:\/\/bpf.flaw.uniba.sk\/#website\"},\"datePublished\":\"2021-03-17T12:15:42+00:00\",\"dateModified\":\"2026-02-11T14:11:54+00:00\",\"breadcrumb\":{\"@id\":\"https:\/\/bpf.flaw.uniba.sk\/sekcia-medzinarodneho-prava-sukromneho\/#breadcrumb\"},\"inLanguage\":\"en-US\",\"potentialAction\":[{\"@type\":\"ReadAction\",\"target\":[\"https:\/\/bpf.flaw.uniba.sk\/sekcia-medzinarodneho-prava-sukromneho\/\"]}]},{\"@type\":\"BreadcrumbList\",\"@id\":\"https:\/\/bpf.flaw.uniba.sk\/sekcia-medzinarodneho-prava-sukromneho\/#breadcrumb\",\"itemListElement\":[{\"@type\":\"ListItem\",\"position\":1,\"name\":\"Home\",\"item\":\"https:\/\/bpf.flaw.uniba.sk\/\"},{\"@type\":\"ListItem\",\"position\":2,\"name\":\"Sekcia medzin\u00e1rodn\u00e9ho pr\u00e1va s\u00fakromn\u00e9ho\"}]},{\"@type\":\"WebSite\",\"@id\":\"https:\/\/bpf.flaw.uniba.sk\/#website\",\"url\":\"https:\/\/bpf.flaw.uniba.sk\/\",\"name\":\"BPF\",\"description\":\"\",\"publisher\":{\"@id\":\"https:\/\/bpf.flaw.uniba.sk\/#organization\"},\"potentialAction\":[{\"@type\":\"SearchAction\",\"target\":{\"@type\":\"EntryPoint\",\"urlTemplate\":\"https:\/\/bpf.flaw.uniba.sk\/?s={search_term_string}\"},\"query-input\":{\"@type\":\"PropertyValueSpecification\",\"valueRequired\":true,\"valueName\":\"search_term_string\"}}],\"inLanguage\":\"en-US\"},{\"@type\":\"Organization\",\"@id\":\"https:\/\/bpf.flaw.uniba.sk\/#organization\",\"name\":\"BPF\",\"url\":\"https:\/\/bpf.flaw.uniba.sk\/\",\"logo\":{\"@type\":\"ImageObject\",\"inLanguage\":\"en-US\",\"@id\":\"https:\/\/bpf.flaw.uniba.sk\/#\/schema\/logo\/image\/\",\"url\":\"https:\/\/bpf.flaw.uniba.sk\/wp-content\/uploads\/2026\/02\/sj-bpf-biele-scaled.png\",\"contentUrl\":\"https:\/\/bpf.flaw.uniba.sk\/wp-content\/uploads\/2026\/02\/sj-bpf-biele-scaled.png\",\"width\":2560,\"height\":863,\"caption\":\"BPF\"},\"image\":{\"@id\":\"https:\/\/bpf.flaw.uniba.sk\/#\/schema\/logo\/image\/\"}}]}<\/script>\n<!-- \/ Yoast SEO plugin. -->","yoast_head_json":{"title":"Sekcia medzin\u00e1rodn\u00e9ho pr\u00e1va s\u00fakromn\u00e9ho - BPF","robots":{"index":"index","follow":"follow","max-snippet":"max-snippet:-1","max-image-preview":"max-image-preview:large","max-video-preview":"max-video-preview:-1"},"canonical":"https:\/\/bpf.flaw.uniba.sk\/en\/sekcia-medzinarodneho-prava-sukromneho\/","og_locale":"en_US","og_type":"article","og_title":"Sekcia medzin\u00e1rodn\u00e9ho pr\u00e1va s\u00fakromn\u00e9ho - BPF","og_description":"Kol\u00edzne pr\u00e1vo pod tlakom: ke\u010f sa neutralita stret\u00e1va s hodnotami E\u00da Medzin\u00e1rodn\u00e9 pr\u00e1vo s\u00fakromn\u00e9 existovalo po dlh\u00fd \u010das ako dokonal\u00fd vzor pr\u00e1vnickej neutrality \u2013 technick\u00e9, hodnotovo steriln\u00e9, takmer matematick\u00e9 pravidl\u00e1, ktor\u00e9 len rozhodn\u00fa \u201ektor\u00e9 pr\u00e1vo sa pou\u017eije\u201c. V posledn\u00fdch rokoch v\u0161ak Eur\u00f3pska \u00fania toto jednoduch\u00e9 pravidlo \u010doraz r\u00e1znej\u0161ie rozb\u00edja. Kol\u00edzne normy, pravidl\u00e1 medzin\u00e1rodnej pr\u00e1vomoci aj [&hellip;]","og_url":"https:\/\/bpf.flaw.uniba.sk\/en\/sekcia-medzinarodneho-prava-sukromneho\/","og_site_name":"BPF","article_modified_time":"2026-02-11T14:11:54+00:00","twitter_card":"summary_large_image","twitter_misc":{"Est. reading time":"1 minute"},"schema":{"@context":"https:\/\/schema.org","@graph":[{"@type":"WebPage","@id":"https:\/\/bpf.flaw.uniba.sk\/sekcia-medzinarodneho-prava-sukromneho\/","url":"https:\/\/bpf.flaw.uniba.sk\/sekcia-medzinarodneho-prava-sukromneho\/","name":"Sekcia medzin\u00e1rodn\u00e9ho pr\u00e1va s\u00fakromn\u00e9ho - BPF","isPartOf":{"@id":"https:\/\/bpf.flaw.uniba.sk\/#website"},"datePublished":"2021-03-17T12:15:42+00:00","dateModified":"2026-02-11T14:11:54+00:00","breadcrumb":{"@id":"https:\/\/bpf.flaw.uniba.sk\/sekcia-medzinarodneho-prava-sukromneho\/#breadcrumb"},"inLanguage":"en-US","potentialAction":[{"@type":"ReadAction","target":["https:\/\/bpf.flaw.uniba.sk\/sekcia-medzinarodneho-prava-sukromneho\/"]}]},{"@type":"BreadcrumbList","@id":"https:\/\/bpf.flaw.uniba.sk\/sekcia-medzinarodneho-prava-sukromneho\/#breadcrumb","itemListElement":[{"@type":"ListItem","position":1,"name":"Home","item":"https:\/\/bpf.flaw.uniba.sk\/"},{"@type":"ListItem","position":2,"name":"Sekcia medzin\u00e1rodn\u00e9ho pr\u00e1va s\u00fakromn\u00e9ho"}]},{"@type":"WebSite","@id":"https:\/\/bpf.flaw.uniba.sk\/#website","url":"https:\/\/bpf.flaw.uniba.sk\/","name":"BLF","description":"","publisher":{"@id":"https:\/\/bpf.flaw.uniba.sk\/#organization"},"potentialAction":[{"@type":"SearchAction","target":{"@type":"EntryPoint","urlTemplate":"https:\/\/bpf.flaw.uniba.sk\/?s={search_term_string}"},"query-input":{"@type":"PropertyValueSpecification","valueRequired":true,"valueName":"search_term_string"}}],"inLanguage":"en-US"},{"@type":"Organization","@id":"https:\/\/bpf.flaw.uniba.sk\/#organization","name":"BLF","url":"https:\/\/bpf.flaw.uniba.sk\/","logo":{"@type":"ImageObject","inLanguage":"en-US","@id":"https:\/\/bpf.flaw.uniba.sk\/#\/schema\/logo\/image\/","url":"https:\/\/bpf.flaw.uniba.sk\/wp-content\/uploads\/2026\/02\/sj-bpf-biele-scaled.png","contentUrl":"https:\/\/bpf.flaw.uniba.sk\/wp-content\/uploads\/2026\/02\/sj-bpf-biele-scaled.png","width":2560,"height":863,"caption":"BPF"},"image":{"@id":"https:\/\/bpf.flaw.uniba.sk\/#\/schema\/logo\/image\/"}}]}},"_links":{"self":[{"href":"https:\/\/bpf.flaw.uniba.sk\/en\/wp-json\/wp\/v2\/pages\/354","targetHints":{"allow":["GET"]}}],"collection":[{"href":"https:\/\/bpf.flaw.uniba.sk\/en\/wp-json\/wp\/v2\/pages"}],"about":[{"href":"https:\/\/bpf.flaw.uniba.sk\/en\/wp-json\/wp\/v2\/types\/page"}],"author":[{"embeddable":true,"href":"https:\/\/bpf.flaw.uniba.sk\/en\/wp-json\/wp\/v2\/users\/2"}],"replies":[{"embeddable":true,"href":"https:\/\/bpf.flaw.uniba.sk\/en\/wp-json\/wp\/v2\/comments?post=354"}],"version-history":[{"count":10,"href":"https:\/\/bpf.flaw.uniba.sk\/en\/wp-json\/wp\/v2\/pages\/354\/revisions"}],"predecessor-version":[{"id":2734,"href":"https:\/\/bpf.flaw.uniba.sk\/en\/wp-json\/wp\/v2\/pages\/354\/revisions\/2734"}],"wp:attachment":[{"href":"https:\/\/bpf.flaw.uniba.sk\/en\/wp-json\/wp\/v2\/media?parent=354"}],"curies":[{"name":"wp","href":"https:\/\/api.w.org\/{rel}","templated":true}]}}