{"id":36,"date":"2021-02-04T09:34:56","date_gmt":"2021-02-04T08:34:56","guid":{"rendered":"http:\/\/bpf.flaw.uniba.sk\/?page_id=36"},"modified":"2026-02-09T11:10:48","modified_gmt":"2026-02-09T10:10:48","slug":"uvod","status":"publish","type":"page","link":"https:\/\/bpf.flaw.uniba.sk\/en\/","title":{"rendered":"Home"},"content":{"rendered":"<p class=\"has-text-align-center\"><strong>Faculty of Law,<\/strong> <strong>Comenius University Bratislava<\/strong> invites you to the 12th year of the international scientific conference <strong>\"Bratislava Legal Forum 2026\"<\/strong>, which will be held in the premises\nof the Faculty of Law, Comenius University Bratislava <strong>from 17 to 18 September 2026 <\/strong>(Thursday \u2013 Friday).<\/p>\n\n\n\n<p class=\"has-text-align-center\">The conference is organized on the occasion <strong>of the 105th anniversary<\/strong> of the founding of the Faculty of Law, Comenius University Bratislava.<\/p>\n\n\n\n<p class=\"has-text-align-center\">The central theme of the plenary session:<br><strong>\"Sustainability of Business Activity in the EU in the Context of Environmental Protection\"<\/strong><\/p>\n\n\n\n<p><\/p>\n\n\n\n<p class=\"has-text-align-center\">The main aim of the conference is to create a space and platform for discussion between all legal professions on the one hand and academics on the other. The conference is, in accordance with the aforementioned aim, <strong>divided into a plenary session and parallel discussions conducted in topic-based sections. <\/strong>The aim of this conference is also to deepen international cooperation and formulate scientific results.<\/p>\n\n\n\n<h2 class=\"wp-block-heading has-text-align-center\"><a href=\"https:\/\/bpf.flaw.uniba.sk\/en\/plenarne-zasadnutie\/\">17 September 2026 (Thursday)<\/a><\/h2>\n\n\n\n<p class=\"has-text-align-center\"><strong>\"Plenary session\" <\/strong>\u2013 professional part of the conference<\/p>\n\n\n\n<p class=\"has-text-align-center\"><strong><strong>Sustainability of Business Activity in the EU in the Context of Environmental Protection<\/strong><\/strong><\/p>\n\n\n\n<p class=\"has-text-align-center\"><strong>9.00 \u2013 13.00 <\/strong><\/p>\n\n\n\n<p class=\"has-text-align-center\"><strong>Plenary session<\/strong> \u2013 Panel discussion<\/p>\n\n\n\n<p class=\"has-text-align-center\"><strong>13.00 \u2013 14.00<\/strong><\/p>\n\n\n\n<p class=\"has-text-align-center\"><strong>Lunch<\/strong><\/p>\n\n\n\n<p class=\"has-text-align-center\"><strong>14.00 \u2013 17.00<\/strong><\/p>\n\n\n\n<p class=\"has-text-align-center\"><strong><strong>Negotiations in the professional sections<\/strong><\/strong><\/p>\n\n\n\n<p class=\"has-text-align-center\"><strong>18.00<\/strong><\/p>\n\n\n\n<p class=\"has-text-align-center\"><strong>Gala reception<\/strong><\/p>\n\n\n\n<p class=\"has-text-align-center\"><\/p>\n\n\n\n<p><\/p>\n\n\n\n<h2 class=\"wp-block-heading has-text-align-center\"><a href=\"https:\/\/bpf.flaw.uniba.sk\/en\/program\/\">18 September 2026 (Friday)<\/a><\/h2>\n\n\n\n<p class=\"has-text-align-center\"><strong>09.00 \u2013 17.00<\/strong><\/p>\n\n\n\n<p class=\"has-text-align-center\"><strong>\"Negotiations in the professional sections\" <\/strong>\u2013 scientific part of the conference<\/p>\n\n\n\n<p class=\"has-text-align-center\"><\/p>\n\n\n\n<hr class=\"wp-block-separator has-alpha-channel-opacity\"\/>\n\n\n\n<p class=\"has-text-align-center\"><em>By registering for the conference, the participant agrees that an audiovisual recording may be made of the event, which may be used for promotional purposes by the event organizer, including publication on the website, social media, and other communication channels. If the participant does not agree to the recording, they are required to inform the event organizers of this fact.<\/em><\/p>\n\n\n\n<hr class=\"wp-block-separator has-alpha-channel-opacity\"\/>\n\n\n\n<div class=\"wp-block-columns is-layout-flex wp-container-core-columns-is-layout-9d6595d7 wp-block-columns-is-layout-flex\"><\/div>\n\n\n\n<p><\/p>\n\n\n\n<figure class=\"wp-block-gallery has-nested-images columns-default is-cropped wp-block-gallery-1 is-layout-flex wp-block-gallery-is-layout-flex\"><\/figure>\n\n\n\n<hr class=\"wp-block-separator has-text-color has-primary-color has-css-opacity has-primary-background-color has-background is-style-default\"\/>\n\n\n\n<div class=\"wp-block-columns is-layout-flex wp-container-core-columns-is-layout-9d6595d7 wp-block-columns-is-layout-flex\">\n<div class=\"wp-block-column is-vertically-aligned-center is-layout-flow wp-block-column-is-layout-flow\" style=\"flex-basis:100%\">\n<script src=\"https:\/\/cdn.logwork.com\/widget\/countdown.js\"><\/script>\n<a href=\"https:\/\/logwork.com\/countdown-2d14\" class=\"countdown-timer\" data-style=\"columns\" data-timezone=\"Europe\/Bratislava\" data-textcolor=\"#000000\" data-date=\"2026-09-17 09:00\" data-digitscolor=\"#000000\">Countdown<\/a>\n<\/div>\n<\/div>","protected":false},"excerpt":{"rendered":"<p>Pr\u00e1vnick\u00e1 fakulta Univerzity Komensk\u00e9ho v Bratislave V\u00e1s srde\u010dne poz\u00fdva na 12.&nbsp;ro\u010dn\u00edk medzin\u00e1rodnej vedeckej konferencie \u201eBratislavsk\u00e9 pr\u00e1vnick\u00e9 f\u00f3rum&nbsp;2026\u201c, ktor\u00e1 sa bude kona\u0165 v&nbsp;priestoroch Pr\u00e1vnickej fakulty Univerzity Komensk\u00e9ho v&nbsp;Bratislave v d\u0148och 17.&nbsp;\u2013 18.&nbsp;septembra&nbsp;2026 (\u0161tvrtok \u2013 piatok). Konferencia je organizovan\u00e1 pri pr\u00edle\u017eitosti 105. v\u00fdro\u010dia zalo\u017eenia Pr\u00e1vnickej fakulty Univerzity Komensk\u00e9ho v Bratislave. \u00dastredn\u00e1 t\u00e9ma plen\u00e1rneho zasadnutia:\u201eUdr\u017eate\u013enos\u0165 podnikate\u013eskej \u010dinnosti v [&hellip;]<\/p>\n","protected":false},"author":3,"featured_media":180,"parent":0,"menu_order":0,"comment_status":"closed","ping_status":"closed","template":"templates\/template-cover.php","meta":{"ngg_post_thumbnail":0,"footnotes":""},"class_list":["post-36","page","type-page","status-publish","has-post-thumbnail","hentry"],"yoast_head":"<!-- This site is optimized with the Yoast SEO plugin v27.2 - https:\/\/yoast.com\/product\/yoast-seo-wordpress\/ -->\n<title>\u00davod - BPF<\/title>\n<meta name=\"robots\" content=\"index, follow, max-snippet:-1, max-image-preview:large, max-video-preview:-1\" \/>\n<link rel=\"canonical\" href=\"https:\/\/bpf.flaw.uniba.sk\/en\/\" \/>\n<meta property=\"og:locale\" content=\"en_US\" \/>\n<meta property=\"og:type\" content=\"article\" \/>\n<meta property=\"og:title\" content=\"\u00davod - BPF\" \/>\n<meta property=\"og:description\" content=\"Pr\u00e1vnick\u00e1 fakulta Univerzity Komensk\u00e9ho v Bratislave V\u00e1s srde\u010dne poz\u00fdva na 12.&nbsp;ro\u010dn\u00edk medzin\u00e1rodnej vedeckej konferencie \u201eBratislavsk\u00e9 pr\u00e1vnick\u00e9 f\u00f3rum&nbsp;2026\u201c, ktor\u00e1 sa bude kona\u0165 v&nbsp;priestoroch Pr\u00e1vnickej fakulty Univerzity Komensk\u00e9ho v&nbsp;Bratislave v d\u0148och 17.&nbsp;\u2013 18.&nbsp;septembra&nbsp;2026 (\u0161tvrtok \u2013 piatok). Konferencia je organizovan\u00e1 pri pr\u00edle\u017eitosti 105. v\u00fdro\u010dia zalo\u017eenia Pr\u00e1vnickej fakulty Univerzity Komensk\u00e9ho v Bratislave. \u00dastredn\u00e1 t\u00e9ma plen\u00e1rneho zasadnutia:\u201eUdr\u017eate\u013enos\u0165 podnikate\u013eskej \u010dinnosti v [&hellip;]\" \/>\n<meta property=\"og:url\" content=\"https:\/\/bpf.flaw.uniba.sk\/en\/\" \/>\n<meta property=\"og:site_name\" content=\"BPF\" \/>\n<meta property=\"article:modified_time\" content=\"2026-02-09T10:10:48+00:00\" \/>\n<meta property=\"og:image\" content=\"https:\/\/bpf.flaw.uniba.sk\/wp-content\/uploads\/2021\/02\/BPF-background.jpg\" \/>\n\t<meta property=\"og:image:width\" content=\"1800\" \/>\n\t<meta property=\"og:image:height\" content=\"1200\" \/>\n\t<meta property=\"og:image:type\" content=\"image\/jpeg\" \/>\n<meta name=\"twitter:card\" content=\"summary_large_image\" \/>\n<meta name=\"twitter:label1\" content=\"Est. reading time\" \/>\n\t<meta name=\"twitter:data1\" content=\"3 minutes\" \/>\n<script type=\"application\/ld+json\" class=\"yoast-schema-graph\">{\"@context\":\"https:\/\/schema.org\",\"@graph\":[{\"@type\":\"WebPage\",\"@id\":\"https:\/\/bpf.flaw.uniba.sk\/\",\"url\":\"https:\/\/bpf.flaw.uniba.sk\/\",\"name\":\"\u00davod - BPF\",\"isPartOf\":{\"@id\":\"https:\/\/bpf.flaw.uniba.sk\/#website\"},\"primaryImageOfPage\":{\"@id\":\"https:\/\/bpf.flaw.uniba.sk\/#primaryimage\"},\"image\":{\"@id\":\"https:\/\/bpf.flaw.uniba.sk\/#primaryimage\"},\"thumbnailUrl\":\"https:\/\/bpf.flaw.uniba.sk\/wp-content\/uploads\/2021\/02\/BPF-background.jpg\",\"datePublished\":\"2021-02-04T08:34:56+00:00\",\"dateModified\":\"2026-02-09T10:10:48+00:00\",\"breadcrumb\":{\"@id\":\"https:\/\/bpf.flaw.uniba.sk\/#breadcrumb\"},\"inLanguage\":\"en-US\",\"potentialAction\":[{\"@type\":\"ReadAction\",\"target\":[\"https:\/\/bpf.flaw.uniba.sk\/\"]}]},{\"@type\":\"ImageObject\",\"inLanguage\":\"en-US\",\"@id\":\"https:\/\/bpf.flaw.uniba.sk\/#primaryimage\",\"url\":\"https:\/\/bpf.flaw.uniba.sk\/wp-content\/uploads\/2021\/02\/BPF-background.jpg\",\"contentUrl\":\"https:\/\/bpf.flaw.uniba.sk\/wp-content\/uploads\/2021\/02\/BPF-background.jpg\",\"width\":1800,\"height\":1200,\"caption\":\"background-img\"},{\"@type\":\"BreadcrumbList\",\"@id\":\"https:\/\/bpf.flaw.uniba.sk\/#breadcrumb\",\"itemListElement\":[{\"@type\":\"ListItem\",\"position\":1,\"name\":\"Home\",\"item\":\"https:\/\/bpf.flaw.uniba.sk\/\"},{\"@type\":\"ListItem\",\"position\":2,\"name\":\"\u00davod\"}]},{\"@type\":\"WebSite\",\"@id\":\"https:\/\/bpf.flaw.uniba.sk\/#website\",\"url\":\"https:\/\/bpf.flaw.uniba.sk\/\",\"name\":\"BPF\",\"description\":\"\",\"publisher\":{\"@id\":\"https:\/\/bpf.flaw.uniba.sk\/#organization\"},\"potentialAction\":[{\"@type\":\"SearchAction\",\"target\":{\"@type\":\"EntryPoint\",\"urlTemplate\":\"https:\/\/bpf.flaw.uniba.sk\/?s={search_term_string}\"},\"query-input\":{\"@type\":\"PropertyValueSpecification\",\"valueRequired\":true,\"valueName\":\"search_term_string\"}}],\"inLanguage\":\"en-US\"},{\"@type\":\"Organization\",\"@id\":\"https:\/\/bpf.flaw.uniba.sk\/#organization\",\"name\":\"BPF\",\"url\":\"https:\/\/bpf.flaw.uniba.sk\/\",\"logo\":{\"@type\":\"ImageObject\",\"inLanguage\":\"en-US\",\"@id\":\"https:\/\/bpf.flaw.uniba.sk\/#\/schema\/logo\/image\/\",\"url\":\"https:\/\/bpf.flaw.uniba.sk\/wp-content\/uploads\/2026\/02\/sj-bpf-biele-scaled.png\",\"contentUrl\":\"https:\/\/bpf.flaw.uniba.sk\/wp-content\/uploads\/2026\/02\/sj-bpf-biele-scaled.png\",\"width\":2560,\"height\":863,\"caption\":\"BPF\"},\"image\":{\"@id\":\"https:\/\/bpf.flaw.uniba.sk\/#\/schema\/logo\/image\/\"}}]}<\/script>\n<!-- \/ Yoast SEO plugin. -->","yoast_head_json":{"title":"\u00davod - BPF","robots":{"index":"index","follow":"follow","max-snippet":"max-snippet:-1","max-image-preview":"max-image-preview:large","max-video-preview":"max-video-preview:-1"},"canonical":"https:\/\/bpf.flaw.uniba.sk\/en\/","og_locale":"en_US","og_type":"article","og_title":"\u00davod - BPF","og_description":"Pr\u00e1vnick\u00e1 fakulta Univerzity Komensk\u00e9ho v Bratislave V\u00e1s srde\u010dne poz\u00fdva na 12.&nbsp;ro\u010dn\u00edk medzin\u00e1rodnej vedeckej konferencie \u201eBratislavsk\u00e9 pr\u00e1vnick\u00e9 f\u00f3rum&nbsp;2026\u201c, ktor\u00e1 sa bude kona\u0165 v&nbsp;priestoroch Pr\u00e1vnickej fakulty Univerzity Komensk\u00e9ho v&nbsp;Bratislave v d\u0148och 17.&nbsp;\u2013 18.&nbsp;septembra&nbsp;2026 (\u0161tvrtok \u2013 piatok). Konferencia je organizovan\u00e1 pri pr\u00edle\u017eitosti 105. v\u00fdro\u010dia zalo\u017eenia Pr\u00e1vnickej fakulty Univerzity Komensk\u00e9ho v Bratislave. \u00dastredn\u00e1 t\u00e9ma plen\u00e1rneho zasadnutia:\u201eUdr\u017eate\u013enos\u0165 podnikate\u013eskej \u010dinnosti v [&hellip;]","og_url":"https:\/\/bpf.flaw.uniba.sk\/en\/","og_site_name":"BPF","article_modified_time":"2026-02-09T10:10:48+00:00","og_image":[{"width":1800,"height":1200,"url":"https:\/\/bpf.flaw.uniba.sk\/wp-content\/uploads\/2021\/02\/BPF-background.jpg","type":"image\/jpeg"}],"twitter_card":"summary_large_image","twitter_misc":{"Est. reading time":"3 minutes"},"schema":{"@context":"https:\/\/schema.org","@graph":[{"@type":"WebPage","@id":"https:\/\/bpf.flaw.uniba.sk\/","url":"https:\/\/bpf.flaw.uniba.sk\/","name":"\u00davod - BPF","isPartOf":{"@id":"https:\/\/bpf.flaw.uniba.sk\/#website"},"primaryImageOfPage":{"@id":"https:\/\/bpf.flaw.uniba.sk\/#primaryimage"},"image":{"@id":"https:\/\/bpf.flaw.uniba.sk\/#primaryimage"},"thumbnailUrl":"https:\/\/bpf.flaw.uniba.sk\/wp-content\/uploads\/2021\/02\/BPF-background.jpg","datePublished":"2021-02-04T08:34:56+00:00","dateModified":"2026-02-09T10:10:48+00:00","breadcrumb":{"@id":"https:\/\/bpf.flaw.uniba.sk\/#breadcrumb"},"inLanguage":"en-US","potentialAction":[{"@type":"ReadAction","target":["https:\/\/bpf.flaw.uniba.sk\/"]}]},{"@type":"ImageObject","inLanguage":"en-US","@id":"https:\/\/bpf.flaw.uniba.sk\/#primaryimage","url":"https:\/\/bpf.flaw.uniba.sk\/wp-content\/uploads\/2021\/02\/BPF-background.jpg","contentUrl":"https:\/\/bpf.flaw.uniba.sk\/wp-content\/uploads\/2021\/02\/BPF-background.jpg","width":1800,"height":1200,"caption":"background-img"},{"@type":"BreadcrumbList","@id":"https:\/\/bpf.flaw.uniba.sk\/#breadcrumb","itemListElement":[{"@type":"ListItem","position":1,"name":"Home","item":"https:\/\/bpf.flaw.uniba.sk\/"},{"@type":"ListItem","position":2,"name":"\u00davod"}]},{"@type":"WebSite","@id":"https:\/\/bpf.flaw.uniba.sk\/#website","url":"https:\/\/bpf.flaw.uniba.sk\/","name":"BLF","description":"","publisher":{"@id":"https:\/\/bpf.flaw.uniba.sk\/#organization"},"potentialAction":[{"@type":"SearchAction","target":{"@type":"EntryPoint","urlTemplate":"https:\/\/bpf.flaw.uniba.sk\/?s={search_term_string}"},"query-input":{"@type":"PropertyValueSpecification","valueRequired":true,"valueName":"search_term_string"}}],"inLanguage":"en-US"},{"@type":"Organization","@id":"https:\/\/bpf.flaw.uniba.sk\/#organization","name":"BLF","url":"https:\/\/bpf.flaw.uniba.sk\/","logo":{"@type":"ImageObject","inLanguage":"en-US","@id":"https:\/\/bpf.flaw.uniba.sk\/#\/schema\/logo\/image\/","url":"https:\/\/bpf.flaw.uniba.sk\/wp-content\/uploads\/2026\/02\/sj-bpf-biele-scaled.png","contentUrl":"https:\/\/bpf.flaw.uniba.sk\/wp-content\/uploads\/2026\/02\/sj-bpf-biele-scaled.png","width":2560,"height":863,"caption":"BPF"},"image":{"@id":"https:\/\/bpf.flaw.uniba.sk\/#\/schema\/logo\/image\/"}}]}},"_links":{"self":[{"href":"https:\/\/bpf.flaw.uniba.sk\/en\/wp-json\/wp\/v2\/pages\/36","targetHints":{"allow":["GET"]}}],"collection":[{"href":"https:\/\/bpf.flaw.uniba.sk\/en\/wp-json\/wp\/v2\/pages"}],"about":[{"href":"https:\/\/bpf.flaw.uniba.sk\/en\/wp-json\/wp\/v2\/types\/page"}],"author":[{"embeddable":true,"href":"https:\/\/bpf.flaw.uniba.sk\/en\/wp-json\/wp\/v2\/users\/3"}],"replies":[{"embeddable":true,"href":"https:\/\/bpf.flaw.uniba.sk\/en\/wp-json\/wp\/v2\/comments?post=36"}],"version-history":[{"count":193,"href":"https:\/\/bpf.flaw.uniba.sk\/en\/wp-json\/wp\/v2\/pages\/36\/revisions"}],"predecessor-version":[{"id":2661,"href":"https:\/\/bpf.flaw.uniba.sk\/en\/wp-json\/wp\/v2\/pages\/36\/revisions\/2661"}],"wp:featuredmedia":[{"embeddable":true,"href":"https:\/\/bpf.flaw.uniba.sk\/en\/wp-json\/wp\/v2\/media\/180"}],"wp:attachment":[{"href":"https:\/\/bpf.flaw.uniba.sk\/en\/wp-json\/wp\/v2\/media?parent=36"}],"curies":[{"name":"wp","href":"https:\/\/api.w.org\/{rel}","templated":true}]}}