{"id":369,"date":"2021-03-17T13:19:16","date_gmt":"2021-03-17T12:19:16","guid":{"rendered":"https:\/\/bpf.flaw.uniba.sk\/?page_id=369"},"modified":"2026-02-17T08:56:48","modified_gmt":"2026-02-17T07:56:48","slug":"sekcia-spravneho-prava","status":"publish","type":"page","link":"https:\/\/bpf.flaw.uniba.sk\/en\/sekcia-spravneho-prava\/","title":{"rendered":"Section of Administrative Law"},"content":{"rendered":"<h2 class=\"wp-block-heading alignwide has-text-align-center\">Improving Decision-Making Processes in Public Administration<\/h2>\n\n\n\n<p>The section focuses on improving the quality of decision-making processes in public administration in their entirety. It pays attention to lawmaking, law application processes and various organizational activities of public administration bodies that determine the quality of the exercise of public power. The aim is to identify current challenges, present new approaches and discuss tools that increase transparency, efficiency and legal certainty in the activities of public administration bodies.<\/p>\n\n\n\n<p><\/p>\n\n\n\n<p><strong>Guarantors of the section:<\/strong><\/p>\n\n\n\n<p>prof. Mgr. J\u00e1n \u0160krob\u00e1k, PhD.<\/p>\n\n\n\n<p>JUDr. Maro\u0161 Pavlovi\u010d, PhD., LL.M.<\/p>","protected":false},"excerpt":{"rendered":"<p>Skvalit\u0148ovanie rozhodovac\u00edch procesov vo verejnej spr\u00e1ve Sekcia sa zameriava na skvalit\u0148ovanie rozhodovac\u00edch procesov vo verejnej spr\u00e1ve v ich celej \u0161\u00edrke. Pozornos\u0165 venuje normotvorbe, procesom aplik\u00e1cie pr\u00e1va aj r\u00f4znym organiza\u010dn\u00fdm aktivit\u00e1m org\u00e1nov verejnej spr\u00e1vy, ktor\u00e9 podmie\u0148uj\u00fa kvalitu v\u00fdkonu verejnej moci. Cie\u013eom je identifikova\u0165 aktu\u00e1lne v\u00fdzvy, predstavi\u0165 nov\u00e9 pr\u00edstupy a diskutova\u0165 o n\u00e1strojoch zvy\u0161uj\u00facich transparentnos\u0165, efekt\u00edvnos\u0165 a [&hellip;]<\/p>\n","protected":false},"author":2,"featured_media":0,"parent":0,"menu_order":0,"comment_status":"closed","ping_status":"closed","template":"","meta":{"ngg_post_thumbnail":0,"footnotes":""},"class_list":["post-369","page","type-page","status-publish","hentry"],"yoast_head":"<!-- This site is optimized with the Yoast SEO plugin v27.2 - https:\/\/yoast.com\/product\/yoast-seo-wordpress\/ -->\n<title>Sekcia spr\u00e1vneho pr\u00e1va - BPF<\/title>\n<meta name=\"robots\" content=\"index, follow, max-snippet:-1, max-image-preview:large, max-video-preview:-1\" \/>\n<link rel=\"canonical\" href=\"https:\/\/bpf.flaw.uniba.sk\/en\/sekcia-spravneho-prava\/\" \/>\n<meta property=\"og:locale\" content=\"en_US\" \/>\n<meta property=\"og:type\" content=\"article\" \/>\n<meta property=\"og:title\" content=\"Sekcia spr\u00e1vneho pr\u00e1va - BPF\" \/>\n<meta property=\"og:description\" content=\"Skvalit\u0148ovanie rozhodovac\u00edch procesov vo verejnej spr\u00e1ve Sekcia sa zameriava na skvalit\u0148ovanie rozhodovac\u00edch procesov vo verejnej spr\u00e1ve v ich celej \u0161\u00edrke. Pozornos\u0165 venuje normotvorbe, procesom aplik\u00e1cie pr\u00e1va aj r\u00f4znym organiza\u010dn\u00fdm aktivit\u00e1m org\u00e1nov verejnej spr\u00e1vy, ktor\u00e9 podmie\u0148uj\u00fa kvalitu v\u00fdkonu verejnej moci. Cie\u013eom je identifikova\u0165 aktu\u00e1lne v\u00fdzvy, predstavi\u0165 nov\u00e9 pr\u00edstupy a diskutova\u0165 o n\u00e1strojoch zvy\u0161uj\u00facich transparentnos\u0165, efekt\u00edvnos\u0165 a [&hellip;]\" \/>\n<meta property=\"og:url\" content=\"https:\/\/bpf.flaw.uniba.sk\/en\/sekcia-spravneho-prava\/\" \/>\n<meta property=\"og:site_name\" content=\"BPF\" \/>\n<meta property=\"article:modified_time\" content=\"2026-02-17T07:56:48+00:00\" \/>\n<meta name=\"twitter:card\" content=\"summary_large_image\" \/>\n<meta name=\"twitter:label1\" content=\"Est. reading time\" \/>\n\t<meta name=\"twitter:data1\" content=\"1 minute\" \/>\n<script type=\"application\/ld+json\" class=\"yoast-schema-graph\">{\"@context\":\"https:\/\/schema.org\",\"@graph\":[{\"@type\":\"WebPage\",\"@id\":\"https:\/\/bpf.flaw.uniba.sk\/sekcia-spravneho-prava\/\",\"url\":\"https:\/\/bpf.flaw.uniba.sk\/sekcia-spravneho-prava\/\",\"name\":\"Sekcia spr\u00e1vneho pr\u00e1va - BPF\",\"isPartOf\":{\"@id\":\"https:\/\/bpf.flaw.uniba.sk\/#website\"},\"datePublished\":\"2021-03-17T12:19:16+00:00\",\"dateModified\":\"2026-02-17T07:56:48+00:00\",\"breadcrumb\":{\"@id\":\"https:\/\/bpf.flaw.uniba.sk\/sekcia-spravneho-prava\/#breadcrumb\"},\"inLanguage\":\"en-US\",\"potentialAction\":[{\"@type\":\"ReadAction\",\"target\":[\"https:\/\/bpf.flaw.uniba.sk\/sekcia-spravneho-prava\/\"]}]},{\"@type\":\"BreadcrumbList\",\"@id\":\"https:\/\/bpf.flaw.uniba.sk\/sekcia-spravneho-prava\/#breadcrumb\",\"itemListElement\":[{\"@type\":\"ListItem\",\"position\":1,\"name\":\"Home\",\"item\":\"https:\/\/bpf.flaw.uniba.sk\/\"},{\"@type\":\"ListItem\",\"position\":2,\"name\":\"Sekcia spr\u00e1vneho pr\u00e1va\"}]},{\"@type\":\"WebSite\",\"@id\":\"https:\/\/bpf.flaw.uniba.sk\/#website\",\"url\":\"https:\/\/bpf.flaw.uniba.sk\/\",\"name\":\"BPF\",\"description\":\"\",\"publisher\":{\"@id\":\"https:\/\/bpf.flaw.uniba.sk\/#organization\"},\"potentialAction\":[{\"@type\":\"SearchAction\",\"target\":{\"@type\":\"EntryPoint\",\"urlTemplate\":\"https:\/\/bpf.flaw.uniba.sk\/?s={search_term_string}\"},\"query-input\":{\"@type\":\"PropertyValueSpecification\",\"valueRequired\":true,\"valueName\":\"search_term_string\"}}],\"inLanguage\":\"en-US\"},{\"@type\":\"Organization\",\"@id\":\"https:\/\/bpf.flaw.uniba.sk\/#organization\",\"name\":\"BPF\",\"url\":\"https:\/\/bpf.flaw.uniba.sk\/\",\"logo\":{\"@type\":\"ImageObject\",\"inLanguage\":\"en-US\",\"@id\":\"https:\/\/bpf.flaw.uniba.sk\/#\/schema\/logo\/image\/\",\"url\":\"https:\/\/bpf.flaw.uniba.sk\/wp-content\/uploads\/2026\/02\/sj-bpf-biele-scaled.png\",\"contentUrl\":\"https:\/\/bpf.flaw.uniba.sk\/wp-content\/uploads\/2026\/02\/sj-bpf-biele-scaled.png\",\"width\":2560,\"height\":863,\"caption\":\"BPF\"},\"image\":{\"@id\":\"https:\/\/bpf.flaw.uniba.sk\/#\/schema\/logo\/image\/\"}}]}<\/script>\n<!-- \/ Yoast SEO plugin. -->","yoast_head_json":{"title":"Sekcia spr\u00e1vneho pr\u00e1va - BPF","robots":{"index":"index","follow":"follow","max-snippet":"max-snippet:-1","max-image-preview":"max-image-preview:large","max-video-preview":"max-video-preview:-1"},"canonical":"https:\/\/bpf.flaw.uniba.sk\/en\/sekcia-spravneho-prava\/","og_locale":"en_US","og_type":"article","og_title":"Sekcia spr\u00e1vneho pr\u00e1va - BPF","og_description":"Skvalit\u0148ovanie rozhodovac\u00edch procesov vo verejnej spr\u00e1ve Sekcia sa zameriava na skvalit\u0148ovanie rozhodovac\u00edch procesov vo verejnej spr\u00e1ve v ich celej \u0161\u00edrke. Pozornos\u0165 venuje normotvorbe, procesom aplik\u00e1cie pr\u00e1va aj r\u00f4znym organiza\u010dn\u00fdm aktivit\u00e1m org\u00e1nov verejnej spr\u00e1vy, ktor\u00e9 podmie\u0148uj\u00fa kvalitu v\u00fdkonu verejnej moci. Cie\u013eom je identifikova\u0165 aktu\u00e1lne v\u00fdzvy, predstavi\u0165 nov\u00e9 pr\u00edstupy a diskutova\u0165 o n\u00e1strojoch zvy\u0161uj\u00facich transparentnos\u0165, efekt\u00edvnos\u0165 a [&hellip;]","og_url":"https:\/\/bpf.flaw.uniba.sk\/en\/sekcia-spravneho-prava\/","og_site_name":"BPF","article_modified_time":"2026-02-17T07:56:48+00:00","twitter_card":"summary_large_image","twitter_misc":{"Est. reading time":"1 minute"},"schema":{"@context":"https:\/\/schema.org","@graph":[{"@type":"WebPage","@id":"https:\/\/bpf.flaw.uniba.sk\/sekcia-spravneho-prava\/","url":"https:\/\/bpf.flaw.uniba.sk\/sekcia-spravneho-prava\/","name":"Sekcia spr\u00e1vneho pr\u00e1va - BPF","isPartOf":{"@id":"https:\/\/bpf.flaw.uniba.sk\/#website"},"datePublished":"2021-03-17T12:19:16+00:00","dateModified":"2026-02-17T07:56:48+00:00","breadcrumb":{"@id":"https:\/\/bpf.flaw.uniba.sk\/sekcia-spravneho-prava\/#breadcrumb"},"inLanguage":"en-US","potentialAction":[{"@type":"ReadAction","target":["https:\/\/bpf.flaw.uniba.sk\/sekcia-spravneho-prava\/"]}]},{"@type":"BreadcrumbList","@id":"https:\/\/bpf.flaw.uniba.sk\/sekcia-spravneho-prava\/#breadcrumb","itemListElement":[{"@type":"ListItem","position":1,"name":"Home","item":"https:\/\/bpf.flaw.uniba.sk\/"},{"@type":"ListItem","position":2,"name":"Sekcia spr\u00e1vneho pr\u00e1va"}]},{"@type":"WebSite","@id":"https:\/\/bpf.flaw.uniba.sk\/#website","url":"https:\/\/bpf.flaw.uniba.sk\/","name":"BLF","description":"","publisher":{"@id":"https:\/\/bpf.flaw.uniba.sk\/#organization"},"potentialAction":[{"@type":"SearchAction","target":{"@type":"EntryPoint","urlTemplate":"https:\/\/bpf.flaw.uniba.sk\/?s={search_term_string}"},"query-input":{"@type":"PropertyValueSpecification","valueRequired":true,"valueName":"search_term_string"}}],"inLanguage":"en-US"},{"@type":"Organization","@id":"https:\/\/bpf.flaw.uniba.sk\/#organization","name":"BLF","url":"https:\/\/bpf.flaw.uniba.sk\/","logo":{"@type":"ImageObject","inLanguage":"en-US","@id":"https:\/\/bpf.flaw.uniba.sk\/#\/schema\/logo\/image\/","url":"https:\/\/bpf.flaw.uniba.sk\/wp-content\/uploads\/2026\/02\/sj-bpf-biele-scaled.png","contentUrl":"https:\/\/bpf.flaw.uniba.sk\/wp-content\/uploads\/2026\/02\/sj-bpf-biele-scaled.png","width":2560,"height":863,"caption":"BPF"},"image":{"@id":"https:\/\/bpf.flaw.uniba.sk\/#\/schema\/logo\/image\/"}}]}},"_links":{"self":[{"href":"https:\/\/bpf.flaw.uniba.sk\/en\/wp-json\/wp\/v2\/pages\/369","targetHints":{"allow":["GET"]}}],"collection":[{"href":"https:\/\/bpf.flaw.uniba.sk\/en\/wp-json\/wp\/v2\/pages"}],"about":[{"href":"https:\/\/bpf.flaw.uniba.sk\/en\/wp-json\/wp\/v2\/types\/page"}],"author":[{"embeddable":true,"href":"https:\/\/bpf.flaw.uniba.sk\/en\/wp-json\/wp\/v2\/users\/2"}],"replies":[{"embeddable":true,"href":"https:\/\/bpf.flaw.uniba.sk\/en\/wp-json\/wp\/v2\/comments?post=369"}],"version-history":[{"count":11,"href":"https:\/\/bpf.flaw.uniba.sk\/en\/wp-json\/wp\/v2\/pages\/369\/revisions"}],"predecessor-version":[{"id":2771,"href":"https:\/\/bpf.flaw.uniba.sk\/en\/wp-json\/wp\/v2\/pages\/369\/revisions\/2771"}],"wp:attachment":[{"href":"https:\/\/bpf.flaw.uniba.sk\/en\/wp-json\/wp\/v2\/media?parent=369"}],"curies":[{"name":"wp","href":"https:\/\/api.w.org\/{rel}","templated":true}]}}