{"id":374,"date":"2021-03-17T13:20:19","date_gmt":"2021-03-17T12:20:19","guid":{"rendered":"https:\/\/bpf.flaw.uniba.sk\/?page_id=374"},"modified":"2026-02-11T14:11:53","modified_gmt":"2026-02-11T13:11:53","slug":"sekcia-environmentalneho_klimatickeho_prava","status":"publish","type":"page","link":"https:\/\/bpf.flaw.uniba.sk\/en\/sekcia-environmentalneho_klimatickeho_prava\/","title":{"rendered":"Environmental and Climate Law Section"},"content":{"rendered":"<h2 class=\"wp-block-heading alignwide has-text-align-center\">When the Environment Is Part of Success: Business in the Era of Sustainability<\/h2>\n\n\n\n<p>The section explores on how environmental protection is becoming a natural part of successful business in the EU and how it shapes project decision-making from initial preparation through to operation. We welcome papers covering the entire \u201clife cycle\u201d of a project\u2014from the preparation of supporting documentation, through spatial planning and environmental impact assessment\/strategic environmental assessment (EIA\/SEA), permitting procedures and the implementation of the activity itself, including monitoring and control, due diligence, compliance, and liability for environmental damage. Contributions are also invited on preventive and remedial mechanisms, environmental damage, sanctions, access to justice and the role of administrative authorities and courts, as well as the use of data and digitalisation in impact assessment and evidentiary practices.<\/p>\n\n\n\n<p><\/p>\n\n\n\n<p><strong>Guarantors of the section:<\/strong><\/p>\n\n\n\n<p>prof. JUDr. M\u00e1ria Srebalov\u00e1, PhD.<\/p>\n\n\n\n<p>JUDr. Mat\u00fa\u0161 Michalovi\u010d, PhD.<\/p>\n\n\n\n<p><\/p>","protected":false},"excerpt":{"rendered":"<p>Ke\u010f je \u017eivotn\u00e9 prostredie s\u00fa\u010das\u0165ou \u00faspechu: podnikanie v \u00e9re udr\u017eate\u013enosti Sekcia sa zameriava na to, ako sa ochrana \u017eivotn\u00e9ho prostredia st\u00e1va prirodzenou s\u00fa\u010das\u0165ou \u00faspe\u0161n\u00e9ho podnikania v E\u00da a ako ovplyv\u0148uje rozhodovanie o projektoch od ich pr\u00edpravy a\u017e po prev\u00e1dzku. O\u010dak\u00e1vame pr\u00edspevky pokr\u00fdvaj\u00face cel\u00fd \u201e\u017eivotn\u00fd cyklus\u201c projektu \u2013 od pr\u00edpravy podkladov, cez \u00fazemn\u00e9 pl\u00e1novanie a posudzovanie [&hellip;]<\/p>\n","protected":false},"author":2,"featured_media":0,"parent":0,"menu_order":0,"comment_status":"closed","ping_status":"closed","template":"","meta":{"ngg_post_thumbnail":0,"footnotes":""},"class_list":["post-374","page","type-page","status-publish","hentry"],"yoast_head":"<!-- This site is optimized with the Yoast SEO plugin v27.2 - https:\/\/yoast.com\/product\/yoast-seo-wordpress\/ -->\n<title>Sekcia environment\u00e1lneho a\u00a0klimatick\u00e9ho pr\u00e1va - BPF<\/title>\n<meta name=\"robots\" content=\"index, follow, max-snippet:-1, max-image-preview:large, max-video-preview:-1\" \/>\n<link rel=\"canonical\" href=\"https:\/\/bpf.flaw.uniba.sk\/en\/sekcia-environmentalneho_klimatickeho_prava\/\" \/>\n<meta property=\"og:locale\" content=\"en_US\" \/>\n<meta property=\"og:type\" content=\"article\" \/>\n<meta property=\"og:title\" content=\"Sekcia environment\u00e1lneho a\u00a0klimatick\u00e9ho pr\u00e1va - BPF\" \/>\n<meta property=\"og:description\" content=\"Ke\u010f je \u017eivotn\u00e9 prostredie s\u00fa\u010das\u0165ou \u00faspechu: podnikanie v \u00e9re udr\u017eate\u013enosti Sekcia sa zameriava na to, ako sa ochrana \u017eivotn\u00e9ho prostredia st\u00e1va prirodzenou s\u00fa\u010das\u0165ou \u00faspe\u0161n\u00e9ho podnikania v E\u00da a ako ovplyv\u0148uje rozhodovanie o projektoch od ich pr\u00edpravy a\u017e po prev\u00e1dzku. O\u010dak\u00e1vame pr\u00edspevky pokr\u00fdvaj\u00face cel\u00fd \u201e\u017eivotn\u00fd cyklus\u201c projektu \u2013 od pr\u00edpravy podkladov, cez \u00fazemn\u00e9 pl\u00e1novanie a posudzovanie [&hellip;]\" \/>\n<meta property=\"og:url\" content=\"https:\/\/bpf.flaw.uniba.sk\/en\/sekcia-environmentalneho_klimatickeho_prava\/\" \/>\n<meta property=\"og:site_name\" content=\"BPF\" \/>\n<meta property=\"article:modified_time\" content=\"2026-02-11T13:11:53+00:00\" \/>\n<meta name=\"twitter:card\" content=\"summary_large_image\" \/>\n<meta name=\"twitter:label1\" content=\"Est. reading time\" \/>\n\t<meta name=\"twitter:data1\" content=\"1 minute\" \/>\n<script type=\"application\/ld+json\" class=\"yoast-schema-graph\">{\"@context\":\"https:\/\/schema.org\",\"@graph\":[{\"@type\":\"WebPage\",\"@id\":\"https:\/\/bpf.flaw.uniba.sk\/sekcia-environmentalneho_klimatickeho_prava\/\",\"url\":\"https:\/\/bpf.flaw.uniba.sk\/sekcia-environmentalneho_klimatickeho_prava\/\",\"name\":\"Sekcia environment\u00e1lneho a\u00a0klimatick\u00e9ho pr\u00e1va - BPF\",\"isPartOf\":{\"@id\":\"https:\/\/bpf.flaw.uniba.sk\/#website\"},\"datePublished\":\"2021-03-17T12:20:19+00:00\",\"dateModified\":\"2026-02-11T13:11:53+00:00\",\"breadcrumb\":{\"@id\":\"https:\/\/bpf.flaw.uniba.sk\/sekcia-environmentalneho_klimatickeho_prava\/#breadcrumb\"},\"inLanguage\":\"en-US\",\"potentialAction\":[{\"@type\":\"ReadAction\",\"target\":[\"https:\/\/bpf.flaw.uniba.sk\/sekcia-environmentalneho_klimatickeho_prava\/\"]}]},{\"@type\":\"BreadcrumbList\",\"@id\":\"https:\/\/bpf.flaw.uniba.sk\/sekcia-environmentalneho_klimatickeho_prava\/#breadcrumb\",\"itemListElement\":[{\"@type\":\"ListItem\",\"position\":1,\"name\":\"Home\",\"item\":\"https:\/\/bpf.flaw.uniba.sk\/\"},{\"@type\":\"ListItem\",\"position\":2,\"name\":\"Sekcia environment\u00e1lneho a\u00a0klimatick\u00e9ho pr\u00e1va\"}]},{\"@type\":\"WebSite\",\"@id\":\"https:\/\/bpf.flaw.uniba.sk\/#website\",\"url\":\"https:\/\/bpf.flaw.uniba.sk\/\",\"name\":\"BPF\",\"description\":\"\",\"publisher\":{\"@id\":\"https:\/\/bpf.flaw.uniba.sk\/#organization\"},\"potentialAction\":[{\"@type\":\"SearchAction\",\"target\":{\"@type\":\"EntryPoint\",\"urlTemplate\":\"https:\/\/bpf.flaw.uniba.sk\/?s={search_term_string}\"},\"query-input\":{\"@type\":\"PropertyValueSpecification\",\"valueRequired\":true,\"valueName\":\"search_term_string\"}}],\"inLanguage\":\"en-US\"},{\"@type\":\"Organization\",\"@id\":\"https:\/\/bpf.flaw.uniba.sk\/#organization\",\"name\":\"BPF\",\"url\":\"https:\/\/bpf.flaw.uniba.sk\/\",\"logo\":{\"@type\":\"ImageObject\",\"inLanguage\":\"en-US\",\"@id\":\"https:\/\/bpf.flaw.uniba.sk\/#\/schema\/logo\/image\/\",\"url\":\"https:\/\/bpf.flaw.uniba.sk\/wp-content\/uploads\/2026\/02\/sj-bpf-biele-scaled.png\",\"contentUrl\":\"https:\/\/bpf.flaw.uniba.sk\/wp-content\/uploads\/2026\/02\/sj-bpf-biele-scaled.png\",\"width\":2560,\"height\":863,\"caption\":\"BPF\"},\"image\":{\"@id\":\"https:\/\/bpf.flaw.uniba.sk\/#\/schema\/logo\/image\/\"}}]}<\/script>\n<!-- \/ Yoast SEO plugin. -->","yoast_head_json":{"title":"Sekcia environment\u00e1lneho a\u00a0klimatick\u00e9ho pr\u00e1va - BPF","robots":{"index":"index","follow":"follow","max-snippet":"max-snippet:-1","max-image-preview":"max-image-preview:large","max-video-preview":"max-video-preview:-1"},"canonical":"https:\/\/bpf.flaw.uniba.sk\/en\/sekcia-environmentalneho_klimatickeho_prava\/","og_locale":"en_US","og_type":"article","og_title":"Sekcia environment\u00e1lneho a\u00a0klimatick\u00e9ho pr\u00e1va - BPF","og_description":"Ke\u010f je \u017eivotn\u00e9 prostredie s\u00fa\u010das\u0165ou \u00faspechu: podnikanie v \u00e9re udr\u017eate\u013enosti Sekcia sa zameriava na to, ako sa ochrana \u017eivotn\u00e9ho prostredia st\u00e1va prirodzenou s\u00fa\u010das\u0165ou \u00faspe\u0161n\u00e9ho podnikania v E\u00da a ako ovplyv\u0148uje rozhodovanie o projektoch od ich pr\u00edpravy a\u017e po prev\u00e1dzku. O\u010dak\u00e1vame pr\u00edspevky pokr\u00fdvaj\u00face cel\u00fd \u201e\u017eivotn\u00fd cyklus\u201c projektu \u2013 od pr\u00edpravy podkladov, cez \u00fazemn\u00e9 pl\u00e1novanie a posudzovanie [&hellip;]","og_url":"https:\/\/bpf.flaw.uniba.sk\/en\/sekcia-environmentalneho_klimatickeho_prava\/","og_site_name":"BPF","article_modified_time":"2026-02-11T13:11:53+00:00","twitter_card":"summary_large_image","twitter_misc":{"Est. reading time":"1 minute"},"schema":{"@context":"https:\/\/schema.org","@graph":[{"@type":"WebPage","@id":"https:\/\/bpf.flaw.uniba.sk\/sekcia-environmentalneho_klimatickeho_prava\/","url":"https:\/\/bpf.flaw.uniba.sk\/sekcia-environmentalneho_klimatickeho_prava\/","name":"Sekcia environment\u00e1lneho a\u00a0klimatick\u00e9ho pr\u00e1va - BPF","isPartOf":{"@id":"https:\/\/bpf.flaw.uniba.sk\/#website"},"datePublished":"2021-03-17T12:20:19+00:00","dateModified":"2026-02-11T13:11:53+00:00","breadcrumb":{"@id":"https:\/\/bpf.flaw.uniba.sk\/sekcia-environmentalneho_klimatickeho_prava\/#breadcrumb"},"inLanguage":"en-US","potentialAction":[{"@type":"ReadAction","target":["https:\/\/bpf.flaw.uniba.sk\/sekcia-environmentalneho_klimatickeho_prava\/"]}]},{"@type":"BreadcrumbList","@id":"https:\/\/bpf.flaw.uniba.sk\/sekcia-environmentalneho_klimatickeho_prava\/#breadcrumb","itemListElement":[{"@type":"ListItem","position":1,"name":"Home","item":"https:\/\/bpf.flaw.uniba.sk\/"},{"@type":"ListItem","position":2,"name":"Sekcia environment\u00e1lneho a\u00a0klimatick\u00e9ho pr\u00e1va"}]},{"@type":"WebSite","@id":"https:\/\/bpf.flaw.uniba.sk\/#website","url":"https:\/\/bpf.flaw.uniba.sk\/","name":"BLF","description":"","publisher":{"@id":"https:\/\/bpf.flaw.uniba.sk\/#organization"},"potentialAction":[{"@type":"SearchAction","target":{"@type":"EntryPoint","urlTemplate":"https:\/\/bpf.flaw.uniba.sk\/?s={search_term_string}"},"query-input":{"@type":"PropertyValueSpecification","valueRequired":true,"valueName":"search_term_string"}}],"inLanguage":"en-US"},{"@type":"Organization","@id":"https:\/\/bpf.flaw.uniba.sk\/#organization","name":"BLF","url":"https:\/\/bpf.flaw.uniba.sk\/","logo":{"@type":"ImageObject","inLanguage":"en-US","@id":"https:\/\/bpf.flaw.uniba.sk\/#\/schema\/logo\/image\/","url":"https:\/\/bpf.flaw.uniba.sk\/wp-content\/uploads\/2026\/02\/sj-bpf-biele-scaled.png","contentUrl":"https:\/\/bpf.flaw.uniba.sk\/wp-content\/uploads\/2026\/02\/sj-bpf-biele-scaled.png","width":2560,"height":863,"caption":"BPF"},"image":{"@id":"https:\/\/bpf.flaw.uniba.sk\/#\/schema\/logo\/image\/"}}]}},"_links":{"self":[{"href":"https:\/\/bpf.flaw.uniba.sk\/en\/wp-json\/wp\/v2\/pages\/374","targetHints":{"allow":["GET"]}}],"collection":[{"href":"https:\/\/bpf.flaw.uniba.sk\/en\/wp-json\/wp\/v2\/pages"}],"about":[{"href":"https:\/\/bpf.flaw.uniba.sk\/en\/wp-json\/wp\/v2\/types\/page"}],"author":[{"embeddable":true,"href":"https:\/\/bpf.flaw.uniba.sk\/en\/wp-json\/wp\/v2\/users\/2"}],"replies":[{"embeddable":true,"href":"https:\/\/bpf.flaw.uniba.sk\/en\/wp-json\/wp\/v2\/comments?post=374"}],"version-history":[{"count":9,"href":"https:\/\/bpf.flaw.uniba.sk\/en\/wp-json\/wp\/v2\/pages\/374\/revisions"}],"predecessor-version":[{"id":2719,"href":"https:\/\/bpf.flaw.uniba.sk\/en\/wp-json\/wp\/v2\/pages\/374\/revisions\/2719"}],"wp:attachment":[{"href":"https:\/\/bpf.flaw.uniba.sk\/en\/wp-json\/wp\/v2\/media?parent=374"}],"curies":[{"name":"wp","href":"https:\/\/api.w.org\/{rel}","templated":true}]}}