{"id":379,"date":"2021-03-17T13:21:18","date_gmt":"2021-03-17T12:21:18","guid":{"rendered":"https:\/\/bpf.flaw.uniba.sk\/?page_id=379"},"modified":"2026-02-11T15:04:02","modified_gmt":"2026-02-11T14:04:02","slug":"sekcia-financneho-prava","status":"publish","type":"page","link":"https:\/\/bpf.flaw.uniba.sk\/en\/sekcia-financneho-prava\/","title":{"rendered":"Section of Administrative Law, Commercial Law and Economic Law, Financial Law and Economic Sciences"},"content":{"rendered":"<h2 class=\"wp-block-heading alignwide has-text-align-center\">Private and Public Law Burdens on Business: Challenges and Solutions<\/h2>\n\n\n\n<p class=\"has-drop-cap\">The section entitled \"Private and Public Law Burdens on Business: Challenges and Solutions\" focuses on the analysis of legal constraints and obligations that affect business entities under private and public law. Contributions are welcome that address the differences between private law burdens, arising mainly from contractual relationships, property rights or obligations towards other entities, and public law burdens imposed on entrepreneurs by public authorities and public administration through administrative, tax, financial, environmental, or labor law standards. As an added value, contributions are expected to identify the main problems faced by entrepreneurs (such as a high administrative burden, inconsistent legislation, excessive regulation, etc.), with an emphasis on optimizing the relationship between ensuring the public interest and supporting entrepreneurial freedom and competitiveness, as well as proposing solutions aimed at simplifying the legal framework, strengthening legal certainty for entrepreneurs, and more effective coordination between the state and the private sector. Contributions may also focus on specific public-law burdens that affect business, such as restrictions on the ability to obtain financing and the raising of funds for business activities, or the rigidity of the legal environment in terms of the necessary licenses and permits for doing business in (over)regulated areas. On the other hand, contributions should seek an appropriate balance between the legal boundaries of permitted and prohibited business activities and analyse the consequences of the consumer or start-up mistrust, stemmed from previous bad experiences with such situations.<\/p>\n\n\n\n<p><strong>Guarantors of the section:<\/strong><\/p>\n\n\n\n<p>prof. JUDr. Mari\u00e1n Vrabko, CSc.<\/p>\n\n\n\n<p>doc. Ing. Erika Neubauerov\u00e1, PhD.<\/p>\n\n\n\n<p><\/p>","protected":false},"excerpt":{"rendered":"<p>S\u00fakromnopr\u00e1vne a verejnopr\u00e1vne bremen\u00e1 pre podnikanie: v\u00fdzvy a\u00a0rie\u0161enia Sekcia s n\u00e1zvom \u201eS\u00fakromnopr\u00e1vne a verejnopr\u00e1vne bremen\u00e1 pre podnikanie: v\u00fdzvy a rie\u0161enia\u201c je zameran\u00e1 na anal\u00fdzu pr\u00e1vnych prek\u00e1\u017eok a z\u00e1v\u00e4zkov, ktor\u00e9 ovplyv\u0148uj\u00fa podnikate\u013esk\u00e9 subjekty v r\u00e1mci s\u00fakromn\u00e9ho a verejn\u00e9ho pr\u00e1va. V\u00edtan\u00e9 s\u00fa pr\u00edspevky zaoberaj\u00face sa rozdielmi medzi s\u00fakromnopr\u00e1vnymi bremenami, vypl\u00fdvaj\u00facimi najm\u00e4 zo zmluvn\u00fdch vz\u0165ahov, vlastn\u00edckych pr\u00e1v \u010di [&hellip;]<\/p>\n","protected":false},"author":2,"featured_media":0,"parent":0,"menu_order":0,"comment_status":"closed","ping_status":"closed","template":"","meta":{"ngg_post_thumbnail":0,"footnotes":""},"class_list":["post-379","page","type-page","status-publish","hentry"],"yoast_head":"<!-- This site is optimized with the Yoast SEO plugin v27.2 - https:\/\/yoast.com\/product\/yoast-seo-wordpress\/ -->\n<title>Sekcia spr\u00e1vneho pr\u00e1va, obchodn\u00e9ho pr\u00e1va a hospod\u00e1rskeho pr\u00e1va, finan\u010dn\u00e9ho pr\u00e1va a ekonomick\u00fdch vied - BPF<\/title>\n<meta name=\"robots\" content=\"index, follow, max-snippet:-1, max-image-preview:large, max-video-preview:-1\" \/>\n<link rel=\"canonical\" href=\"https:\/\/bpf.flaw.uniba.sk\/en\/sekcia-financneho-prava\/\" \/>\n<meta property=\"og:locale\" content=\"en_US\" \/>\n<meta property=\"og:type\" content=\"article\" \/>\n<meta property=\"og:title\" content=\"Sekcia spr\u00e1vneho pr\u00e1va, obchodn\u00e9ho pr\u00e1va a hospod\u00e1rskeho pr\u00e1va, finan\u010dn\u00e9ho pr\u00e1va a ekonomick\u00fdch vied - BPF\" \/>\n<meta property=\"og:description\" content=\"S\u00fakromnopr\u00e1vne a verejnopr\u00e1vne bremen\u00e1 pre podnikanie: v\u00fdzvy a\u00a0rie\u0161enia Sekcia s n\u00e1zvom \u201eS\u00fakromnopr\u00e1vne a verejnopr\u00e1vne bremen\u00e1 pre podnikanie: v\u00fdzvy a rie\u0161enia\u201c je zameran\u00e1 na anal\u00fdzu pr\u00e1vnych prek\u00e1\u017eok a z\u00e1v\u00e4zkov, ktor\u00e9 ovplyv\u0148uj\u00fa podnikate\u013esk\u00e9 subjekty v r\u00e1mci s\u00fakromn\u00e9ho a verejn\u00e9ho pr\u00e1va. V\u00edtan\u00e9 s\u00fa pr\u00edspevky zaoberaj\u00face sa rozdielmi medzi s\u00fakromnopr\u00e1vnymi bremenami, vypl\u00fdvaj\u00facimi najm\u00e4 zo zmluvn\u00fdch vz\u0165ahov, vlastn\u00edckych pr\u00e1v \u010di [&hellip;]\" \/>\n<meta property=\"og:url\" content=\"https:\/\/bpf.flaw.uniba.sk\/en\/sekcia-financneho-prava\/\" \/>\n<meta property=\"og:site_name\" content=\"BPF\" \/>\n<meta property=\"article:modified_time\" content=\"2026-02-11T14:04:02+00:00\" \/>\n<meta name=\"twitter:card\" content=\"summary_large_image\" \/>\n<meta name=\"twitter:label1\" content=\"Est. reading time\" \/>\n\t<meta name=\"twitter:data1\" content=\"2 minutes\" \/>\n<script type=\"application\/ld+json\" class=\"yoast-schema-graph\">{\"@context\":\"https:\/\/schema.org\",\"@graph\":[{\"@type\":\"WebPage\",\"@id\":\"https:\/\/bpf.flaw.uniba.sk\/sekcia-financneho-prava\/\",\"url\":\"https:\/\/bpf.flaw.uniba.sk\/sekcia-financneho-prava\/\",\"name\":\"Sekcia spr\u00e1vneho pr\u00e1va, obchodn\u00e9ho pr\u00e1va a hospod\u00e1rskeho pr\u00e1va, finan\u010dn\u00e9ho pr\u00e1va a ekonomick\u00fdch vied - BPF\",\"isPartOf\":{\"@id\":\"https:\/\/bpf.flaw.uniba.sk\/#website\"},\"datePublished\":\"2021-03-17T12:21:18+00:00\",\"dateModified\":\"2026-02-11T14:04:02+00:00\",\"breadcrumb\":{\"@id\":\"https:\/\/bpf.flaw.uniba.sk\/sekcia-financneho-prava\/#breadcrumb\"},\"inLanguage\":\"en-US\",\"potentialAction\":[{\"@type\":\"ReadAction\",\"target\":[\"https:\/\/bpf.flaw.uniba.sk\/sekcia-financneho-prava\/\"]}]},{\"@type\":\"BreadcrumbList\",\"@id\":\"https:\/\/bpf.flaw.uniba.sk\/sekcia-financneho-prava\/#breadcrumb\",\"itemListElement\":[{\"@type\":\"ListItem\",\"position\":1,\"name\":\"Home\",\"item\":\"https:\/\/bpf.flaw.uniba.sk\/\"},{\"@type\":\"ListItem\",\"position\":2,\"name\":\"Sekcia spr\u00e1vneho pr\u00e1va, obchodn\u00e9ho pr\u00e1va a hospod\u00e1rskeho pr\u00e1va, finan\u010dn\u00e9ho pr\u00e1va a ekonomick\u00fdch vied\"}]},{\"@type\":\"WebSite\",\"@id\":\"https:\/\/bpf.flaw.uniba.sk\/#website\",\"url\":\"https:\/\/bpf.flaw.uniba.sk\/\",\"name\":\"BPF\",\"description\":\"\",\"publisher\":{\"@id\":\"https:\/\/bpf.flaw.uniba.sk\/#organization\"},\"potentialAction\":[{\"@type\":\"SearchAction\",\"target\":{\"@type\":\"EntryPoint\",\"urlTemplate\":\"https:\/\/bpf.flaw.uniba.sk\/?s={search_term_string}\"},\"query-input\":{\"@type\":\"PropertyValueSpecification\",\"valueRequired\":true,\"valueName\":\"search_term_string\"}}],\"inLanguage\":\"en-US\"},{\"@type\":\"Organization\",\"@id\":\"https:\/\/bpf.flaw.uniba.sk\/#organization\",\"name\":\"BPF\",\"url\":\"https:\/\/bpf.flaw.uniba.sk\/\",\"logo\":{\"@type\":\"ImageObject\",\"inLanguage\":\"en-US\",\"@id\":\"https:\/\/bpf.flaw.uniba.sk\/#\/schema\/logo\/image\/\",\"url\":\"https:\/\/bpf.flaw.uniba.sk\/wp-content\/uploads\/2026\/02\/sj-bpf-biele-scaled.png\",\"contentUrl\":\"https:\/\/bpf.flaw.uniba.sk\/wp-content\/uploads\/2026\/02\/sj-bpf-biele-scaled.png\",\"width\":2560,\"height\":863,\"caption\":\"BPF\"},\"image\":{\"@id\":\"https:\/\/bpf.flaw.uniba.sk\/#\/schema\/logo\/image\/\"}}]}<\/script>\n<!-- \/ Yoast SEO plugin. -->","yoast_head_json":{"title":"Sekcia spr\u00e1vneho pr\u00e1va, obchodn\u00e9ho pr\u00e1va a hospod\u00e1rskeho pr\u00e1va, finan\u010dn\u00e9ho pr\u00e1va a ekonomick\u00fdch vied - BPF","robots":{"index":"index","follow":"follow","max-snippet":"max-snippet:-1","max-image-preview":"max-image-preview:large","max-video-preview":"max-video-preview:-1"},"canonical":"https:\/\/bpf.flaw.uniba.sk\/en\/sekcia-financneho-prava\/","og_locale":"en_US","og_type":"article","og_title":"Sekcia spr\u00e1vneho pr\u00e1va, obchodn\u00e9ho pr\u00e1va a hospod\u00e1rskeho pr\u00e1va, finan\u010dn\u00e9ho pr\u00e1va a ekonomick\u00fdch vied - BPF","og_description":"S\u00fakromnopr\u00e1vne a verejnopr\u00e1vne bremen\u00e1 pre podnikanie: v\u00fdzvy a\u00a0rie\u0161enia Sekcia s n\u00e1zvom \u201eS\u00fakromnopr\u00e1vne a verejnopr\u00e1vne bremen\u00e1 pre podnikanie: v\u00fdzvy a rie\u0161enia\u201c je zameran\u00e1 na anal\u00fdzu pr\u00e1vnych prek\u00e1\u017eok a z\u00e1v\u00e4zkov, ktor\u00e9 ovplyv\u0148uj\u00fa podnikate\u013esk\u00e9 subjekty v r\u00e1mci s\u00fakromn\u00e9ho a verejn\u00e9ho pr\u00e1va. V\u00edtan\u00e9 s\u00fa pr\u00edspevky zaoberaj\u00face sa rozdielmi medzi s\u00fakromnopr\u00e1vnymi bremenami, vypl\u00fdvaj\u00facimi najm\u00e4 zo zmluvn\u00fdch vz\u0165ahov, vlastn\u00edckych pr\u00e1v \u010di [&hellip;]","og_url":"https:\/\/bpf.flaw.uniba.sk\/en\/sekcia-financneho-prava\/","og_site_name":"BPF","article_modified_time":"2026-02-11T14:04:02+00:00","twitter_card":"summary_large_image","twitter_misc":{"Est. reading time":"2 minutes"},"schema":{"@context":"https:\/\/schema.org","@graph":[{"@type":"WebPage","@id":"https:\/\/bpf.flaw.uniba.sk\/sekcia-financneho-prava\/","url":"https:\/\/bpf.flaw.uniba.sk\/sekcia-financneho-prava\/","name":"Sekcia spr\u00e1vneho pr\u00e1va, obchodn\u00e9ho pr\u00e1va a hospod\u00e1rskeho pr\u00e1va, finan\u010dn\u00e9ho pr\u00e1va a ekonomick\u00fdch vied - BPF","isPartOf":{"@id":"https:\/\/bpf.flaw.uniba.sk\/#website"},"datePublished":"2021-03-17T12:21:18+00:00","dateModified":"2026-02-11T14:04:02+00:00","breadcrumb":{"@id":"https:\/\/bpf.flaw.uniba.sk\/sekcia-financneho-prava\/#breadcrumb"},"inLanguage":"en-US","potentialAction":[{"@type":"ReadAction","target":["https:\/\/bpf.flaw.uniba.sk\/sekcia-financneho-prava\/"]}]},{"@type":"BreadcrumbList","@id":"https:\/\/bpf.flaw.uniba.sk\/sekcia-financneho-prava\/#breadcrumb","itemListElement":[{"@type":"ListItem","position":1,"name":"Home","item":"https:\/\/bpf.flaw.uniba.sk\/"},{"@type":"ListItem","position":2,"name":"Sekcia spr\u00e1vneho pr\u00e1va, obchodn\u00e9ho pr\u00e1va a hospod\u00e1rskeho pr\u00e1va, finan\u010dn\u00e9ho pr\u00e1va a ekonomick\u00fdch vied"}]},{"@type":"WebSite","@id":"https:\/\/bpf.flaw.uniba.sk\/#website","url":"https:\/\/bpf.flaw.uniba.sk\/","name":"BLF","description":"","publisher":{"@id":"https:\/\/bpf.flaw.uniba.sk\/#organization"},"potentialAction":[{"@type":"SearchAction","target":{"@type":"EntryPoint","urlTemplate":"https:\/\/bpf.flaw.uniba.sk\/?s={search_term_string}"},"query-input":{"@type":"PropertyValueSpecification","valueRequired":true,"valueName":"search_term_string"}}],"inLanguage":"en-US"},{"@type":"Organization","@id":"https:\/\/bpf.flaw.uniba.sk\/#organization","name":"BLF","url":"https:\/\/bpf.flaw.uniba.sk\/","logo":{"@type":"ImageObject","inLanguage":"en-US","@id":"https:\/\/bpf.flaw.uniba.sk\/#\/schema\/logo\/image\/","url":"https:\/\/bpf.flaw.uniba.sk\/wp-content\/uploads\/2026\/02\/sj-bpf-biele-scaled.png","contentUrl":"https:\/\/bpf.flaw.uniba.sk\/wp-content\/uploads\/2026\/02\/sj-bpf-biele-scaled.png","width":2560,"height":863,"caption":"BPF"},"image":{"@id":"https:\/\/bpf.flaw.uniba.sk\/#\/schema\/logo\/image\/"}}]}},"_links":{"self":[{"href":"https:\/\/bpf.flaw.uniba.sk\/en\/wp-json\/wp\/v2\/pages\/379","targetHints":{"allow":["GET"]}}],"collection":[{"href":"https:\/\/bpf.flaw.uniba.sk\/en\/wp-json\/wp\/v2\/pages"}],"about":[{"href":"https:\/\/bpf.flaw.uniba.sk\/en\/wp-json\/wp\/v2\/types\/page"}],"author":[{"embeddable":true,"href":"https:\/\/bpf.flaw.uniba.sk\/en\/wp-json\/wp\/v2\/users\/2"}],"replies":[{"embeddable":true,"href":"https:\/\/bpf.flaw.uniba.sk\/en\/wp-json\/wp\/v2\/comments?post=379"}],"version-history":[{"count":10,"href":"https:\/\/bpf.flaw.uniba.sk\/en\/wp-json\/wp\/v2\/pages\/379\/revisions"}],"predecessor-version":[{"id":2729,"href":"https:\/\/bpf.flaw.uniba.sk\/en\/wp-json\/wp\/v2\/pages\/379\/revisions\/2729"}],"wp:attachment":[{"href":"https:\/\/bpf.flaw.uniba.sk\/en\/wp-json\/wp\/v2\/media?parent=379"}],"curies":[{"name":"wp","href":"https:\/\/api.w.org\/{rel}","templated":true}]}}