{"id":389,"date":"2021-03-17T13:23:44","date_gmt":"2021-03-17T12:23:44","guid":{"rendered":"https:\/\/bpf.flaw.uniba.sk\/?page_id=389"},"modified":"2026-02-17T08:50:18","modified_gmt":"2026-02-17T07:50:18","slug":"sekcia-pracovneho-prava-a-psz","status":"publish","type":"page","link":"https:\/\/bpf.flaw.uniba.sk\/en\/sekcia-pracovneho-prava-a-psz\/","title":{"rendered":"Labour Law and Social Security Law Section"},"content":{"rendered":"<h2 class=\"wp-block-heading alignwide has-text-align-center\">Green Transition and Labour Law: Sustainable Work in a Decarbonised Economy<\/h2>\n\n\n\n<p class=\"has-drop-cap\">This section explores the intersection between the European green transition and labour law at a time when the EU is moving towards a fully decarbonised economy. EU climate policies, the Green Deal, and modern environmental standards are reshaping labour markets, working conditions, and employer obligations. The discussion will focus on the legal and social implications of these changes, particularly on the concept of just transition, the need for reskilling and upskilling of workers, and the role of social partners in ensuring social fairness. The section will also address new models of sustainable work, environmentally oriented workplace policies, the ecological adaptation of workplaces, and emerging OSH risks linked to climate change. Given the cross-border relevance of these topics, comparative insights from different legal systems within and beyond the EU will enrich the debate. The aim of the section is to connect the EU\u2019s climate ambitions with labour-law regulation and to identify sustainable, fair, and legally predictable solutions for the future of work in a low-carbon economy.<\/p>\n\n\n\n<p><\/p>\n\n\n\n<p><strong>Guarantors of the section:<\/strong><\/p>\n\n\n\n<p>prof. JUDr. Juraj Hamu\u013e\u00e1k, PhD.<\/p>\n\n\n\n<p>doc. JUDr. Lenka Freel, PhD.<\/p>","protected":false},"excerpt":{"rendered":"<p>Zelen\u00e1 transform\u00e1cia a pracovn\u00e9 pr\u00e1vo: Udr\u017eate\u013en\u00e1 pr\u00e1ca v dekarbonizovanej ekonomike Sekcia sa zameriava na prepojenie eur\u00f3pskej zelenej transform\u00e1cie s pracovn\u00fdm pr\u00e1vom v \u010dase, ke\u010f Eur\u00f3pska \u00fania prech\u00e1dza k dekarbonizovan\u00e9mu hospod\u00e1rstvu. Klimatick\u00e9 politiky E\u00da, Green Deal a modern\u00e9 environment\u00e1lne \u0161tandardy menia \u0161trukt\u00faru pracovn\u00e9ho trhu, pracovn\u00e9 podmienky aj povinnosti zamestn\u00e1vate\u013eov. Diskusia sa s\u00fastred\u00ed na pr\u00e1vne a soci\u00e1lne [&hellip;]<\/p>\n","protected":false},"author":2,"featured_media":0,"parent":0,"menu_order":0,"comment_status":"closed","ping_status":"closed","template":"","meta":{"ngg_post_thumbnail":0,"footnotes":""},"class_list":["post-389","page","type-page","status-publish","hentry"],"yoast_head":"<!-- This site is optimized with the Yoast SEO plugin v27.2 - https:\/\/yoast.com\/product\/yoast-seo-wordpress\/ -->\n<title>Sekcia pracovn\u00e9ho pr\u00e1va a\u00a0pr\u00e1va soci\u00e1lneho zabezpe\u010denia - BPF<\/title>\n<meta name=\"robots\" content=\"index, follow, max-snippet:-1, max-image-preview:large, max-video-preview:-1\" \/>\n<link rel=\"canonical\" href=\"https:\/\/bpf.flaw.uniba.sk\/en\/sekcia-pracovneho-prava-a-psz\/\" \/>\n<meta property=\"og:locale\" content=\"en_US\" \/>\n<meta property=\"og:type\" content=\"article\" \/>\n<meta property=\"og:title\" content=\"Sekcia pracovn\u00e9ho pr\u00e1va a\u00a0pr\u00e1va soci\u00e1lneho zabezpe\u010denia - BPF\" \/>\n<meta property=\"og:description\" content=\"Zelen\u00e1 transform\u00e1cia a pracovn\u00e9 pr\u00e1vo: Udr\u017eate\u013en\u00e1 pr\u00e1ca v dekarbonizovanej ekonomike Sekcia sa zameriava na prepojenie eur\u00f3pskej zelenej transform\u00e1cie s pracovn\u00fdm pr\u00e1vom v \u010dase, ke\u010f Eur\u00f3pska \u00fania prech\u00e1dza k dekarbonizovan\u00e9mu hospod\u00e1rstvu. Klimatick\u00e9 politiky E\u00da, Green Deal a modern\u00e9 environment\u00e1lne \u0161tandardy menia \u0161trukt\u00faru pracovn\u00e9ho trhu, pracovn\u00e9 podmienky aj povinnosti zamestn\u00e1vate\u013eov. Diskusia sa s\u00fastred\u00ed na pr\u00e1vne a soci\u00e1lne [&hellip;]\" \/>\n<meta property=\"og:url\" content=\"https:\/\/bpf.flaw.uniba.sk\/en\/sekcia-pracovneho-prava-a-psz\/\" \/>\n<meta property=\"og:site_name\" content=\"BPF\" \/>\n<meta property=\"article:modified_time\" content=\"2026-02-17T07:50:18+00:00\" \/>\n<meta name=\"twitter:card\" content=\"summary_large_image\" \/>\n<meta name=\"twitter:label1\" content=\"Est. reading time\" \/>\n\t<meta name=\"twitter:data1\" content=\"1 minute\" \/>\n<script type=\"application\/ld+json\" class=\"yoast-schema-graph\">{\"@context\":\"https:\/\/schema.org\",\"@graph\":[{\"@type\":\"WebPage\",\"@id\":\"https:\/\/bpf.flaw.uniba.sk\/sekcia-pracovneho-prava-a-psz\/\",\"url\":\"https:\/\/bpf.flaw.uniba.sk\/sekcia-pracovneho-prava-a-psz\/\",\"name\":\"Sekcia pracovn\u00e9ho pr\u00e1va a\u00a0pr\u00e1va soci\u00e1lneho zabezpe\u010denia - BPF\",\"isPartOf\":{\"@id\":\"https:\/\/bpf.flaw.uniba.sk\/#website\"},\"datePublished\":\"2021-03-17T12:23:44+00:00\",\"dateModified\":\"2026-02-17T07:50:18+00:00\",\"breadcrumb\":{\"@id\":\"https:\/\/bpf.flaw.uniba.sk\/sekcia-pracovneho-prava-a-psz\/#breadcrumb\"},\"inLanguage\":\"en-US\",\"potentialAction\":[{\"@type\":\"ReadAction\",\"target\":[\"https:\/\/bpf.flaw.uniba.sk\/sekcia-pracovneho-prava-a-psz\/\"]}]},{\"@type\":\"BreadcrumbList\",\"@id\":\"https:\/\/bpf.flaw.uniba.sk\/sekcia-pracovneho-prava-a-psz\/#breadcrumb\",\"itemListElement\":[{\"@type\":\"ListItem\",\"position\":1,\"name\":\"Home\",\"item\":\"https:\/\/bpf.flaw.uniba.sk\/\"},{\"@type\":\"ListItem\",\"position\":2,\"name\":\"Sekcia pracovn\u00e9ho pr\u00e1va a\u00a0pr\u00e1va soci\u00e1lneho zabezpe\u010denia\"}]},{\"@type\":\"WebSite\",\"@id\":\"https:\/\/bpf.flaw.uniba.sk\/#website\",\"url\":\"https:\/\/bpf.flaw.uniba.sk\/\",\"name\":\"BPF\",\"description\":\"\",\"publisher\":{\"@id\":\"https:\/\/bpf.flaw.uniba.sk\/#organization\"},\"potentialAction\":[{\"@type\":\"SearchAction\",\"target\":{\"@type\":\"EntryPoint\",\"urlTemplate\":\"https:\/\/bpf.flaw.uniba.sk\/?s={search_term_string}\"},\"query-input\":{\"@type\":\"PropertyValueSpecification\",\"valueRequired\":true,\"valueName\":\"search_term_string\"}}],\"inLanguage\":\"en-US\"},{\"@type\":\"Organization\",\"@id\":\"https:\/\/bpf.flaw.uniba.sk\/#organization\",\"name\":\"BPF\",\"url\":\"https:\/\/bpf.flaw.uniba.sk\/\",\"logo\":{\"@type\":\"ImageObject\",\"inLanguage\":\"en-US\",\"@id\":\"https:\/\/bpf.flaw.uniba.sk\/#\/schema\/logo\/image\/\",\"url\":\"https:\/\/bpf.flaw.uniba.sk\/wp-content\/uploads\/2026\/02\/sj-bpf-biele-scaled.png\",\"contentUrl\":\"https:\/\/bpf.flaw.uniba.sk\/wp-content\/uploads\/2026\/02\/sj-bpf-biele-scaled.png\",\"width\":2560,\"height\":863,\"caption\":\"BPF\"},\"image\":{\"@id\":\"https:\/\/bpf.flaw.uniba.sk\/#\/schema\/logo\/image\/\"}}]}<\/script>\n<!-- \/ Yoast SEO plugin. -->","yoast_head_json":{"title":"Sekcia pracovn\u00e9ho pr\u00e1va a\u00a0pr\u00e1va soci\u00e1lneho zabezpe\u010denia - BPF","robots":{"index":"index","follow":"follow","max-snippet":"max-snippet:-1","max-image-preview":"max-image-preview:large","max-video-preview":"max-video-preview:-1"},"canonical":"https:\/\/bpf.flaw.uniba.sk\/en\/sekcia-pracovneho-prava-a-psz\/","og_locale":"en_US","og_type":"article","og_title":"Sekcia pracovn\u00e9ho pr\u00e1va a\u00a0pr\u00e1va soci\u00e1lneho zabezpe\u010denia - BPF","og_description":"Zelen\u00e1 transform\u00e1cia a pracovn\u00e9 pr\u00e1vo: Udr\u017eate\u013en\u00e1 pr\u00e1ca v dekarbonizovanej ekonomike Sekcia sa zameriava na prepojenie eur\u00f3pskej zelenej transform\u00e1cie s pracovn\u00fdm pr\u00e1vom v \u010dase, ke\u010f Eur\u00f3pska \u00fania prech\u00e1dza k dekarbonizovan\u00e9mu hospod\u00e1rstvu. Klimatick\u00e9 politiky E\u00da, Green Deal a modern\u00e9 environment\u00e1lne \u0161tandardy menia \u0161trukt\u00faru pracovn\u00e9ho trhu, pracovn\u00e9 podmienky aj povinnosti zamestn\u00e1vate\u013eov. Diskusia sa s\u00fastred\u00ed na pr\u00e1vne a soci\u00e1lne [&hellip;]","og_url":"https:\/\/bpf.flaw.uniba.sk\/en\/sekcia-pracovneho-prava-a-psz\/","og_site_name":"BPF","article_modified_time":"2026-02-17T07:50:18+00:00","twitter_card":"summary_large_image","twitter_misc":{"Est. reading time":"1 minute"},"schema":{"@context":"https:\/\/schema.org","@graph":[{"@type":"WebPage","@id":"https:\/\/bpf.flaw.uniba.sk\/sekcia-pracovneho-prava-a-psz\/","url":"https:\/\/bpf.flaw.uniba.sk\/sekcia-pracovneho-prava-a-psz\/","name":"Sekcia pracovn\u00e9ho pr\u00e1va a\u00a0pr\u00e1va soci\u00e1lneho zabezpe\u010denia - BPF","isPartOf":{"@id":"https:\/\/bpf.flaw.uniba.sk\/#website"},"datePublished":"2021-03-17T12:23:44+00:00","dateModified":"2026-02-17T07:50:18+00:00","breadcrumb":{"@id":"https:\/\/bpf.flaw.uniba.sk\/sekcia-pracovneho-prava-a-psz\/#breadcrumb"},"inLanguage":"en-US","potentialAction":[{"@type":"ReadAction","target":["https:\/\/bpf.flaw.uniba.sk\/sekcia-pracovneho-prava-a-psz\/"]}]},{"@type":"BreadcrumbList","@id":"https:\/\/bpf.flaw.uniba.sk\/sekcia-pracovneho-prava-a-psz\/#breadcrumb","itemListElement":[{"@type":"ListItem","position":1,"name":"Home","item":"https:\/\/bpf.flaw.uniba.sk\/"},{"@type":"ListItem","position":2,"name":"Sekcia pracovn\u00e9ho pr\u00e1va a\u00a0pr\u00e1va soci\u00e1lneho zabezpe\u010denia"}]},{"@type":"WebSite","@id":"https:\/\/bpf.flaw.uniba.sk\/#website","url":"https:\/\/bpf.flaw.uniba.sk\/","name":"BLF","description":"","publisher":{"@id":"https:\/\/bpf.flaw.uniba.sk\/#organization"},"potentialAction":[{"@type":"SearchAction","target":{"@type":"EntryPoint","urlTemplate":"https:\/\/bpf.flaw.uniba.sk\/?s={search_term_string}"},"query-input":{"@type":"PropertyValueSpecification","valueRequired":true,"valueName":"search_term_string"}}],"inLanguage":"en-US"},{"@type":"Organization","@id":"https:\/\/bpf.flaw.uniba.sk\/#organization","name":"BLF","url":"https:\/\/bpf.flaw.uniba.sk\/","logo":{"@type":"ImageObject","inLanguage":"en-US","@id":"https:\/\/bpf.flaw.uniba.sk\/#\/schema\/logo\/image\/","url":"https:\/\/bpf.flaw.uniba.sk\/wp-content\/uploads\/2026\/02\/sj-bpf-biele-scaled.png","contentUrl":"https:\/\/bpf.flaw.uniba.sk\/wp-content\/uploads\/2026\/02\/sj-bpf-biele-scaled.png","width":2560,"height":863,"caption":"BPF"},"image":{"@id":"https:\/\/bpf.flaw.uniba.sk\/#\/schema\/logo\/image\/"}}]}},"_links":{"self":[{"href":"https:\/\/bpf.flaw.uniba.sk\/en\/wp-json\/wp\/v2\/pages\/389","targetHints":{"allow":["GET"]}}],"collection":[{"href":"https:\/\/bpf.flaw.uniba.sk\/en\/wp-json\/wp\/v2\/pages"}],"about":[{"href":"https:\/\/bpf.flaw.uniba.sk\/en\/wp-json\/wp\/v2\/types\/page"}],"author":[{"embeddable":true,"href":"https:\/\/bpf.flaw.uniba.sk\/en\/wp-json\/wp\/v2\/users\/2"}],"replies":[{"embeddable":true,"href":"https:\/\/bpf.flaw.uniba.sk\/en\/wp-json\/wp\/v2\/comments?post=389"}],"version-history":[{"count":11,"href":"https:\/\/bpf.flaw.uniba.sk\/en\/wp-json\/wp\/v2\/pages\/389\/revisions"}],"predecessor-version":[{"id":2758,"href":"https:\/\/bpf.flaw.uniba.sk\/en\/wp-json\/wp\/v2\/pages\/389\/revisions\/2758"}],"wp:attachment":[{"href":"https:\/\/bpf.flaw.uniba.sk\/en\/wp-json\/wp\/v2\/media?parent=389"}],"curies":[{"name":"wp","href":"https:\/\/api.w.org\/{rel}","templated":true}]}}