{"id":399,"date":"2021-03-17T13:25:51","date_gmt":"2021-03-17T12:25:51","guid":{"rendered":"https:\/\/bpf.flaw.uniba.sk\/?page_id=399"},"modified":"2026-02-17T09:04:55","modified_gmt":"2026-02-17T08:04:55","slug":"sekcia-teorie-prava-filozofie-prava","status":"publish","type":"page","link":"https:\/\/bpf.flaw.uniba.sk\/en\/sekcia-teorie-prava-filozofie-prava\/","title":{"rendered":"Section of Theory of Law and Philosophy of Law"},"content":{"rendered":"<h2 class=\"wp-block-heading alignwide has-text-align-center\">Legal Professions \u2013 Social, Moral and Legal Responsibility<\/h2>\n\n\n\n<p class=\"has-drop-cap\">Legal professions perform an irreplaceable role in society and the state, as they contribute in a crucial way to the creation, realization, and application of law, as well as to the interpretation of law and legal argumentation, and ultimately to legal education. The section focuses on examining the theoretical aspects of responsibility in the practice of individual legal professions, including social and moral aspects, as well as individual forms of legal responsibility, including disciplinary responsibility. The confrontation of the views of legal science and practical application has the potential to bring new perspectives on the current and permanent challenges of individual legal professions and their responsibilities in the context of the fundamental values of democracy and the rule of law, in particular the separation of powers, self-government, and the protection of fundamental rights and freedoms in recent developments.<\/p>\n\n\n\n<p><strong>Guarantors of the section:<\/strong><\/p>\n\n\n\n<p>prof. JUDr. Mgr. Martina Gajdo\u0161ov\u00e1, PhD.<\/p>\n\n\n\n<p>doc. JUDr. Rudolf Kasinec, PhD.<\/p>","protected":false},"excerpt":{"rendered":"<p>Pr\u00e1vnick\u00e9 profesie \u2013 spolo\u010densk\u00e1, mor\u00e1lna a pr\u00e1vna zodpovednos\u0165 Pr\u00e1vnick\u00e9 profesie plnia a nezastupite\u013en\u00fa \u00falohu v spolo\u010dnosti a v \u0161t\u00e1te, preto\u017ee sa k\u013e\u00fa\u010dov\u00fdm sp\u00f4sobom podie\u013eaj\u00fa na tvorbe pr\u00e1va, realiz\u00e1cii pr\u00e1va, aplik\u00e1cii pr\u00e1va, ale aj na interpret\u00e1cii pr\u00e1va a argument\u00e1cii v pr\u00e1ve, napokon aj na pr\u00e1vnickom vzdel\u00e1van\u00ed. V centre pozornosti sekcie je sk\u00famanie teoretick\u00fdch aspektov zodpovednosti pri [&hellip;]<\/p>\n","protected":false},"author":2,"featured_media":0,"parent":0,"menu_order":0,"comment_status":"closed","ping_status":"closed","template":"","meta":{"ngg_post_thumbnail":0,"footnotes":""},"class_list":["post-399","page","type-page","status-publish","hentry"],"yoast_head":"<!-- This site is optimized with the Yoast SEO plugin v27.2 - https:\/\/yoast.com\/product\/yoast-seo-wordpress\/ -->\n<title>Sekcia te\u00f3rie pr\u00e1va a filozofie pr\u00e1va - BPF<\/title>\n<meta name=\"robots\" content=\"index, follow, max-snippet:-1, max-image-preview:large, max-video-preview:-1\" \/>\n<link rel=\"canonical\" href=\"https:\/\/bpf.flaw.uniba.sk\/en\/sekcia-teorie-prava-filozofie-prava\/\" \/>\n<meta property=\"og:locale\" content=\"en_US\" \/>\n<meta property=\"og:type\" content=\"article\" \/>\n<meta property=\"og:title\" content=\"Sekcia te\u00f3rie pr\u00e1va a filozofie pr\u00e1va - BPF\" \/>\n<meta property=\"og:description\" content=\"Pr\u00e1vnick\u00e9 profesie \u2013 spolo\u010densk\u00e1, mor\u00e1lna a pr\u00e1vna zodpovednos\u0165 Pr\u00e1vnick\u00e9 profesie plnia a nezastupite\u013en\u00fa \u00falohu v spolo\u010dnosti a v \u0161t\u00e1te, preto\u017ee sa k\u013e\u00fa\u010dov\u00fdm sp\u00f4sobom podie\u013eaj\u00fa na tvorbe pr\u00e1va, realiz\u00e1cii pr\u00e1va, aplik\u00e1cii pr\u00e1va, ale aj na interpret\u00e1cii pr\u00e1va a argument\u00e1cii v pr\u00e1ve, napokon aj na pr\u00e1vnickom vzdel\u00e1van\u00ed. V centre pozornosti sekcie je sk\u00famanie teoretick\u00fdch aspektov zodpovednosti pri [&hellip;]\" \/>\n<meta property=\"og:url\" content=\"https:\/\/bpf.flaw.uniba.sk\/en\/sekcia-teorie-prava-filozofie-prava\/\" \/>\n<meta property=\"og:site_name\" content=\"BPF\" \/>\n<meta property=\"article:modified_time\" content=\"2026-02-17T08:04:55+00:00\" \/>\n<meta name=\"twitter:card\" content=\"summary_large_image\" \/>\n<meta name=\"twitter:label1\" content=\"Est. reading time\" \/>\n\t<meta name=\"twitter:data1\" content=\"1 minute\" \/>\n<script type=\"application\/ld+json\" class=\"yoast-schema-graph\">{\"@context\":\"https:\/\/schema.org\",\"@graph\":[{\"@type\":\"WebPage\",\"@id\":\"https:\/\/bpf.flaw.uniba.sk\/sekcia-teorie-prava-filozofie-prava\/\",\"url\":\"https:\/\/bpf.flaw.uniba.sk\/sekcia-teorie-prava-filozofie-prava\/\",\"name\":\"Sekcia te\u00f3rie pr\u00e1va a filozofie pr\u00e1va - BPF\",\"isPartOf\":{\"@id\":\"https:\/\/bpf.flaw.uniba.sk\/#website\"},\"datePublished\":\"2021-03-17T12:25:51+00:00\",\"dateModified\":\"2026-02-17T08:04:55+00:00\",\"breadcrumb\":{\"@id\":\"https:\/\/bpf.flaw.uniba.sk\/sekcia-teorie-prava-filozofie-prava\/#breadcrumb\"},\"inLanguage\":\"en-US\",\"potentialAction\":[{\"@type\":\"ReadAction\",\"target\":[\"https:\/\/bpf.flaw.uniba.sk\/sekcia-teorie-prava-filozofie-prava\/\"]}]},{\"@type\":\"BreadcrumbList\",\"@id\":\"https:\/\/bpf.flaw.uniba.sk\/sekcia-teorie-prava-filozofie-prava\/#breadcrumb\",\"itemListElement\":[{\"@type\":\"ListItem\",\"position\":1,\"name\":\"Home\",\"item\":\"https:\/\/bpf.flaw.uniba.sk\/\"},{\"@type\":\"ListItem\",\"position\":2,\"name\":\"Sekcia te\u00f3rie pr\u00e1va a filozofie pr\u00e1va\"}]},{\"@type\":\"WebSite\",\"@id\":\"https:\/\/bpf.flaw.uniba.sk\/#website\",\"url\":\"https:\/\/bpf.flaw.uniba.sk\/\",\"name\":\"BPF\",\"description\":\"\",\"publisher\":{\"@id\":\"https:\/\/bpf.flaw.uniba.sk\/#organization\"},\"potentialAction\":[{\"@type\":\"SearchAction\",\"target\":{\"@type\":\"EntryPoint\",\"urlTemplate\":\"https:\/\/bpf.flaw.uniba.sk\/?s={search_term_string}\"},\"query-input\":{\"@type\":\"PropertyValueSpecification\",\"valueRequired\":true,\"valueName\":\"search_term_string\"}}],\"inLanguage\":\"en-US\"},{\"@type\":\"Organization\",\"@id\":\"https:\/\/bpf.flaw.uniba.sk\/#organization\",\"name\":\"BPF\",\"url\":\"https:\/\/bpf.flaw.uniba.sk\/\",\"logo\":{\"@type\":\"ImageObject\",\"inLanguage\":\"en-US\",\"@id\":\"https:\/\/bpf.flaw.uniba.sk\/#\/schema\/logo\/image\/\",\"url\":\"https:\/\/bpf.flaw.uniba.sk\/wp-content\/uploads\/2026\/02\/sj-bpf-biele-scaled.png\",\"contentUrl\":\"https:\/\/bpf.flaw.uniba.sk\/wp-content\/uploads\/2026\/02\/sj-bpf-biele-scaled.png\",\"width\":2560,\"height\":863,\"caption\":\"BPF\"},\"image\":{\"@id\":\"https:\/\/bpf.flaw.uniba.sk\/#\/schema\/logo\/image\/\"}}]}<\/script>\n<!-- \/ Yoast SEO plugin. -->","yoast_head_json":{"title":"Sekcia te\u00f3rie pr\u00e1va a filozofie pr\u00e1va - BPF","robots":{"index":"index","follow":"follow","max-snippet":"max-snippet:-1","max-image-preview":"max-image-preview:large","max-video-preview":"max-video-preview:-1"},"canonical":"https:\/\/bpf.flaw.uniba.sk\/en\/sekcia-teorie-prava-filozofie-prava\/","og_locale":"en_US","og_type":"article","og_title":"Sekcia te\u00f3rie pr\u00e1va a filozofie pr\u00e1va - BPF","og_description":"Pr\u00e1vnick\u00e9 profesie \u2013 spolo\u010densk\u00e1, mor\u00e1lna a pr\u00e1vna zodpovednos\u0165 Pr\u00e1vnick\u00e9 profesie plnia a nezastupite\u013en\u00fa \u00falohu v spolo\u010dnosti a v \u0161t\u00e1te, preto\u017ee sa k\u013e\u00fa\u010dov\u00fdm sp\u00f4sobom podie\u013eaj\u00fa na tvorbe pr\u00e1va, realiz\u00e1cii pr\u00e1va, aplik\u00e1cii pr\u00e1va, ale aj na interpret\u00e1cii pr\u00e1va a argument\u00e1cii v pr\u00e1ve, napokon aj na pr\u00e1vnickom vzdel\u00e1van\u00ed. V centre pozornosti sekcie je sk\u00famanie teoretick\u00fdch aspektov zodpovednosti pri [&hellip;]","og_url":"https:\/\/bpf.flaw.uniba.sk\/en\/sekcia-teorie-prava-filozofie-prava\/","og_site_name":"BPF","article_modified_time":"2026-02-17T08:04:55+00:00","twitter_card":"summary_large_image","twitter_misc":{"Est. reading time":"1 minute"},"schema":{"@context":"https:\/\/schema.org","@graph":[{"@type":"WebPage","@id":"https:\/\/bpf.flaw.uniba.sk\/sekcia-teorie-prava-filozofie-prava\/","url":"https:\/\/bpf.flaw.uniba.sk\/sekcia-teorie-prava-filozofie-prava\/","name":"Sekcia te\u00f3rie pr\u00e1va a filozofie pr\u00e1va - BPF","isPartOf":{"@id":"https:\/\/bpf.flaw.uniba.sk\/#website"},"datePublished":"2021-03-17T12:25:51+00:00","dateModified":"2026-02-17T08:04:55+00:00","breadcrumb":{"@id":"https:\/\/bpf.flaw.uniba.sk\/sekcia-teorie-prava-filozofie-prava\/#breadcrumb"},"inLanguage":"en-US","potentialAction":[{"@type":"ReadAction","target":["https:\/\/bpf.flaw.uniba.sk\/sekcia-teorie-prava-filozofie-prava\/"]}]},{"@type":"BreadcrumbList","@id":"https:\/\/bpf.flaw.uniba.sk\/sekcia-teorie-prava-filozofie-prava\/#breadcrumb","itemListElement":[{"@type":"ListItem","position":1,"name":"Home","item":"https:\/\/bpf.flaw.uniba.sk\/"},{"@type":"ListItem","position":2,"name":"Sekcia te\u00f3rie pr\u00e1va a filozofie pr\u00e1va"}]},{"@type":"WebSite","@id":"https:\/\/bpf.flaw.uniba.sk\/#website","url":"https:\/\/bpf.flaw.uniba.sk\/","name":"BLF","description":"","publisher":{"@id":"https:\/\/bpf.flaw.uniba.sk\/#organization"},"potentialAction":[{"@type":"SearchAction","target":{"@type":"EntryPoint","urlTemplate":"https:\/\/bpf.flaw.uniba.sk\/?s={search_term_string}"},"query-input":{"@type":"PropertyValueSpecification","valueRequired":true,"valueName":"search_term_string"}}],"inLanguage":"en-US"},{"@type":"Organization","@id":"https:\/\/bpf.flaw.uniba.sk\/#organization","name":"BLF","url":"https:\/\/bpf.flaw.uniba.sk\/","logo":{"@type":"ImageObject","inLanguage":"en-US","@id":"https:\/\/bpf.flaw.uniba.sk\/#\/schema\/logo\/image\/","url":"https:\/\/bpf.flaw.uniba.sk\/wp-content\/uploads\/2026\/02\/sj-bpf-biele-scaled.png","contentUrl":"https:\/\/bpf.flaw.uniba.sk\/wp-content\/uploads\/2026\/02\/sj-bpf-biele-scaled.png","width":2560,"height":863,"caption":"BPF"},"image":{"@id":"https:\/\/bpf.flaw.uniba.sk\/#\/schema\/logo\/image\/"}}]}},"_links":{"self":[{"href":"https:\/\/bpf.flaw.uniba.sk\/en\/wp-json\/wp\/v2\/pages\/399","targetHints":{"allow":["GET"]}}],"collection":[{"href":"https:\/\/bpf.flaw.uniba.sk\/en\/wp-json\/wp\/v2\/pages"}],"about":[{"href":"https:\/\/bpf.flaw.uniba.sk\/en\/wp-json\/wp\/v2\/types\/page"}],"author":[{"embeddable":true,"href":"https:\/\/bpf.flaw.uniba.sk\/en\/wp-json\/wp\/v2\/users\/2"}],"replies":[{"embeddable":true,"href":"https:\/\/bpf.flaw.uniba.sk\/en\/wp-json\/wp\/v2\/comments?post=399"}],"version-history":[{"count":14,"href":"https:\/\/bpf.flaw.uniba.sk\/en\/wp-json\/wp\/v2\/pages\/399\/revisions"}],"predecessor-version":[{"id":2786,"href":"https:\/\/bpf.flaw.uniba.sk\/en\/wp-json\/wp\/v2\/pages\/399\/revisions\/2786"}],"wp:attachment":[{"href":"https:\/\/bpf.flaw.uniba.sk\/en\/wp-json\/wp\/v2\/media?parent=399"}],"curies":[{"name":"wp","href":"https:\/\/api.w.org\/{rel}","templated":true}]}}