{"id":409,"date":"2021-03-17T13:27:34","date_gmt":"2021-03-17T12:27:34","guid":{"rendered":"https:\/\/bpf.flaw.uniba.sk\/?page_id=409"},"modified":"2026-02-17T08:53:14","modified_gmt":"2026-02-17T07:53:14","slug":"sekcia-prava_it_a_pdv","status":"publish","type":"page","link":"https:\/\/bpf.flaw.uniba.sk\/en\/sekcia-prava_it_a_pdv\/","title":{"rendered":"Section of Information Technology Law and Intellectual Property Law"},"content":{"rendered":"<h2 class=\"wp-block-heading alignwide has-text-align-center\">Sustainable and Resilient Digital Ecosystems: Legal and Technical Perspectives on Awareness, Governance, and Emerging Technologies<\/h2>\n\n\n\n<p class=\"has-drop-cap\">This section explores how evolving legal and technical approaches contribute to the sustainability and resilience of digital ecosystems. It covers a wide spectrum of topics, including cybersecurity situational awareness, AI governance, digital media regulation, platform responsibilities, and copyright challenges in the online environment. The aim is to highlight cross-cutting issues and shared foundations that shape the future stability of the digital space. It further considers overarching trends that influence the development and coordination of digital technologies and regulatory frameworks. The section encourages a broad reflection on how diverse digital domains are shaped by common principles, shared challenges, and long-term societal expectations.<\/p>\n\n\n\n<p><strong>Guarantors of the section:<\/strong><\/p>\n\n\n\n<p>doc. JUDr. Jozef Andra\u0161ko, PhD.<\/p>\n\n\n\n<p>doc. JUDr. So\u0148a Sop\u00fachov\u00e1, PhD.<\/p>\n\n\n\n<p class=\"has-text-align-left\"><\/p>\n\n\n\n<p><\/p>","protected":false},"excerpt":{"rendered":"<p>Udr\u017eate\u013en\u00e9 a odoln\u00e9 digit\u00e1lne ekosyst\u00e9my: Pr\u00e1vne a technick\u00e9 perspekt\u00edvy povedomia, spr\u00e1vy a nov\u00fdch technol\u00f3gi\u00ed Sekcia sa venuje t\u00e9me, ako sa vyv\u00edjaj\u00face pr\u00e1vne a technick\u00e9 pr\u00edstupy podie\u013eaj\u00fa na udr\u017eate\u013enosti a odolnosti digit\u00e1lnych ekosyst\u00e9mov. Zah\u0155\u0148a \u0161irok\u00e9 spektrum t\u00e9m vr\u00e1tane situa\u010dn\u00e9ho povedomia v kybernetickej bezpe\u010dnosti, spr\u00e1vy umelej inteligencie, regul\u00e1cie digit\u00e1lnych m\u00e9di\u00ed, zodpovednosti platforiem a v\u00fdziev autorsk\u00e9ho pr\u00e1va v [&hellip;]<\/p>\n","protected":false},"author":2,"featured_media":0,"parent":0,"menu_order":0,"comment_status":"closed","ping_status":"closed","template":"","meta":{"ngg_post_thumbnail":0,"footnotes":""},"class_list":["post-409","page","type-page","status-publish","hentry"],"yoast_head":"<!-- This site is optimized with the Yoast SEO plugin v27.2 - https:\/\/yoast.com\/product\/yoast-seo-wordpress\/ -->\n<title>Sekcia pr\u00e1va informa\u010dn\u00fdch technol\u00f3gi\u00ed a pr\u00e1va du\u0161evn\u00e9ho vlastn\u00edctva - BPF<\/title>\n<meta name=\"robots\" content=\"index, follow, max-snippet:-1, max-image-preview:large, max-video-preview:-1\" \/>\n<link rel=\"canonical\" href=\"https:\/\/bpf.flaw.uniba.sk\/en\/sekcia-prava_it_a_pdv\/\" \/>\n<meta property=\"og:locale\" content=\"en_US\" \/>\n<meta property=\"og:type\" content=\"article\" \/>\n<meta property=\"og:title\" content=\"Sekcia pr\u00e1va informa\u010dn\u00fdch technol\u00f3gi\u00ed a pr\u00e1va du\u0161evn\u00e9ho vlastn\u00edctva - BPF\" \/>\n<meta property=\"og:description\" content=\"Udr\u017eate\u013en\u00e9 a odoln\u00e9 digit\u00e1lne ekosyst\u00e9my: Pr\u00e1vne a technick\u00e9 perspekt\u00edvy povedomia, spr\u00e1vy a nov\u00fdch technol\u00f3gi\u00ed Sekcia sa venuje t\u00e9me, ako sa vyv\u00edjaj\u00face pr\u00e1vne a technick\u00e9 pr\u00edstupy podie\u013eaj\u00fa na udr\u017eate\u013enosti a odolnosti digit\u00e1lnych ekosyst\u00e9mov. Zah\u0155\u0148a \u0161irok\u00e9 spektrum t\u00e9m vr\u00e1tane situa\u010dn\u00e9ho povedomia v kybernetickej bezpe\u010dnosti, spr\u00e1vy umelej inteligencie, regul\u00e1cie digit\u00e1lnych m\u00e9di\u00ed, zodpovednosti platforiem a v\u00fdziev autorsk\u00e9ho pr\u00e1va v [&hellip;]\" \/>\n<meta property=\"og:url\" content=\"https:\/\/bpf.flaw.uniba.sk\/en\/sekcia-prava_it_a_pdv\/\" \/>\n<meta property=\"og:site_name\" content=\"BPF\" \/>\n<meta property=\"article:modified_time\" content=\"2026-02-17T07:53:14+00:00\" \/>\n<meta name=\"twitter:card\" content=\"summary_large_image\" \/>\n<meta name=\"twitter:label1\" content=\"Est. reading time\" \/>\n\t<meta name=\"twitter:data1\" content=\"1 minute\" \/>\n<script type=\"application\/ld+json\" class=\"yoast-schema-graph\">{\"@context\":\"https:\/\/schema.org\",\"@graph\":[{\"@type\":\"WebPage\",\"@id\":\"https:\/\/bpf.flaw.uniba.sk\/sekcia-prava_it_a_pdv\/\",\"url\":\"https:\/\/bpf.flaw.uniba.sk\/sekcia-prava_it_a_pdv\/\",\"name\":\"Sekcia pr\u00e1va informa\u010dn\u00fdch technol\u00f3gi\u00ed a pr\u00e1va du\u0161evn\u00e9ho vlastn\u00edctva - BPF\",\"isPartOf\":{\"@id\":\"https:\/\/bpf.flaw.uniba.sk\/#website\"},\"datePublished\":\"2021-03-17T12:27:34+00:00\",\"dateModified\":\"2026-02-17T07:53:14+00:00\",\"breadcrumb\":{\"@id\":\"https:\/\/bpf.flaw.uniba.sk\/sekcia-prava_it_a_pdv\/#breadcrumb\"},\"inLanguage\":\"en-US\",\"potentialAction\":[{\"@type\":\"ReadAction\",\"target\":[\"https:\/\/bpf.flaw.uniba.sk\/sekcia-prava_it_a_pdv\/\"]}]},{\"@type\":\"BreadcrumbList\",\"@id\":\"https:\/\/bpf.flaw.uniba.sk\/sekcia-prava_it_a_pdv\/#breadcrumb\",\"itemListElement\":[{\"@type\":\"ListItem\",\"position\":1,\"name\":\"Home\",\"item\":\"https:\/\/bpf.flaw.uniba.sk\/\"},{\"@type\":\"ListItem\",\"position\":2,\"name\":\"Sekcia pr\u00e1va informa\u010dn\u00fdch technol\u00f3gi\u00ed a pr\u00e1va du\u0161evn\u00e9ho vlastn\u00edctva\"}]},{\"@type\":\"WebSite\",\"@id\":\"https:\/\/bpf.flaw.uniba.sk\/#website\",\"url\":\"https:\/\/bpf.flaw.uniba.sk\/\",\"name\":\"BPF\",\"description\":\"\",\"publisher\":{\"@id\":\"https:\/\/bpf.flaw.uniba.sk\/#organization\"},\"potentialAction\":[{\"@type\":\"SearchAction\",\"target\":{\"@type\":\"EntryPoint\",\"urlTemplate\":\"https:\/\/bpf.flaw.uniba.sk\/?s={search_term_string}\"},\"query-input\":{\"@type\":\"PropertyValueSpecification\",\"valueRequired\":true,\"valueName\":\"search_term_string\"}}],\"inLanguage\":\"en-US\"},{\"@type\":\"Organization\",\"@id\":\"https:\/\/bpf.flaw.uniba.sk\/#organization\",\"name\":\"BPF\",\"url\":\"https:\/\/bpf.flaw.uniba.sk\/\",\"logo\":{\"@type\":\"ImageObject\",\"inLanguage\":\"en-US\",\"@id\":\"https:\/\/bpf.flaw.uniba.sk\/#\/schema\/logo\/image\/\",\"url\":\"https:\/\/bpf.flaw.uniba.sk\/wp-content\/uploads\/2026\/02\/sj-bpf-biele-scaled.png\",\"contentUrl\":\"https:\/\/bpf.flaw.uniba.sk\/wp-content\/uploads\/2026\/02\/sj-bpf-biele-scaled.png\",\"width\":2560,\"height\":863,\"caption\":\"BPF\"},\"image\":{\"@id\":\"https:\/\/bpf.flaw.uniba.sk\/#\/schema\/logo\/image\/\"}}]}<\/script>\n<!-- \/ Yoast SEO plugin. -->","yoast_head_json":{"title":"Sekcia pr\u00e1va informa\u010dn\u00fdch technol\u00f3gi\u00ed a pr\u00e1va du\u0161evn\u00e9ho vlastn\u00edctva - BPF","robots":{"index":"index","follow":"follow","max-snippet":"max-snippet:-1","max-image-preview":"max-image-preview:large","max-video-preview":"max-video-preview:-1"},"canonical":"https:\/\/bpf.flaw.uniba.sk\/en\/sekcia-prava_it_a_pdv\/","og_locale":"en_US","og_type":"article","og_title":"Sekcia pr\u00e1va informa\u010dn\u00fdch technol\u00f3gi\u00ed a pr\u00e1va du\u0161evn\u00e9ho vlastn\u00edctva - BPF","og_description":"Udr\u017eate\u013en\u00e9 a odoln\u00e9 digit\u00e1lne ekosyst\u00e9my: Pr\u00e1vne a technick\u00e9 perspekt\u00edvy povedomia, spr\u00e1vy a nov\u00fdch technol\u00f3gi\u00ed Sekcia sa venuje t\u00e9me, ako sa vyv\u00edjaj\u00face pr\u00e1vne a technick\u00e9 pr\u00edstupy podie\u013eaj\u00fa na udr\u017eate\u013enosti a odolnosti digit\u00e1lnych ekosyst\u00e9mov. Zah\u0155\u0148a \u0161irok\u00e9 spektrum t\u00e9m vr\u00e1tane situa\u010dn\u00e9ho povedomia v kybernetickej bezpe\u010dnosti, spr\u00e1vy umelej inteligencie, regul\u00e1cie digit\u00e1lnych m\u00e9di\u00ed, zodpovednosti platforiem a v\u00fdziev autorsk\u00e9ho pr\u00e1va v [&hellip;]","og_url":"https:\/\/bpf.flaw.uniba.sk\/en\/sekcia-prava_it_a_pdv\/","og_site_name":"BPF","article_modified_time":"2026-02-17T07:53:14+00:00","twitter_card":"summary_large_image","twitter_misc":{"Est. reading time":"1 minute"},"schema":{"@context":"https:\/\/schema.org","@graph":[{"@type":"WebPage","@id":"https:\/\/bpf.flaw.uniba.sk\/sekcia-prava_it_a_pdv\/","url":"https:\/\/bpf.flaw.uniba.sk\/sekcia-prava_it_a_pdv\/","name":"Sekcia pr\u00e1va informa\u010dn\u00fdch technol\u00f3gi\u00ed a pr\u00e1va du\u0161evn\u00e9ho vlastn\u00edctva - BPF","isPartOf":{"@id":"https:\/\/bpf.flaw.uniba.sk\/#website"},"datePublished":"2021-03-17T12:27:34+00:00","dateModified":"2026-02-17T07:53:14+00:00","breadcrumb":{"@id":"https:\/\/bpf.flaw.uniba.sk\/sekcia-prava_it_a_pdv\/#breadcrumb"},"inLanguage":"en-US","potentialAction":[{"@type":"ReadAction","target":["https:\/\/bpf.flaw.uniba.sk\/sekcia-prava_it_a_pdv\/"]}]},{"@type":"BreadcrumbList","@id":"https:\/\/bpf.flaw.uniba.sk\/sekcia-prava_it_a_pdv\/#breadcrumb","itemListElement":[{"@type":"ListItem","position":1,"name":"Home","item":"https:\/\/bpf.flaw.uniba.sk\/"},{"@type":"ListItem","position":2,"name":"Sekcia pr\u00e1va informa\u010dn\u00fdch technol\u00f3gi\u00ed a pr\u00e1va du\u0161evn\u00e9ho vlastn\u00edctva"}]},{"@type":"WebSite","@id":"https:\/\/bpf.flaw.uniba.sk\/#website","url":"https:\/\/bpf.flaw.uniba.sk\/","name":"BLF","description":"","publisher":{"@id":"https:\/\/bpf.flaw.uniba.sk\/#organization"},"potentialAction":[{"@type":"SearchAction","target":{"@type":"EntryPoint","urlTemplate":"https:\/\/bpf.flaw.uniba.sk\/?s={search_term_string}"},"query-input":{"@type":"PropertyValueSpecification","valueRequired":true,"valueName":"search_term_string"}}],"inLanguage":"en-US"},{"@type":"Organization","@id":"https:\/\/bpf.flaw.uniba.sk\/#organization","name":"BLF","url":"https:\/\/bpf.flaw.uniba.sk\/","logo":{"@type":"ImageObject","inLanguage":"en-US","@id":"https:\/\/bpf.flaw.uniba.sk\/#\/schema\/logo\/image\/","url":"https:\/\/bpf.flaw.uniba.sk\/wp-content\/uploads\/2026\/02\/sj-bpf-biele-scaled.png","contentUrl":"https:\/\/bpf.flaw.uniba.sk\/wp-content\/uploads\/2026\/02\/sj-bpf-biele-scaled.png","width":2560,"height":863,"caption":"BPF"},"image":{"@id":"https:\/\/bpf.flaw.uniba.sk\/#\/schema\/logo\/image\/"}}]}},"_links":{"self":[{"href":"https:\/\/bpf.flaw.uniba.sk\/en\/wp-json\/wp\/v2\/pages\/409","targetHints":{"allow":["GET"]}}],"collection":[{"href":"https:\/\/bpf.flaw.uniba.sk\/en\/wp-json\/wp\/v2\/pages"}],"about":[{"href":"https:\/\/bpf.flaw.uniba.sk\/en\/wp-json\/wp\/v2\/types\/page"}],"author":[{"embeddable":true,"href":"https:\/\/bpf.flaw.uniba.sk\/en\/wp-json\/wp\/v2\/users\/2"}],"replies":[{"embeddable":true,"href":"https:\/\/bpf.flaw.uniba.sk\/en\/wp-json\/wp\/v2\/comments?post=409"}],"version-history":[{"count":13,"href":"https:\/\/bpf.flaw.uniba.sk\/en\/wp-json\/wp\/v2\/pages\/409\/revisions"}],"predecessor-version":[{"id":2762,"href":"https:\/\/bpf.flaw.uniba.sk\/en\/wp-json\/wp\/v2\/pages\/409\/revisions\/2762"}],"wp:attachment":[{"href":"https:\/\/bpf.flaw.uniba.sk\/en\/wp-json\/wp\/v2\/media?parent=409"}],"curies":[{"name":"wp","href":"https:\/\/api.w.org\/{rel}","templated":true}]}}