{"id":42,"date":"2021-02-04T09:36:26","date_gmt":"2021-02-04T08:36:26","guid":{"rendered":"http:\/\/bpf.flaw.uniba.sk\/?page_id=42"},"modified":"2026-02-06T13:57:58","modified_gmt":"2026-02-06T12:57:58","slug":"zoznam-ucastnikov","status":"publish","type":"page","link":"https:\/\/bpf.flaw.uniba.sk\/en\/zoznam-ucastnikov\/","title":{"rendered":"Conference fee"},"content":{"rendered":"<p><strong>CONFERENCE FEE:&nbsp;<\/strong><\/p>\n\n\n\n<div class=\"wp-block-columns is-layout-flex wp-container-core-columns-is-layout-9d6595d7 wp-block-columns-is-layout-flex\">\n<div class=\"wp-block-column is-layout-flow wp-block-column-is-layout-flow\" style=\"flex-basis:100%\">\n<p><strong>Active participation \u2013 150,\u2013 EUR (including VAT)<\/strong><\/p>\n\n\n\n<p><strong>Passive participation \u2013 123,\u2013 EUR (including VAT)<\/strong><\/p>\n\n\n\n<p>The fee have to be paid solely by a bank transfer based on an e-invoice that will be issued upon the registration for the conference.<\/p>\n\n\n\n<p><strong>The organizer reserves the right to cancel the participation of a registered participant for capacity reasons.<\/strong><\/p>\n\n\n\n<p><strong>In the event that a person does not eventually participate in the conference or fails to submit their paper, they shall have no right to recover the conference fee.<\/strong><\/p>\n\n\n\n<hr class=\"wp-block-separator has-alpha-channel-opacity\"\/>\n\n\n\n<p class=\"has-text-align-center\"><p><em>By registering for the conference, the participant agrees that an audiovisual recording may be made of the event, which may be used for promotional purposes by the event organizer, including publication on the website, social media, and other communication channels. If the participant does not agree to the recording, they are required to inform the event organizers of this fact.<\/em><\/p><\/p>\n<\/div>\n<\/div>","protected":false},"excerpt":{"rendered":"<p>KONFEREN\u010cN\u00dd POPLATOK:&nbsp; Akt\u00edvna \u00fa\u010das\u0165 \u2013 150,\u2013 EUR (vr\u00e1tane DPH) Pas\u00edvna \u00fa\u010das\u0165 \u2013 123,\u2013 EUR (vr\u00e1tane DPH) Poplatok je potrebn\u00e9 uhradi\u0165 v\u00fdhradne prevodom na \u00fa\u010det na z\u00e1klade elektronickej fakt\u00fary, ktor\u00e1 bude vystaven\u00e1 okamihom prihl\u00e1senia sa na konferenciu. Organiz\u00e1tor si vyhradzuje pr\u00e1vo zru\u0161i\u0165 \u00fa\u010das\u0165 registrovan\u00e9ho \u00fa\u010dastn\u00edka z kapacitn\u00fdch d\u00f4vodov. Ne\u00fa\u010das\u0165 na konferencii alebo neodovzdanie pr\u00edspevku nezaklad\u00e1 pr\u00e1vo [&hellip;]<\/p>\n","protected":false},"author":2,"featured_media":0,"parent":0,"menu_order":0,"comment_status":"closed","ping_status":"closed","template":"","meta":{"ngg_post_thumbnail":0,"footnotes":""},"class_list":["post-42","page","type-page","status-publish","hentry"],"yoast_head":"<!-- This site is optimized with the Yoast SEO plugin v27.2 - https:\/\/yoast.com\/product\/yoast-seo-wordpress\/ -->\n<title>Konferen\u010dn\u00fd poplatok - BPF<\/title>\n<meta name=\"robots\" content=\"index, follow, max-snippet:-1, max-image-preview:large, max-video-preview:-1\" \/>\n<link rel=\"canonical\" href=\"https:\/\/bpf.flaw.uniba.sk\/en\/zoznam-ucastnikov\/\" \/>\n<meta property=\"og:locale\" content=\"en_US\" \/>\n<meta property=\"og:type\" content=\"article\" \/>\n<meta property=\"og:title\" content=\"Konferen\u010dn\u00fd poplatok - BPF\" \/>\n<meta property=\"og:description\" content=\"KONFEREN\u010cN\u00dd POPLATOK:&nbsp; Akt\u00edvna \u00fa\u010das\u0165 \u2013 150,\u2013 EUR (vr\u00e1tane DPH) Pas\u00edvna \u00fa\u010das\u0165 \u2013 123,\u2013 EUR (vr\u00e1tane DPH) Poplatok je potrebn\u00e9 uhradi\u0165 v\u00fdhradne prevodom na \u00fa\u010det na z\u00e1klade elektronickej fakt\u00fary, ktor\u00e1 bude vystaven\u00e1 okamihom prihl\u00e1senia sa na konferenciu. Organiz\u00e1tor si vyhradzuje pr\u00e1vo zru\u0161i\u0165 \u00fa\u010das\u0165 registrovan\u00e9ho \u00fa\u010dastn\u00edka z kapacitn\u00fdch d\u00f4vodov. Ne\u00fa\u010das\u0165 na konferencii alebo neodovzdanie pr\u00edspevku nezaklad\u00e1 pr\u00e1vo [&hellip;]\" \/>\n<meta property=\"og:url\" content=\"https:\/\/bpf.flaw.uniba.sk\/en\/zoznam-ucastnikov\/\" \/>\n<meta property=\"og:site_name\" content=\"BPF\" \/>\n<meta property=\"article:modified_time\" content=\"2026-02-06T12:57:58+00:00\" \/>\n<meta name=\"twitter:card\" content=\"summary_large_image\" \/>\n<meta name=\"twitter:label1\" content=\"Est. reading time\" \/>\n\t<meta name=\"twitter:data1\" content=\"1 minute\" \/>\n<script type=\"application\/ld+json\" class=\"yoast-schema-graph\">{\"@context\":\"https:\/\/schema.org\",\"@graph\":[{\"@type\":\"WebPage\",\"@id\":\"https:\/\/bpf.flaw.uniba.sk\/zoznam-ucastnikov\/\",\"url\":\"https:\/\/bpf.flaw.uniba.sk\/zoznam-ucastnikov\/\",\"name\":\"Konferen\u010dn\u00fd poplatok - BPF\",\"isPartOf\":{\"@id\":\"https:\/\/bpf.flaw.uniba.sk\/#website\"},\"datePublished\":\"2021-02-04T08:36:26+00:00\",\"dateModified\":\"2026-02-06T12:57:58+00:00\",\"breadcrumb\":{\"@id\":\"https:\/\/bpf.flaw.uniba.sk\/zoznam-ucastnikov\/#breadcrumb\"},\"inLanguage\":\"en-US\",\"potentialAction\":[{\"@type\":\"ReadAction\",\"target\":[\"https:\/\/bpf.flaw.uniba.sk\/zoznam-ucastnikov\/\"]}]},{\"@type\":\"BreadcrumbList\",\"@id\":\"https:\/\/bpf.flaw.uniba.sk\/zoznam-ucastnikov\/#breadcrumb\",\"itemListElement\":[{\"@type\":\"ListItem\",\"position\":1,\"name\":\"Home\",\"item\":\"https:\/\/bpf.flaw.uniba.sk\/\"},{\"@type\":\"ListItem\",\"position\":2,\"name\":\"Konferen\u010dn\u00fd poplatok\"}]},{\"@type\":\"WebSite\",\"@id\":\"https:\/\/bpf.flaw.uniba.sk\/#website\",\"url\":\"https:\/\/bpf.flaw.uniba.sk\/\",\"name\":\"BPF\",\"description\":\"\",\"publisher\":{\"@id\":\"https:\/\/bpf.flaw.uniba.sk\/#organization\"},\"potentialAction\":[{\"@type\":\"SearchAction\",\"target\":{\"@type\":\"EntryPoint\",\"urlTemplate\":\"https:\/\/bpf.flaw.uniba.sk\/?s={search_term_string}\"},\"query-input\":{\"@type\":\"PropertyValueSpecification\",\"valueRequired\":true,\"valueName\":\"search_term_string\"}}],\"inLanguage\":\"en-US\"},{\"@type\":\"Organization\",\"@id\":\"https:\/\/bpf.flaw.uniba.sk\/#organization\",\"name\":\"BPF\",\"url\":\"https:\/\/bpf.flaw.uniba.sk\/\",\"logo\":{\"@type\":\"ImageObject\",\"inLanguage\":\"en-US\",\"@id\":\"https:\/\/bpf.flaw.uniba.sk\/#\/schema\/logo\/image\/\",\"url\":\"https:\/\/bpf.flaw.uniba.sk\/wp-content\/uploads\/2026\/02\/sj-bpf-biele-scaled.png\",\"contentUrl\":\"https:\/\/bpf.flaw.uniba.sk\/wp-content\/uploads\/2026\/02\/sj-bpf-biele-scaled.png\",\"width\":2560,\"height\":863,\"caption\":\"BPF\"},\"image\":{\"@id\":\"https:\/\/bpf.flaw.uniba.sk\/#\/schema\/logo\/image\/\"}}]}<\/script>\n<!-- \/ Yoast SEO plugin. -->","yoast_head_json":{"title":"Konferen\u010dn\u00fd poplatok - BPF","robots":{"index":"index","follow":"follow","max-snippet":"max-snippet:-1","max-image-preview":"max-image-preview:large","max-video-preview":"max-video-preview:-1"},"canonical":"https:\/\/bpf.flaw.uniba.sk\/en\/zoznam-ucastnikov\/","og_locale":"en_US","og_type":"article","og_title":"Konferen\u010dn\u00fd poplatok - BPF","og_description":"KONFEREN\u010cN\u00dd POPLATOK:&nbsp; Akt\u00edvna \u00fa\u010das\u0165 \u2013 150,\u2013 EUR (vr\u00e1tane DPH) Pas\u00edvna \u00fa\u010das\u0165 \u2013 123,\u2013 EUR (vr\u00e1tane DPH) Poplatok je potrebn\u00e9 uhradi\u0165 v\u00fdhradne prevodom na \u00fa\u010det na z\u00e1klade elektronickej fakt\u00fary, ktor\u00e1 bude vystaven\u00e1 okamihom prihl\u00e1senia sa na konferenciu. Organiz\u00e1tor si vyhradzuje pr\u00e1vo zru\u0161i\u0165 \u00fa\u010das\u0165 registrovan\u00e9ho \u00fa\u010dastn\u00edka z kapacitn\u00fdch d\u00f4vodov. Ne\u00fa\u010das\u0165 na konferencii alebo neodovzdanie pr\u00edspevku nezaklad\u00e1 pr\u00e1vo [&hellip;]","og_url":"https:\/\/bpf.flaw.uniba.sk\/en\/zoznam-ucastnikov\/","og_site_name":"BPF","article_modified_time":"2026-02-06T12:57:58+00:00","twitter_card":"summary_large_image","twitter_misc":{"Est. reading time":"1 minute"},"schema":{"@context":"https:\/\/schema.org","@graph":[{"@type":"WebPage","@id":"https:\/\/bpf.flaw.uniba.sk\/zoznam-ucastnikov\/","url":"https:\/\/bpf.flaw.uniba.sk\/zoznam-ucastnikov\/","name":"Konferen\u010dn\u00fd poplatok - BPF","isPartOf":{"@id":"https:\/\/bpf.flaw.uniba.sk\/#website"},"datePublished":"2021-02-04T08:36:26+00:00","dateModified":"2026-02-06T12:57:58+00:00","breadcrumb":{"@id":"https:\/\/bpf.flaw.uniba.sk\/zoznam-ucastnikov\/#breadcrumb"},"inLanguage":"en-US","potentialAction":[{"@type":"ReadAction","target":["https:\/\/bpf.flaw.uniba.sk\/zoznam-ucastnikov\/"]}]},{"@type":"BreadcrumbList","@id":"https:\/\/bpf.flaw.uniba.sk\/zoznam-ucastnikov\/#breadcrumb","itemListElement":[{"@type":"ListItem","position":1,"name":"Home","item":"https:\/\/bpf.flaw.uniba.sk\/"},{"@type":"ListItem","position":2,"name":"Konferen\u010dn\u00fd poplatok"}]},{"@type":"WebSite","@id":"https:\/\/bpf.flaw.uniba.sk\/#website","url":"https:\/\/bpf.flaw.uniba.sk\/","name":"BLF","description":"","publisher":{"@id":"https:\/\/bpf.flaw.uniba.sk\/#organization"},"potentialAction":[{"@type":"SearchAction","target":{"@type":"EntryPoint","urlTemplate":"https:\/\/bpf.flaw.uniba.sk\/?s={search_term_string}"},"query-input":{"@type":"PropertyValueSpecification","valueRequired":true,"valueName":"search_term_string"}}],"inLanguage":"en-US"},{"@type":"Organization","@id":"https:\/\/bpf.flaw.uniba.sk\/#organization","name":"BLF","url":"https:\/\/bpf.flaw.uniba.sk\/","logo":{"@type":"ImageObject","inLanguage":"en-US","@id":"https:\/\/bpf.flaw.uniba.sk\/#\/schema\/logo\/image\/","url":"https:\/\/bpf.flaw.uniba.sk\/wp-content\/uploads\/2026\/02\/sj-bpf-biele-scaled.png","contentUrl":"https:\/\/bpf.flaw.uniba.sk\/wp-content\/uploads\/2026\/02\/sj-bpf-biele-scaled.png","width":2560,"height":863,"caption":"BPF"},"image":{"@id":"https:\/\/bpf.flaw.uniba.sk\/#\/schema\/logo\/image\/"}}]}},"_links":{"self":[{"href":"https:\/\/bpf.flaw.uniba.sk\/en\/wp-json\/wp\/v2\/pages\/42","targetHints":{"allow":["GET"]}}],"collection":[{"href":"https:\/\/bpf.flaw.uniba.sk\/en\/wp-json\/wp\/v2\/pages"}],"about":[{"href":"https:\/\/bpf.flaw.uniba.sk\/en\/wp-json\/wp\/v2\/types\/page"}],"author":[{"embeddable":true,"href":"https:\/\/bpf.flaw.uniba.sk\/en\/wp-json\/wp\/v2\/users\/2"}],"replies":[{"embeddable":true,"href":"https:\/\/bpf.flaw.uniba.sk\/en\/wp-json\/wp\/v2\/comments?post=42"}],"version-history":[{"count":32,"href":"https:\/\/bpf.flaw.uniba.sk\/en\/wp-json\/wp\/v2\/pages\/42\/revisions"}],"predecessor-version":[{"id":2659,"href":"https:\/\/bpf.flaw.uniba.sk\/en\/wp-json\/wp\/v2\/pages\/42\/revisions\/2659"}],"wp:attachment":[{"href":"https:\/\/bpf.flaw.uniba.sk\/en\/wp-json\/wp\/v2\/media?parent=42"}],"curies":[{"name":"wp","href":"https:\/\/api.w.org\/{rel}","templated":true}]}}