{"id":46,"date":"2021-02-04T09:37:33","date_gmt":"2021-02-04T08:37:33","guid":{"rendered":"http:\/\/bpf.flaw.uniba.sk\/?page_id=46"},"modified":"2026-03-24T14:43:50","modified_gmt":"2026-03-24T13:43:50","slug":"pokyny-k-prispevku","status":"publish","type":"page","link":"https:\/\/bpf.flaw.uniba.sk\/en\/pokyny-k-prispevku\/","title":{"rendered":"Submission guidelines"},"content":{"rendered":"<p><strong>DEADLINE FOR SUBMITTING A COMPLETE PAPER:<\/strong> <\/p>\n\n\n\n<p><strong>until<\/strong> <strong>27. 9. 2026 (Sunday)<\/strong>.<\/p>\n\n\n\n<p><strong>The organizer reserves the right to cancel the participation of a registered participant for capacity reasons.<\/strong><\/p>\n\n\n\n<p>Formal version of paper in compliance with template provided down below. <strong>Contributions that do not meet the formal requirements according to the template will not be included in the review process and will not be published in the conference proceedings.<\/strong><\/p>\n\n\n\n<p class=\"has-text-align-center\"><em>By registering for the conference, the participant agrees that an audiovisual recording may be made of the event, which may be used for promotional purposes by the event organizer, including publication on the website, social media, and other communication channels. If the participant does not agree to the recording, they are required to inform the event organizers of this fact.<\/em><\/p>\n\n\n\n<div class=\"wp-block-file\"><a id=\"wp-block-file--media-91a709c9-4cf4-42a5-a1ba-ece7177caabf\" href=\"https:\/\/bpf.flaw.uniba.sk\/wp-content\/uploads\/2025\/09\/Template-EN_Update.docx\">Template of paper<\/a><a href=\"https:\/\/bpf.flaw.uniba.sk\/wp-content\/uploads\/2025\/09\/Template-EN_Update.docx\" class=\"wp-block-file__button wp-element-button\" download aria-describedby=\"wp-block-file--media-91a709c9-4cf4-42a5-a1ba-ece7177caabf\">Download<\/a><\/div>\n\n\n\n<div class=\"wp-block-file\"><a id=\"wp-block-file--media-8207e762-d98f-4880-9ce0-594e4fa6a8bb\" href=\"https:\/\/bpf.flaw.uniba.sk\/wp-content\/uploads\/2026\/03\/POKYNY_k_odovzdaniu_PRISPEVKU-1-1-1.docx\">Submission guidelines<\/a><a href=\"https:\/\/bpf.flaw.uniba.sk\/wp-content\/uploads\/2026\/03\/POKYNY_k_odovzdaniu_PRISPEVKU-1-1-1.docx\" class=\"wp-block-file__button wp-element-button\" download aria-describedby=\"wp-block-file--media-8207e762-d98f-4880-9ce0-594e4fa6a8bb\">Download<\/a><\/div>\n\n\n\n<p><strong>COLLECTION OF PAPERS<\/strong>:<\/p>\n\n\n\n<p>The publication output from the conference will be a peer-reviewed electronic collection of papers.<\/p>\n\n\n\n<p>The collection of papers and individual contributions will be published under the Creative Commons Public License BY-NC-ND, 4.0.<\/p>\n\n\n\n<p>By submitting a contribution, the author gives permission for his work to be distributed under this public license.<\/p>\n\n\n\n<p><strong>Only contributions from participants who actively participate in the conference and whose contributions have passed the review process will be published.<\/strong><\/p>\n\n\n\n<p><\/p>\n\n\n\n<p><\/p>","protected":false},"excerpt":{"rendered":"<p>TERM\u00cdN NA ZASLANIE KOMPLETN\u00c9HO PR\u00cdSPEVKU: do 27. 9. 2026 (nede\u013ea). Organiz\u00e1tor si vyhradzuje pr\u00e1vo zru\u0161i\u0165 \u00fa\u010das\u0165 registrovan\u00e9ho \u00fa\u010dastn\u00edka z kapacitn\u00fdch d\u00f4vodov. Form\u00e1lna \u00faprava pr\u00edspevku pod\u013ea \u0161abl\u00f3ny pr\u00edspevku zverejnenej ni\u017e\u0161ie. Pr\u00edspevky, ktor\u00e9 nebud\u00fa sp\u013a\u0148a\u0165 po form\u00e1lnej str\u00e1nke n\u00e1le\u017eitosti pod\u013ea \u0161abl\u00f3ny, nebud\u00fa zaraden\u00e9 do recenzn\u00e9ho konania a nebud\u00fa publikovan\u00e9 v&nbsp;zborn\u00edku konferencie. Registr\u00e1ciou na konferenciu \u00fa\u010dastn\u00edk s\u00fahlas\u00ed, \u017ee [&hellip;]<\/p>\n","protected":false},"author":2,"featured_media":0,"parent":0,"menu_order":0,"comment_status":"closed","ping_status":"closed","template":"","meta":{"ngg_post_thumbnail":0,"footnotes":""},"class_list":["post-46","page","type-page","status-publish","hentry"],"yoast_head":"<!-- This site is optimized with the Yoast SEO plugin v27.2 - https:\/\/yoast.com\/product\/yoast-seo-wordpress\/ -->\n<title>Pokyny k pr\u00edspevku - BPF<\/title>\n<meta name=\"robots\" content=\"index, follow, max-snippet:-1, max-image-preview:large, max-video-preview:-1\" \/>\n<link rel=\"canonical\" href=\"https:\/\/bpf.flaw.uniba.sk\/en\/pokyny-k-prispevku\/\" \/>\n<meta property=\"og:locale\" content=\"en_US\" \/>\n<meta property=\"og:type\" content=\"article\" \/>\n<meta property=\"og:title\" content=\"Pokyny k pr\u00edspevku - BPF\" \/>\n<meta property=\"og:description\" content=\"TERM\u00cdN NA ZASLANIE KOMPLETN\u00c9HO PR\u00cdSPEVKU: do 27. 9. 2026 (nede\u013ea). Organiz\u00e1tor si vyhradzuje pr\u00e1vo zru\u0161i\u0165 \u00fa\u010das\u0165 registrovan\u00e9ho \u00fa\u010dastn\u00edka z kapacitn\u00fdch d\u00f4vodov. Form\u00e1lna \u00faprava pr\u00edspevku pod\u013ea \u0161abl\u00f3ny pr\u00edspevku zverejnenej ni\u017e\u0161ie. Pr\u00edspevky, ktor\u00e9 nebud\u00fa sp\u013a\u0148a\u0165 po form\u00e1lnej str\u00e1nke n\u00e1le\u017eitosti pod\u013ea \u0161abl\u00f3ny, nebud\u00fa zaraden\u00e9 do recenzn\u00e9ho konania a nebud\u00fa publikovan\u00e9 v&nbsp;zborn\u00edku konferencie. Registr\u00e1ciou na konferenciu \u00fa\u010dastn\u00edk s\u00fahlas\u00ed, \u017ee [&hellip;]\" \/>\n<meta property=\"og:url\" content=\"https:\/\/bpf.flaw.uniba.sk\/en\/pokyny-k-prispevku\/\" \/>\n<meta property=\"og:site_name\" content=\"BPF\" \/>\n<meta property=\"article:modified_time\" content=\"2026-03-24T13:43:50+00:00\" \/>\n<meta name=\"twitter:card\" content=\"summary_large_image\" \/>\n<meta name=\"twitter:label1\" content=\"Est. reading time\" \/>\n\t<meta name=\"twitter:data1\" content=\"1 minute\" \/>\n<script type=\"application\/ld+json\" class=\"yoast-schema-graph\">{\"@context\":\"https:\/\/schema.org\",\"@graph\":[{\"@type\":\"WebPage\",\"@id\":\"https:\/\/bpf.flaw.uniba.sk\/pokyny-k-prispevku\/\",\"url\":\"https:\/\/bpf.flaw.uniba.sk\/pokyny-k-prispevku\/\",\"name\":\"Pokyny k pr\u00edspevku - BPF\",\"isPartOf\":{\"@id\":\"https:\/\/bpf.flaw.uniba.sk\/#website\"},\"datePublished\":\"2021-02-04T08:37:33+00:00\",\"dateModified\":\"2026-03-24T13:43:50+00:00\",\"breadcrumb\":{\"@id\":\"https:\/\/bpf.flaw.uniba.sk\/pokyny-k-prispevku\/#breadcrumb\"},\"inLanguage\":\"en-US\",\"potentialAction\":[{\"@type\":\"ReadAction\",\"target\":[\"https:\/\/bpf.flaw.uniba.sk\/pokyny-k-prispevku\/\"]}]},{\"@type\":\"BreadcrumbList\",\"@id\":\"https:\/\/bpf.flaw.uniba.sk\/pokyny-k-prispevku\/#breadcrumb\",\"itemListElement\":[{\"@type\":\"ListItem\",\"position\":1,\"name\":\"Home\",\"item\":\"https:\/\/bpf.flaw.uniba.sk\/\"},{\"@type\":\"ListItem\",\"position\":2,\"name\":\"Pokyny k pr\u00edspevku\"}]},{\"@type\":\"WebSite\",\"@id\":\"https:\/\/bpf.flaw.uniba.sk\/#website\",\"url\":\"https:\/\/bpf.flaw.uniba.sk\/\",\"name\":\"BPF\",\"description\":\"\",\"publisher\":{\"@id\":\"https:\/\/bpf.flaw.uniba.sk\/#organization\"},\"potentialAction\":[{\"@type\":\"SearchAction\",\"target\":{\"@type\":\"EntryPoint\",\"urlTemplate\":\"https:\/\/bpf.flaw.uniba.sk\/?s={search_term_string}\"},\"query-input\":{\"@type\":\"PropertyValueSpecification\",\"valueRequired\":true,\"valueName\":\"search_term_string\"}}],\"inLanguage\":\"en-US\"},{\"@type\":\"Organization\",\"@id\":\"https:\/\/bpf.flaw.uniba.sk\/#organization\",\"name\":\"BPF\",\"url\":\"https:\/\/bpf.flaw.uniba.sk\/\",\"logo\":{\"@type\":\"ImageObject\",\"inLanguage\":\"en-US\",\"@id\":\"https:\/\/bpf.flaw.uniba.sk\/#\/schema\/logo\/image\/\",\"url\":\"https:\/\/bpf.flaw.uniba.sk\/wp-content\/uploads\/2026\/02\/sj-bpf-biele-scaled.png\",\"contentUrl\":\"https:\/\/bpf.flaw.uniba.sk\/wp-content\/uploads\/2026\/02\/sj-bpf-biele-scaled.png\",\"width\":2560,\"height\":863,\"caption\":\"BPF\"},\"image\":{\"@id\":\"https:\/\/bpf.flaw.uniba.sk\/#\/schema\/logo\/image\/\"}}]}<\/script>\n<!-- \/ Yoast SEO plugin. -->","yoast_head_json":{"title":"Pokyny k pr\u00edspevku - BPF","robots":{"index":"index","follow":"follow","max-snippet":"max-snippet:-1","max-image-preview":"max-image-preview:large","max-video-preview":"max-video-preview:-1"},"canonical":"https:\/\/bpf.flaw.uniba.sk\/en\/pokyny-k-prispevku\/","og_locale":"en_US","og_type":"article","og_title":"Pokyny k pr\u00edspevku - BPF","og_description":"TERM\u00cdN NA ZASLANIE KOMPLETN\u00c9HO PR\u00cdSPEVKU: do 27. 9. 2026 (nede\u013ea). Organiz\u00e1tor si vyhradzuje pr\u00e1vo zru\u0161i\u0165 \u00fa\u010das\u0165 registrovan\u00e9ho \u00fa\u010dastn\u00edka z kapacitn\u00fdch d\u00f4vodov. Form\u00e1lna \u00faprava pr\u00edspevku pod\u013ea \u0161abl\u00f3ny pr\u00edspevku zverejnenej ni\u017e\u0161ie. Pr\u00edspevky, ktor\u00e9 nebud\u00fa sp\u013a\u0148a\u0165 po form\u00e1lnej str\u00e1nke n\u00e1le\u017eitosti pod\u013ea \u0161abl\u00f3ny, nebud\u00fa zaraden\u00e9 do recenzn\u00e9ho konania a nebud\u00fa publikovan\u00e9 v&nbsp;zborn\u00edku konferencie. Registr\u00e1ciou na konferenciu \u00fa\u010dastn\u00edk s\u00fahlas\u00ed, \u017ee [&hellip;]","og_url":"https:\/\/bpf.flaw.uniba.sk\/en\/pokyny-k-prispevku\/","og_site_name":"BPF","article_modified_time":"2026-03-24T13:43:50+00:00","twitter_card":"summary_large_image","twitter_misc":{"Est. reading time":"1 minute"},"schema":{"@context":"https:\/\/schema.org","@graph":[{"@type":"WebPage","@id":"https:\/\/bpf.flaw.uniba.sk\/pokyny-k-prispevku\/","url":"https:\/\/bpf.flaw.uniba.sk\/pokyny-k-prispevku\/","name":"Pokyny k pr\u00edspevku - BPF","isPartOf":{"@id":"https:\/\/bpf.flaw.uniba.sk\/#website"},"datePublished":"2021-02-04T08:37:33+00:00","dateModified":"2026-03-24T13:43:50+00:00","breadcrumb":{"@id":"https:\/\/bpf.flaw.uniba.sk\/pokyny-k-prispevku\/#breadcrumb"},"inLanguage":"en-US","potentialAction":[{"@type":"ReadAction","target":["https:\/\/bpf.flaw.uniba.sk\/pokyny-k-prispevku\/"]}]},{"@type":"BreadcrumbList","@id":"https:\/\/bpf.flaw.uniba.sk\/pokyny-k-prispevku\/#breadcrumb","itemListElement":[{"@type":"ListItem","position":1,"name":"Home","item":"https:\/\/bpf.flaw.uniba.sk\/"},{"@type":"ListItem","position":2,"name":"Pokyny k pr\u00edspevku"}]},{"@type":"WebSite","@id":"https:\/\/bpf.flaw.uniba.sk\/#website","url":"https:\/\/bpf.flaw.uniba.sk\/","name":"BLF","description":"","publisher":{"@id":"https:\/\/bpf.flaw.uniba.sk\/#organization"},"potentialAction":[{"@type":"SearchAction","target":{"@type":"EntryPoint","urlTemplate":"https:\/\/bpf.flaw.uniba.sk\/?s={search_term_string}"},"query-input":{"@type":"PropertyValueSpecification","valueRequired":true,"valueName":"search_term_string"}}],"inLanguage":"en-US"},{"@type":"Organization","@id":"https:\/\/bpf.flaw.uniba.sk\/#organization","name":"BLF","url":"https:\/\/bpf.flaw.uniba.sk\/","logo":{"@type":"ImageObject","inLanguage":"en-US","@id":"https:\/\/bpf.flaw.uniba.sk\/#\/schema\/logo\/image\/","url":"https:\/\/bpf.flaw.uniba.sk\/wp-content\/uploads\/2026\/02\/sj-bpf-biele-scaled.png","contentUrl":"https:\/\/bpf.flaw.uniba.sk\/wp-content\/uploads\/2026\/02\/sj-bpf-biele-scaled.png","width":2560,"height":863,"caption":"BPF"},"image":{"@id":"https:\/\/bpf.flaw.uniba.sk\/#\/schema\/logo\/image\/"}}]}},"_links":{"self":[{"href":"https:\/\/bpf.flaw.uniba.sk\/en\/wp-json\/wp\/v2\/pages\/46","targetHints":{"allow":["GET"]}}],"collection":[{"href":"https:\/\/bpf.flaw.uniba.sk\/en\/wp-json\/wp\/v2\/pages"}],"about":[{"href":"https:\/\/bpf.flaw.uniba.sk\/en\/wp-json\/wp\/v2\/types\/page"}],"author":[{"embeddable":true,"href":"https:\/\/bpf.flaw.uniba.sk\/en\/wp-json\/wp\/v2\/users\/2"}],"replies":[{"embeddable":true,"href":"https:\/\/bpf.flaw.uniba.sk\/en\/wp-json\/wp\/v2\/comments?post=46"}],"version-history":[{"count":58,"href":"https:\/\/bpf.flaw.uniba.sk\/en\/wp-json\/wp\/v2\/pages\/46\/revisions"}],"predecessor-version":[{"id":2801,"href":"https:\/\/bpf.flaw.uniba.sk\/en\/wp-json\/wp\/v2\/pages\/46\/revisions\/2801"}],"wp:attachment":[{"href":"https:\/\/bpf.flaw.uniba.sk\/en\/wp-json\/wp\/v2\/media?parent=46"}],"curies":[{"name":"wp","href":"https:\/\/api.w.org\/{rel}","templated":true}]}}