{"id":564,"date":"2022-07-15T09:41:02","date_gmt":"2022-07-15T07:41:02","guid":{"rendered":"https:\/\/bpf.flaw.uniba.sk\/?page_id=564"},"modified":"2026-02-11T14:08:44","modified_gmt":"2026-02-11T13:08:44","slug":"sekcia-cudzojazycnej-pravnej-komunikacie","status":"publish","type":"page","link":"https:\/\/bpf.flaw.uniba.sk\/en\/sekcia-cudzojazycnej-pravnej-komunikacie\/","title":{"rendered":"Section of Legal Communication in Foreign Languages"},"content":{"rendered":"<h2 class=\"wp-block-heading alignwide has-text-align-center\">Current Challenges and Perspectives of Legal Communication in Foreign Languages<\/h2>\n\n\n\n<p class=\"has-drop-cap\">The conference section \u201cCurrent Challenges and Perspectives of Legal Communication in Foreign Languages\u201d addresses various linguistic and pedagogical issues faced by contemporary educators engaged in legal communication across languages. In an era marked by globalisation of legal frameworks the ability to accurately interpret, teach, and translate legal discourse has become increasingly vital. The section welcomes contributions that focus primarily, though not exclusively, on current issues in legal terminology and their practical solutions, the interpretation of culturally bound legal concepts, and the challenges of ensuring accuracy and equivalence in multilingual legal communication, while simultaneously fostering the development of professional communicative competence in law-related domains.<\/p>\n\n\n\n<p><strong>Guarantors of the section:<\/strong><\/p>\n\n\n\n<p>JUDr. Mgr. Iva Dud\u00e1\u0161ov\u00e1, PhD.<\/p>\n\n\n\n<p>Mgr. Sylvia Mi\u010d\u00edkov\u00e1, PhD.<\/p>","protected":false},"excerpt":{"rendered":"<p>Aktu\u00e1lne v\u00fdzvy a perspekt\u00edvy pr\u00e1vnej komunik\u00e1cie v cudz\u00edch jazykoch Sekcia konferencie \u201eAktu\u00e1lne v\u00fdzvy a perspekt\u00edvy pr\u00e1vnej komunik\u00e1cie v cudz\u00edch jazykoch\u201c sa zaober\u00e1 r\u00f4znymi lingvistick\u00fdmi a pedagogick\u00fdmi probl\u00e9mami, ktor\u00fdm \u010delia s\u00fa\u010dasn\u00ed pedag\u00f3govia a vedeck\u00ed pracovn\u00edci p\u00f4sobiaci v oblasti pr\u00e1vnej komunik\u00e1cie v cudz\u00edch jazykoch. V \u00e9re globaliz\u00e1cie pr\u00e1vnych r\u00e1mcov sa schopnos\u0165 presne interpretova\u0165, vyu\u010dova\u0165 a preklada\u0165 pr\u00e1vny [&hellip;]<\/p>\n","protected":false},"author":2,"featured_media":0,"parent":0,"menu_order":0,"comment_status":"closed","ping_status":"closed","template":"","meta":{"ngg_post_thumbnail":0,"footnotes":""},"class_list":["post-564","page","type-page","status-publish","hentry"],"yoast_head":"<!-- This site is optimized with the Yoast SEO plugin v27.2 - https:\/\/yoast.com\/product\/yoast-seo-wordpress\/ -->\n<title>Sekcia cudzojazy\u010dnej pr\u00e1vnej komunik\u00e1cie - BPF<\/title>\n<meta name=\"robots\" content=\"index, follow, max-snippet:-1, max-image-preview:large, max-video-preview:-1\" \/>\n<link rel=\"canonical\" href=\"https:\/\/bpf.flaw.uniba.sk\/en\/sekcia-cudzojazycnej-pravnej-komunikacie\/\" \/>\n<meta property=\"og:locale\" content=\"en_US\" \/>\n<meta property=\"og:type\" content=\"article\" \/>\n<meta property=\"og:title\" content=\"Sekcia cudzojazy\u010dnej pr\u00e1vnej komunik\u00e1cie - BPF\" \/>\n<meta property=\"og:description\" content=\"Aktu\u00e1lne v\u00fdzvy a perspekt\u00edvy pr\u00e1vnej komunik\u00e1cie v cudz\u00edch jazykoch Sekcia konferencie \u201eAktu\u00e1lne v\u00fdzvy a perspekt\u00edvy pr\u00e1vnej komunik\u00e1cie v cudz\u00edch jazykoch\u201c sa zaober\u00e1 r\u00f4znymi lingvistick\u00fdmi a pedagogick\u00fdmi probl\u00e9mami, ktor\u00fdm \u010delia s\u00fa\u010dasn\u00ed pedag\u00f3govia a vedeck\u00ed pracovn\u00edci p\u00f4sobiaci v oblasti pr\u00e1vnej komunik\u00e1cie v cudz\u00edch jazykoch. V \u00e9re globaliz\u00e1cie pr\u00e1vnych r\u00e1mcov sa schopnos\u0165 presne interpretova\u0165, vyu\u010dova\u0165 a preklada\u0165 pr\u00e1vny [&hellip;]\" \/>\n<meta property=\"og:url\" content=\"https:\/\/bpf.flaw.uniba.sk\/en\/sekcia-cudzojazycnej-pravnej-komunikacie\/\" \/>\n<meta property=\"og:site_name\" content=\"BPF\" \/>\n<meta property=\"article:modified_time\" content=\"2026-02-11T13:08:44+00:00\" \/>\n<meta name=\"twitter:card\" content=\"summary_large_image\" \/>\n<meta name=\"twitter:label1\" content=\"Est. reading time\" \/>\n\t<meta name=\"twitter:data1\" content=\"1 minute\" \/>\n<script type=\"application\/ld+json\" class=\"yoast-schema-graph\">{\"@context\":\"https:\/\/schema.org\",\"@graph\":[{\"@type\":\"WebPage\",\"@id\":\"https:\/\/bpf.flaw.uniba.sk\/sekcia-cudzojazycnej-pravnej-komunikacie\/\",\"url\":\"https:\/\/bpf.flaw.uniba.sk\/sekcia-cudzojazycnej-pravnej-komunikacie\/\",\"name\":\"Sekcia cudzojazy\u010dnej pr\u00e1vnej komunik\u00e1cie - BPF\",\"isPartOf\":{\"@id\":\"https:\/\/bpf.flaw.uniba.sk\/#website\"},\"datePublished\":\"2022-07-15T07:41:02+00:00\",\"dateModified\":\"2026-02-11T13:08:44+00:00\",\"breadcrumb\":{\"@id\":\"https:\/\/bpf.flaw.uniba.sk\/sekcia-cudzojazycnej-pravnej-komunikacie\/#breadcrumb\"},\"inLanguage\":\"en-US\",\"potentialAction\":[{\"@type\":\"ReadAction\",\"target\":[\"https:\/\/bpf.flaw.uniba.sk\/sekcia-cudzojazycnej-pravnej-komunikacie\/\"]}]},{\"@type\":\"BreadcrumbList\",\"@id\":\"https:\/\/bpf.flaw.uniba.sk\/sekcia-cudzojazycnej-pravnej-komunikacie\/#breadcrumb\",\"itemListElement\":[{\"@type\":\"ListItem\",\"position\":1,\"name\":\"Home\",\"item\":\"https:\/\/bpf.flaw.uniba.sk\/\"},{\"@type\":\"ListItem\",\"position\":2,\"name\":\"Sekcia cudzojazy\u010dnej pr\u00e1vnej komunik\u00e1cie\"}]},{\"@type\":\"WebSite\",\"@id\":\"https:\/\/bpf.flaw.uniba.sk\/#website\",\"url\":\"https:\/\/bpf.flaw.uniba.sk\/\",\"name\":\"BPF\",\"description\":\"\",\"publisher\":{\"@id\":\"https:\/\/bpf.flaw.uniba.sk\/#organization\"},\"potentialAction\":[{\"@type\":\"SearchAction\",\"target\":{\"@type\":\"EntryPoint\",\"urlTemplate\":\"https:\/\/bpf.flaw.uniba.sk\/?s={search_term_string}\"},\"query-input\":{\"@type\":\"PropertyValueSpecification\",\"valueRequired\":true,\"valueName\":\"search_term_string\"}}],\"inLanguage\":\"en-US\"},{\"@type\":\"Organization\",\"@id\":\"https:\/\/bpf.flaw.uniba.sk\/#organization\",\"name\":\"BPF\",\"url\":\"https:\/\/bpf.flaw.uniba.sk\/\",\"logo\":{\"@type\":\"ImageObject\",\"inLanguage\":\"en-US\",\"@id\":\"https:\/\/bpf.flaw.uniba.sk\/#\/schema\/logo\/image\/\",\"url\":\"https:\/\/bpf.flaw.uniba.sk\/wp-content\/uploads\/2026\/02\/sj-bpf-biele-scaled.png\",\"contentUrl\":\"https:\/\/bpf.flaw.uniba.sk\/wp-content\/uploads\/2026\/02\/sj-bpf-biele-scaled.png\",\"width\":2560,\"height\":863,\"caption\":\"BPF\"},\"image\":{\"@id\":\"https:\/\/bpf.flaw.uniba.sk\/#\/schema\/logo\/image\/\"}}]}<\/script>\n<!-- \/ Yoast SEO plugin. -->","yoast_head_json":{"title":"Sekcia cudzojazy\u010dnej pr\u00e1vnej komunik\u00e1cie - BPF","robots":{"index":"index","follow":"follow","max-snippet":"max-snippet:-1","max-image-preview":"max-image-preview:large","max-video-preview":"max-video-preview:-1"},"canonical":"https:\/\/bpf.flaw.uniba.sk\/en\/sekcia-cudzojazycnej-pravnej-komunikacie\/","og_locale":"en_US","og_type":"article","og_title":"Sekcia cudzojazy\u010dnej pr\u00e1vnej komunik\u00e1cie - BPF","og_description":"Aktu\u00e1lne v\u00fdzvy a perspekt\u00edvy pr\u00e1vnej komunik\u00e1cie v cudz\u00edch jazykoch Sekcia konferencie \u201eAktu\u00e1lne v\u00fdzvy a perspekt\u00edvy pr\u00e1vnej komunik\u00e1cie v cudz\u00edch jazykoch\u201c sa zaober\u00e1 r\u00f4znymi lingvistick\u00fdmi a pedagogick\u00fdmi probl\u00e9mami, ktor\u00fdm \u010delia s\u00fa\u010dasn\u00ed pedag\u00f3govia a vedeck\u00ed pracovn\u00edci p\u00f4sobiaci v oblasti pr\u00e1vnej komunik\u00e1cie v cudz\u00edch jazykoch. V \u00e9re globaliz\u00e1cie pr\u00e1vnych r\u00e1mcov sa schopnos\u0165 presne interpretova\u0165, vyu\u010dova\u0165 a preklada\u0165 pr\u00e1vny [&hellip;]","og_url":"https:\/\/bpf.flaw.uniba.sk\/en\/sekcia-cudzojazycnej-pravnej-komunikacie\/","og_site_name":"BPF","article_modified_time":"2026-02-11T13:08:44+00:00","twitter_card":"summary_large_image","twitter_misc":{"Est. reading time":"1 minute"},"schema":{"@context":"https:\/\/schema.org","@graph":[{"@type":"WebPage","@id":"https:\/\/bpf.flaw.uniba.sk\/sekcia-cudzojazycnej-pravnej-komunikacie\/","url":"https:\/\/bpf.flaw.uniba.sk\/sekcia-cudzojazycnej-pravnej-komunikacie\/","name":"Sekcia cudzojazy\u010dnej pr\u00e1vnej komunik\u00e1cie - BPF","isPartOf":{"@id":"https:\/\/bpf.flaw.uniba.sk\/#website"},"datePublished":"2022-07-15T07:41:02+00:00","dateModified":"2026-02-11T13:08:44+00:00","breadcrumb":{"@id":"https:\/\/bpf.flaw.uniba.sk\/sekcia-cudzojazycnej-pravnej-komunikacie\/#breadcrumb"},"inLanguage":"en-US","potentialAction":[{"@type":"ReadAction","target":["https:\/\/bpf.flaw.uniba.sk\/sekcia-cudzojazycnej-pravnej-komunikacie\/"]}]},{"@type":"BreadcrumbList","@id":"https:\/\/bpf.flaw.uniba.sk\/sekcia-cudzojazycnej-pravnej-komunikacie\/#breadcrumb","itemListElement":[{"@type":"ListItem","position":1,"name":"Home","item":"https:\/\/bpf.flaw.uniba.sk\/"},{"@type":"ListItem","position":2,"name":"Sekcia cudzojazy\u010dnej pr\u00e1vnej komunik\u00e1cie"}]},{"@type":"WebSite","@id":"https:\/\/bpf.flaw.uniba.sk\/#website","url":"https:\/\/bpf.flaw.uniba.sk\/","name":"BLF","description":"","publisher":{"@id":"https:\/\/bpf.flaw.uniba.sk\/#organization"},"potentialAction":[{"@type":"SearchAction","target":{"@type":"EntryPoint","urlTemplate":"https:\/\/bpf.flaw.uniba.sk\/?s={search_term_string}"},"query-input":{"@type":"PropertyValueSpecification","valueRequired":true,"valueName":"search_term_string"}}],"inLanguage":"en-US"},{"@type":"Organization","@id":"https:\/\/bpf.flaw.uniba.sk\/#organization","name":"BLF","url":"https:\/\/bpf.flaw.uniba.sk\/","logo":{"@type":"ImageObject","inLanguage":"en-US","@id":"https:\/\/bpf.flaw.uniba.sk\/#\/schema\/logo\/image\/","url":"https:\/\/bpf.flaw.uniba.sk\/wp-content\/uploads\/2026\/02\/sj-bpf-biele-scaled.png","contentUrl":"https:\/\/bpf.flaw.uniba.sk\/wp-content\/uploads\/2026\/02\/sj-bpf-biele-scaled.png","width":2560,"height":863,"caption":"BPF"},"image":{"@id":"https:\/\/bpf.flaw.uniba.sk\/#\/schema\/logo\/image\/"}}]}},"_links":{"self":[{"href":"https:\/\/bpf.flaw.uniba.sk\/en\/wp-json\/wp\/v2\/pages\/564","targetHints":{"allow":["GET"]}}],"collection":[{"href":"https:\/\/bpf.flaw.uniba.sk\/en\/wp-json\/wp\/v2\/pages"}],"about":[{"href":"https:\/\/bpf.flaw.uniba.sk\/en\/wp-json\/wp\/v2\/types\/page"}],"author":[{"embeddable":true,"href":"https:\/\/bpf.flaw.uniba.sk\/en\/wp-json\/wp\/v2\/users\/2"}],"replies":[{"embeddable":true,"href":"https:\/\/bpf.flaw.uniba.sk\/en\/wp-json\/wp\/v2\/comments?post=564"}],"version-history":[{"count":13,"href":"https:\/\/bpf.flaw.uniba.sk\/en\/wp-json\/wp\/v2\/pages\/564\/revisions"}],"predecessor-version":[{"id":2714,"href":"https:\/\/bpf.flaw.uniba.sk\/en\/wp-json\/wp\/v2\/pages\/564\/revisions\/2714"}],"wp:attachment":[{"href":"https:\/\/bpf.flaw.uniba.sk\/en\/wp-json\/wp\/v2\/media?parent=564"}],"curies":[{"name":"wp","href":"https:\/\/api.w.org\/{rel}","templated":true}]}}