{"id":878,"date":"2023-08-16T12:15:59","date_gmt":"2023-08-16T10:15:59","guid":{"rendered":"https:\/\/bpf.flaw.uniba.sk\/?page_id=878"},"modified":"2026-02-05T12:21:27","modified_gmt":"2026-02-05T11:21:27","slug":"plenarne-zasadnutie","status":"publish","type":"page","link":"https:\/\/bpf.flaw.uniba.sk\/en\/plenarne-zasadnutie\/","title":{"rendered":"Plenary session"},"content":{"rendered":"<p class=\"has-text-align-center\"><em>We are constantly updating the program of the plenary session. Program change reserved.<\/em><\/p>\n\n\n\n<h2 class=\"wp-block-heading has-text-align-center\">17 September 2026 (Thursday) in the Hall of Comenius University<\/h2>\n\n\n\n<p class=\"has-text-align-center\">The central theme of the plenary session: <\/p>\n\n\n\n<h2 class=\"wp-block-heading alignwide has-text-align-center\"><strong><strong><strong>Sustainability of Business Activity in the EU in the Context of Environmental Protection<\/strong><\/strong><\/strong><\/h2>\n\n\n\n<p class=\"has-text-align-center\"><strong>9.00 \u2013 13.00<\/strong><\/p>\n\n\n\n<p class=\"has-text-align-center\"><strong>Plenary session<\/strong>&nbsp;\u2013 Panel discussion<\/p>\n\n\n\n<p class=\"has-text-align-center\"><strong>13.00 \u2013 14.00<\/strong><\/p>\n\n\n\n<p class=\"has-text-align-center\"><strong>Lunch<\/strong><\/p>\n\n\n\n<p class=\"has-text-align-center\"><strong>18.00<\/strong><\/p>\n\n\n\n<p class=\"has-text-align-center\"><strong>Gala reception<\/strong><\/p>\n\n\n\n<hr class=\"wp-block-separator has-alpha-channel-opacity\"\/>\n\n\n\n<p class=\"has-text-align-center\"><em>By registering for the conference, the participant agrees that an audiovisual recording may be made of the event, which may be used for promotional purposes by the event organizer, including publication on the website, social media, and other communication channels. If the participant does not agree to the recording, they are required to inform the event organizers of this fact.<\/em><\/p>","protected":false},"excerpt":{"rendered":"<p>Program plen\u00e1rneho zasadnutia priebe\u017ene dop\u013a\u0148ame. Zmena programu vyhraden\u00e1. 17. september 2026 (\u0161tvrtok) v Aule UK \u00dastredn\u00e1 t\u00e9ma plen\u00e1rneho zasadnutia: Udr\u017eate\u013enos\u0165 podnikate\u013eskej \u010dinnosti v E\u00da v kontexte ochrany \u017eivotn\u00e9ho prostredia 9.00 \u2013 13.00 Plen\u00e1rne zasadnutie&nbsp;\u2013 Panelov\u00e1 diskusia 13.00 \u2013 14.00 Obed 18.00 Sl\u00e1vnostn\u00e1 recepcia Registr\u00e1ciou na konferenciu \u00fa\u010dastn\u00edk s\u00fahlas\u00ed, \u017ee z konferencie m\u00f4\u017ee by\u0165 vyhotoven\u00fd audiovizu\u00e1lny [&hellip;]<\/p>\n","protected":false},"author":2,"featured_media":0,"parent":0,"menu_order":0,"comment_status":"closed","ping_status":"closed","template":"templates\/template-full-width.php","meta":{"ngg_post_thumbnail":0,"footnotes":"[]"},"class_list":["post-878","page","type-page","status-publish","hentry"],"yoast_head":"<!-- This site is optimized with the Yoast SEO plugin v27.2 - https:\/\/yoast.com\/product\/yoast-seo-wordpress\/ -->\n<title>Plen\u00e1rne zasadnutie - BPF<\/title>\n<meta name=\"robots\" content=\"index, follow, max-snippet:-1, max-image-preview:large, max-video-preview:-1\" \/>\n<link rel=\"canonical\" href=\"https:\/\/bpf.flaw.uniba.sk\/en\/plenarne-zasadnutie\/\" \/>\n<meta property=\"og:locale\" content=\"en_US\" \/>\n<meta property=\"og:type\" content=\"article\" \/>\n<meta property=\"og:title\" content=\"Plen\u00e1rne zasadnutie - BPF\" \/>\n<meta property=\"og:description\" content=\"Program plen\u00e1rneho zasadnutia priebe\u017ene dop\u013a\u0148ame. Zmena programu vyhraden\u00e1. 17. september 2026 (\u0161tvrtok) v Aule UK \u00dastredn\u00e1 t\u00e9ma plen\u00e1rneho zasadnutia: Udr\u017eate\u013enos\u0165 podnikate\u013eskej \u010dinnosti v E\u00da v kontexte ochrany \u017eivotn\u00e9ho prostredia 9.00 \u2013 13.00 Plen\u00e1rne zasadnutie&nbsp;\u2013 Panelov\u00e1 diskusia 13.00 \u2013 14.00 Obed 18.00 Sl\u00e1vnostn\u00e1 recepcia Registr\u00e1ciou na konferenciu \u00fa\u010dastn\u00edk s\u00fahlas\u00ed, \u017ee z konferencie m\u00f4\u017ee by\u0165 vyhotoven\u00fd audiovizu\u00e1lny [&hellip;]\" \/>\n<meta property=\"og:url\" content=\"https:\/\/bpf.flaw.uniba.sk\/en\/plenarne-zasadnutie\/\" \/>\n<meta property=\"og:site_name\" content=\"BPF\" \/>\n<meta property=\"article:modified_time\" content=\"2026-02-05T11:21:27+00:00\" \/>\n<meta name=\"twitter:card\" content=\"summary_large_image\" \/>\n<meta name=\"twitter:label1\" content=\"Est. reading time\" \/>\n\t<meta name=\"twitter:data1\" content=\"1 minute\" \/>\n<script type=\"application\/ld+json\" class=\"yoast-schema-graph\">{\"@context\":\"https:\/\/schema.org\",\"@graph\":[{\"@type\":\"WebPage\",\"@id\":\"https:\/\/bpf.flaw.uniba.sk\/plenarne-zasadnutie\/\",\"url\":\"https:\/\/bpf.flaw.uniba.sk\/plenarne-zasadnutie\/\",\"name\":\"Plen\u00e1rne zasadnutie - BPF\",\"isPartOf\":{\"@id\":\"https:\/\/bpf.flaw.uniba.sk\/#website\"},\"datePublished\":\"2023-08-16T10:15:59+00:00\",\"dateModified\":\"2026-02-05T11:21:27+00:00\",\"breadcrumb\":{\"@id\":\"https:\/\/bpf.flaw.uniba.sk\/plenarne-zasadnutie\/#breadcrumb\"},\"inLanguage\":\"en-US\",\"potentialAction\":[{\"@type\":\"ReadAction\",\"target\":[\"https:\/\/bpf.flaw.uniba.sk\/plenarne-zasadnutie\/\"]}]},{\"@type\":\"BreadcrumbList\",\"@id\":\"https:\/\/bpf.flaw.uniba.sk\/plenarne-zasadnutie\/#breadcrumb\",\"itemListElement\":[{\"@type\":\"ListItem\",\"position\":1,\"name\":\"Home\",\"item\":\"https:\/\/bpf.flaw.uniba.sk\/\"},{\"@type\":\"ListItem\",\"position\":2,\"name\":\"Plen\u00e1rne zasadnutie\"}]},{\"@type\":\"WebSite\",\"@id\":\"https:\/\/bpf.flaw.uniba.sk\/#website\",\"url\":\"https:\/\/bpf.flaw.uniba.sk\/\",\"name\":\"BPF\",\"description\":\"\",\"publisher\":{\"@id\":\"https:\/\/bpf.flaw.uniba.sk\/#organization\"},\"potentialAction\":[{\"@type\":\"SearchAction\",\"target\":{\"@type\":\"EntryPoint\",\"urlTemplate\":\"https:\/\/bpf.flaw.uniba.sk\/?s={search_term_string}\"},\"query-input\":{\"@type\":\"PropertyValueSpecification\",\"valueRequired\":true,\"valueName\":\"search_term_string\"}}],\"inLanguage\":\"en-US\"},{\"@type\":\"Organization\",\"@id\":\"https:\/\/bpf.flaw.uniba.sk\/#organization\",\"name\":\"BPF\",\"url\":\"https:\/\/bpf.flaw.uniba.sk\/\",\"logo\":{\"@type\":\"ImageObject\",\"inLanguage\":\"en-US\",\"@id\":\"https:\/\/bpf.flaw.uniba.sk\/#\/schema\/logo\/image\/\",\"url\":\"https:\/\/bpf.flaw.uniba.sk\/wp-content\/uploads\/2026\/02\/sj-bpf-biele-scaled.png\",\"contentUrl\":\"https:\/\/bpf.flaw.uniba.sk\/wp-content\/uploads\/2026\/02\/sj-bpf-biele-scaled.png\",\"width\":2560,\"height\":863,\"caption\":\"BPF\"},\"image\":{\"@id\":\"https:\/\/bpf.flaw.uniba.sk\/#\/schema\/logo\/image\/\"}}]}<\/script>\n<!-- \/ Yoast SEO plugin. -->","yoast_head_json":{"title":"Plen\u00e1rne zasadnutie - BPF","robots":{"index":"index","follow":"follow","max-snippet":"max-snippet:-1","max-image-preview":"max-image-preview:large","max-video-preview":"max-video-preview:-1"},"canonical":"https:\/\/bpf.flaw.uniba.sk\/en\/plenarne-zasadnutie\/","og_locale":"en_US","og_type":"article","og_title":"Plen\u00e1rne zasadnutie - BPF","og_description":"Program plen\u00e1rneho zasadnutia priebe\u017ene dop\u013a\u0148ame. Zmena programu vyhraden\u00e1. 17. september 2026 (\u0161tvrtok) v Aule UK \u00dastredn\u00e1 t\u00e9ma plen\u00e1rneho zasadnutia: Udr\u017eate\u013enos\u0165 podnikate\u013eskej \u010dinnosti v E\u00da v kontexte ochrany \u017eivotn\u00e9ho prostredia 9.00 \u2013 13.00 Plen\u00e1rne zasadnutie&nbsp;\u2013 Panelov\u00e1 diskusia 13.00 \u2013 14.00 Obed 18.00 Sl\u00e1vnostn\u00e1 recepcia Registr\u00e1ciou na konferenciu \u00fa\u010dastn\u00edk s\u00fahlas\u00ed, \u017ee z konferencie m\u00f4\u017ee by\u0165 vyhotoven\u00fd audiovizu\u00e1lny [&hellip;]","og_url":"https:\/\/bpf.flaw.uniba.sk\/en\/plenarne-zasadnutie\/","og_site_name":"BPF","article_modified_time":"2026-02-05T11:21:27+00:00","twitter_card":"summary_large_image","twitter_misc":{"Est. reading time":"1 minute"},"schema":{"@context":"https:\/\/schema.org","@graph":[{"@type":"WebPage","@id":"https:\/\/bpf.flaw.uniba.sk\/plenarne-zasadnutie\/","url":"https:\/\/bpf.flaw.uniba.sk\/plenarne-zasadnutie\/","name":"Plen\u00e1rne zasadnutie - BPF","isPartOf":{"@id":"https:\/\/bpf.flaw.uniba.sk\/#website"},"datePublished":"2023-08-16T10:15:59+00:00","dateModified":"2026-02-05T11:21:27+00:00","breadcrumb":{"@id":"https:\/\/bpf.flaw.uniba.sk\/plenarne-zasadnutie\/#breadcrumb"},"inLanguage":"en-US","potentialAction":[{"@type":"ReadAction","target":["https:\/\/bpf.flaw.uniba.sk\/plenarne-zasadnutie\/"]}]},{"@type":"BreadcrumbList","@id":"https:\/\/bpf.flaw.uniba.sk\/plenarne-zasadnutie\/#breadcrumb","itemListElement":[{"@type":"ListItem","position":1,"name":"Home","item":"https:\/\/bpf.flaw.uniba.sk\/"},{"@type":"ListItem","position":2,"name":"Plen\u00e1rne zasadnutie"}]},{"@type":"WebSite","@id":"https:\/\/bpf.flaw.uniba.sk\/#website","url":"https:\/\/bpf.flaw.uniba.sk\/","name":"BLF","description":"","publisher":{"@id":"https:\/\/bpf.flaw.uniba.sk\/#organization"},"potentialAction":[{"@type":"SearchAction","target":{"@type":"EntryPoint","urlTemplate":"https:\/\/bpf.flaw.uniba.sk\/?s={search_term_string}"},"query-input":{"@type":"PropertyValueSpecification","valueRequired":true,"valueName":"search_term_string"}}],"inLanguage":"en-US"},{"@type":"Organization","@id":"https:\/\/bpf.flaw.uniba.sk\/#organization","name":"BLF","url":"https:\/\/bpf.flaw.uniba.sk\/","logo":{"@type":"ImageObject","inLanguage":"en-US","@id":"https:\/\/bpf.flaw.uniba.sk\/#\/schema\/logo\/image\/","url":"https:\/\/bpf.flaw.uniba.sk\/wp-content\/uploads\/2026\/02\/sj-bpf-biele-scaled.png","contentUrl":"https:\/\/bpf.flaw.uniba.sk\/wp-content\/uploads\/2026\/02\/sj-bpf-biele-scaled.png","width":2560,"height":863,"caption":"BPF"},"image":{"@id":"https:\/\/bpf.flaw.uniba.sk\/#\/schema\/logo\/image\/"}}]}},"_links":{"self":[{"href":"https:\/\/bpf.flaw.uniba.sk\/en\/wp-json\/wp\/v2\/pages\/878","targetHints":{"allow":["GET"]}}],"collection":[{"href":"https:\/\/bpf.flaw.uniba.sk\/en\/wp-json\/wp\/v2\/pages"}],"about":[{"href":"https:\/\/bpf.flaw.uniba.sk\/en\/wp-json\/wp\/v2\/types\/page"}],"author":[{"embeddable":true,"href":"https:\/\/bpf.flaw.uniba.sk\/en\/wp-json\/wp\/v2\/users\/2"}],"replies":[{"embeddable":true,"href":"https:\/\/bpf.flaw.uniba.sk\/en\/wp-json\/wp\/v2\/comments?post=878"}],"version-history":[{"count":149,"href":"https:\/\/bpf.flaw.uniba.sk\/en\/wp-json\/wp\/v2\/pages\/878\/revisions"}],"predecessor-version":[{"id":2636,"href":"https:\/\/bpf.flaw.uniba.sk\/en\/wp-json\/wp\/v2\/pages\/878\/revisions\/2636"}],"wp:attachment":[{"href":"https:\/\/bpf.flaw.uniba.sk\/en\/wp-json\/wp\/v2\/media?parent=878"}],"curies":[{"name":"wp","href":"https:\/\/api.w.org\/{rel}","templated":true}]}}